{"id":1916,"date":"2016-07-19T02:02:17","date_gmt":"2016-07-19T00:02:17","guid":{"rendered":"http:\/\/www.sldn-consulting.com\/cyn\/?page_id=1916"},"modified":"2022-10-01T21:12:32","modified_gmt":"2022-10-01T19:12:32","slug":"contact","status":"publish","type":"page","link":"https:\/\/www.cyn91.fr\/index.php\/contact\/","title":{"rendered":"CONTACT"},"content":{"rendered":"<p>[vc_row][vc_column width=&#8221;1\/2&#8243;]<div class='icon icon-left'><div class='icon-header'><div class='icon-media'><i class='fa '><\/i><\/div><h3 class='icon-title text-uppercase'><\/h3><\/div><p><\/p><\/div><table class='info-table'><\/tbody><tr class='info-table-row'><th class='info-table-icon'><i class='fa fa fa-home'><\/i><\/th><td class='info-table-content'>Club Yerrois de Natation<\/td><\/tr><tr class='info-table-row'><th class='info-table-icon'><i class='fa '><\/i><\/th><td class='info-table-content'>07 81 73 34 51<\/td><\/tr><tr class='info-table-row'><th class='info-table-icon'><i class='fa fa fa-envelope'><\/i><\/th><td class='info-table-content'>information@cyn91.fr<\/td><\/tr><tr class='info-table-row'><th class='info-table-icon'><i class='fa fa fa-map-marker'><\/i><\/th><td class='info-table-content'>Piscine Espace Val de Forme2 rue Pierre de Coubertin &#8211; 91330 YERRES<\/td><\/tr><tr class='info-table-row'><th class='info-table-icon'><i class='fa fa fa-globe'><\/i><\/th><td class='info-table-content'>Coordonn\u00e9es GPS : 48.71397\u00b0, 2.479176\u00b0<\/td><\/tr><tr class='info-table-row'><th class='info-table-icon'><i class='fa fa fa-bus'><\/i><\/th><td class='info-table-content'>Ligne X \u2013 arr\u00eat L\u00e9thumi\u00e8re ou Lyc\u00e9e Professionnel<\/td><\/tr><tr class='info-table-row'><th class='info-table-icon'><i class='fa fa fa-train'><\/i><\/th><td class='info-table-content'>Gare de Yerres (RER D)<\/td><\/tr><\/table><\/tbody>[\/vc_column][vc_column width=&#8221;1\/2&#8243;][vc_empty_space height=&#8221;20px&#8221;]<div role=\"form\" class=\"wpcf7\" id=\"wpcf7-f15428-o1\" lang=\"fr-FR\" dir=\"ltr\">\n<div class=\"screen-reader-response\"><p role=\"status\" aria-live=\"polite\" aria-atomic=\"true\"><\/p> <ul><\/ul><\/div>\n<form action=\"\/index.php\/wp-json\/wp\/v2\/pages\/1916#wpcf7-f15428-o1\" method=\"post\" class=\"wpcf7-form init\" novalidate=\"novalidate\" data-status=\"init\">\n<div style=\"display: none;\">\n<input type=\"hidden\" name=\"_wpcf7\" value=\"15428\" \/>\n<input type=\"hidden\" name=\"_wpcf7_version\" value=\"5.4.2\" \/>\n<input type=\"hidden\" name=\"_wpcf7_locale\" value=\"fr_FR\" \/>\n<input type=\"hidden\" name=\"_wpcf7_unit_tag\" value=\"wpcf7-f15428-o1\" \/>\n<input type=\"hidden\" name=\"_wpcf7_container_post\" value=\"0\" \/>\n<input type=\"hidden\" name=\"_wpcf7_posted_data_hash\" value=\"\" \/>\n<input type=\"hidden\" name=\"_wpcf7_recaptcha_response\" value=\"\" \/>\n<\/div>\n<div class=\"row\">\n<fieldset class=\"form-group col-md-7\">\n   <span class=\"wpcf7-form-control-wrap your-name\"><input type=\"text\" name=\"your-name\" value=\"\" size=\"40\" class=\"wpcf7-form-control wpcf7-text wpcf7-validates-as-required\" aria-required=\"true\" aria-invalid=\"false\" placeholder=\"Nom\" \/><\/span><br \/>\n<\/fieldset>\n<fieldset class=\"form-group col-md-7\">\n   <span class=\"wpcf7-form-control-wrap your-email\"><input type=\"email\" name=\"your-email\" value=\"\" size=\"40\" class=\"wpcf7-form-control wpcf7-text wpcf7-email wpcf7-validates-as-required wpcf7-validates-as-email\" aria-required=\"true\" aria-invalid=\"false\" placeholder=\"Email\" \/><\/span><br \/>\n<\/fieldset>\n<fieldset class=\"form-group col-md-7\">\n   <span class=\"wpcf7-form-control-wrap your-subject\"><input type=\"text\" name=\"your-subject\" value=\"\" size=\"40\" class=\"wpcf7-form-control wpcf7-text wpcf7-validates-as-required\" aria-required=\"true\" aria-invalid=\"false\" placeholder=\"Sujet\" \/><\/span><br \/>\n<\/fieldset>\n<fieldset class=\"form-group col-md-12\">\n   <span class=\"wpcf7-form-control-wrap your-message\"><textarea name=\"your-message\" cols=\"40\" rows=\"10\" class=\"wpcf7-form-control wpcf7-textarea wpcf7-validates-as-required\" aria-required=\"true\" aria-invalid=\"false\" placeholder=\"Message\"><\/textarea><\/span><br \/>\n<\/fieldset>\n<fieldset class=\"form-group col-md-12\">\n   <input type=\"submit\" value=\"Envoyer\" class=\"wpcf7-form-control wpcf7-submit btn btn-normal btn-md\" \/><br \/>\n<\/fieldset>\n<\/div>\n<p style=\"display: none !important;\"><label>&#916;<textarea name=\"_wpcf7_ak_hp_textarea\" cols=\"45\" rows=\"8\" maxlength=\"100\"><\/textarea><\/label><input type=\"hidden\" id=\"ak_js_1\" name=\"_wpcf7_ak_js\" value=\"185\"\/><script>document.getElementById( \"ak_js_1\" ).setAttribute( \"value\", ( new Date() ).getTime() );<\/script><\/p><div class=\"wpcf7-response-output\" aria-hidden=\"true\"><\/div><\/form><\/div>[\/vc_column][\/vc_row][vc_row][vc_column][vc_raw_html][\/vc_raw_html][vc_raw_html]JTNDZGl2JTIwc3R5bGUlM0QlMjJjZW50ZXIlMjIlM0UlM0NpZnJhbWUlMjBzY3JvbGxpbmclM0QlMjJubyUyMiUyMG1hcmdpbmhlaWdodCUzRCUyMjAlMjIlMjBtYXJnaW53aWR0aCUzRCUyMjAlMjIlMjBzcmMlM0QlMjJodHRwcyUzQSUyRiUyRnd3dy5vcGVuc3RyZWV0bWFwLm9yZyUyRmV4cG9ydCUyRmVtYmVkLmh0bWwlM0ZiYm94JTNEMi40NzQzNDg1NDUwNzQ0NjMzJTI1MkM0OC43MTM2MzY0MTY1NTEyOSUyNTJDMi40Nzk3MDIyMzQyNjgxODklMjUyQzQ4LjcxNjAzMjY0NTM4NDczJTI2YW1wJTNCbGF5ZXIlM0RtYXBuaWslMjIlMjBzdHlsZSUzRCUyMmJvcmRlciUzQSUyMDFweCUyMHNvbGlkJTIwYmxhY2slMjIlMjB3aWR0aCUzRCUyMjEwMDAlMjIlMjBoZWlnaHQlM0QlMjI0MDAlMjIlMjBmcmFtZWJvcmRlciUzRCUyMjAlMjIlM0UlM0MlMkZpZnJhbWUlM0UlM0NiciUzRSUzQ3NtYWxsJTNFJTNDYSUyMGhyZWYlM0QlMjJodHRwcyUzQSUyRiUyRnd3dy5vcGVuc3RyZWV0bWFwLm9yZyUyRiUyM21hcCUzRDE4JTJGNDguNzE0ODMlMkYyLjQ3NzAzJTIyJTNFQWdyYW5kaXIlMjBsYSUyMGNhcnRlJTNDJTJGYSUzRSUzQyUyRnNtYWxsJTNFJTNDJTJGZGl2JTNFJTBB[\/vc_raw_html][\/vc_column][\/vc_row]<\/p>\n","protected":false},"excerpt":{"rendered":"<p>[vc_row][vc_column width=&#8221;1\/2&#8243;][\/vc_column][vc_column width=&#8221;1\/2&#8243;][vc_empty_space height=&#8221;20px&#8221;][\/vc_column][\/vc_row][vc_row][vc_column][vc_raw_html][\/vc_raw_html][vc_raw_html]JTNDZGl2JTIwc3R5bGUlM0QlMjJjZW50ZXIlMjIlM0UlM0NpZnJhbWUlMjBzY3JvbGxpbmclM0QlMjJubyUyMiUyMG1hcmdpbmhlaWdodCUzRCUyMjAlMjIlMjBtYXJnaW53aWR0aCUzRCUyMjAlMjIlMjBzcmMlM0QlMjJodHRwcyUzQSUyRiUyRnd3dy5vcGVuc3RyZWV0bWFwLm9yZyUyRmV4cG9ydCUyRmVtYmVkLmh0bWwlM0ZiYm94JTNEMi40NzQzNDg1NDUwNzQ0NjMzJTI1MkM0OC43MTM2MzY0MTY1NTEyOSUyNTJDMi40Nzk3MDIyMzQyNjgxODklMjUyQzQ4LjcxNjAzMjY0NTM4NDczJTI2YW1wJTNCbGF5ZXIlM0RtYXBuaWslMjIlMjBzdHlsZSUzRCUyMmJvcmRlciUzQSUyMDFweCUyMHNvbGlkJTIwYmxhY2slMjIlMjB3aWR0aCUzRCUyMjEwMDAlMjIlMjBoZWlnaHQlM0QlMjI0MDAlMjIlMjBmcmFtZWJvcmRlciUzRCUyMjAlMjIlM0UlM0MlMkZpZnJhbWUlM0UlM0NiciUzRSUzQ3NtYWxsJTNFJTNDYSUyMGhyZWYlM0QlMjJodHRwcyUzQSUyRiUyRnd3dy5vcGVuc3RyZWV0bWFwLm9yZyUyRiUyM21hcCUzRDE4JTJGNDguNzE0ODMlMkYyLjQ3NzAzJTIyJTNFQWdyYW5kaXIlMjBsYSUyMGNhcnRlJTNDJTJGYSUzRSUzQyUyRnNtYWxsJTNFJTNDJTJGZGl2JTNFJTBB[\/vc_raw_html][\/vc_column][\/vc_row]<\/p>\n","protected":false},"author":1,"featured_media":0,"parent":0,"menu_order":27,"comment_status":"closed","ping_status":"closed","template":"","meta":{"advgb_blocks_editor_width":"","advgb_blocks_columns_visual_guide":""},"yoast_head":"<!-- This site is optimized with the Yoast SEO plugin v16.5 - https:\/\/yoast.com\/wordpress\/plugins\/seo\/ -->\n<title>CONTACT - Club Yerrois de Natation<\/title>\n<meta name=\"robots\" content=\"index, follow, max-snippet:-1, max-image-preview:large, max-video-preview:-1\" \/>\n<link rel=\"canonical\" href=\"https:\/\/www.cyn91.fr\/index.php\/contact\/\" \/>\n<meta property=\"og:locale\" content=\"fr_FR\" \/>\n<meta property=\"og:type\" content=\"article\" \/>\n<meta property=\"og:title\" content=\"CONTACT - Club Yerrois de Natation\" \/>\n<meta property=\"og:description\" content=\"[vc_row][vc_column width=&#8221;1\/2&#8243;][\/vc_column][vc_column width=&#8221;1\/2&#8243;][vc_empty_space height=&#8221;20px&#8221;][\/vc_column][\/vc_row][vc_row][vc_column][vc_raw_html][\/vc_raw_html][vc_raw_html]JTNDZGl2JTIwc3R5bGUlM0QlMjJjZW50ZXIlMjIlM0UlM0NpZnJhbWUlMjBzY3JvbGxpbmclM0QlMjJubyUyMiUyMG1hcmdpbmhlaWdodCUzRCUyMjAlMjIlMjBtYXJnaW53aWR0aCUzRCUyMjAlMjIlMjBzcmMlM0QlMjJodHRwcyUzQSUyRiUyRnd3dy5vcGVuc3RyZWV0bWFwLm9yZyUyRmV4cG9ydCUyRmVtYmVkLmh0bWwlM0ZiYm94JTNEMi40NzQzNDg1NDUwNzQ0NjMzJTI1MkM0OC43MTM2MzY0MTY1NTEyOSUyNTJDMi40Nzk3MDIyMzQyNjgxODklMjUyQzQ4LjcxNjAzMjY0NTM4NDczJTI2YW1wJTNCbGF5ZXIlM0RtYXBuaWslMjIlMjBzdHlsZSUzRCUyMmJvcmRlciUzQSUyMDFweCUyMHNvbGlkJTIwYmxhY2slMjIlMjB3aWR0aCUzRCUyMjEwMDAlMjIlMjBoZWlnaHQlM0QlMjI0MDAlMjIlMjBmcmFtZWJvcmRlciUzRCUyMjAlMjIlM0UlM0MlMkZpZnJhbWUlM0UlM0NiciUzRSUzQ3NtYWxsJTNFJTNDYSUyMGhyZWYlM0QlMjJodHRwcyUzQSUyRiUyRnd3dy5vcGVuc3RyZWV0bWFwLm9yZyUyRiUyM21hcCUzRDE4JTJGNDguNzE0ODMlMkYyLjQ3NzAzJTIyJTNFQWdyYW5kaXIlMjBsYSUyMGNhcnRlJTNDJTJGYSUzRSUzQyUyRnNtYWxsJTNFJTNDJTJGZGl2JTNFJTBB[\/vc_raw_html][\/vc_column][\/vc_row]\" \/>\n<meta property=\"og:url\" content=\"https:\/\/www.cyn91.fr\/index.php\/contact\/\" \/>\n<meta property=\"og:site_name\" content=\"Club Yerrois de Natation\" \/>\n<meta property=\"article:publisher\" content=\"https:\/\/www.facebook.com\/ClubYerroisNatation\" \/>\n<meta property=\"article:modified_time\" content=\"2022-10-01T19:12:32+00:00\" \/>\n<meta name=\"twitter:card\" content=\"summary_large_image\" \/>\n<meta name=\"twitter:label1\" content=\"Dur\u00e9e de lecture est.\" \/>\n\t<meta name=\"twitter:data1\" content=\"1 minute\" \/>\n<script type=\"application\/ld+json\" class=\"yoast-schema-graph\">{\"@context\":\"https:\/\/schema.org\",\"@graph\":[{\"@type\":\"Organization\",\"@id\":\"https:\/\/www.cyn91.fr\/#organization\",\"name\":\"Club Yerrois de Natation\",\"url\":\"https:\/\/www.cyn91.fr\/\",\"sameAs\":[\"https:\/\/www.facebook.com\/ClubYerroisNatation\"],\"logo\":{\"@type\":\"ImageObject\",\"@id\":\"https:\/\/www.cyn91.fr\/#logo\",\"inLanguage\":\"fr-FR\",\"url\":\"https:\/\/www.cyn91.fr\/wp-content\/uploads\/Logos\/Logo-cyn_sans-texte_150x75.png\",\"contentUrl\":\"https:\/\/www.cyn91.fr\/wp-content\/uploads\/Logos\/Logo-cyn_sans-texte_150x75.png\",\"width\":150,\"height\":75,\"caption\":\"Club Yerrois de Natation\"},\"image\":{\"@id\":\"https:\/\/www.cyn91.fr\/#logo\"}},{\"@type\":\"WebSite\",\"@id\":\"https:\/\/www.cyn91.fr\/#website\",\"url\":\"https:\/\/www.cyn91.fr\/\",\"name\":\"Club Yerrois de Natation\",\"description\":\"Club Yerrois de Natation\",\"publisher\":{\"@id\":\"https:\/\/www.cyn91.fr\/#organization\"},\"potentialAction\":[{\"@type\":\"SearchAction\",\"target\":\"https:\/\/www.cyn91.fr\/?s={search_term_string}\",\"query-input\":\"required name=search_term_string\"}],\"inLanguage\":\"fr-FR\"},{\"@type\":\"WebPage\",\"@id\":\"https:\/\/www.cyn91.fr\/index.php\/contact\/#webpage\",\"url\":\"https:\/\/www.cyn91.fr\/index.php\/contact\/\",\"name\":\"CONTACT - Club Yerrois de Natation\",\"isPartOf\":{\"@id\":\"https:\/\/www.cyn91.fr\/#website\"},\"datePublished\":\"2016-07-19T00:02:17+00:00\",\"dateModified\":\"2022-10-01T19:12:32+00:00\",\"breadcrumb\":{\"@id\":\"https:\/\/www.cyn91.fr\/index.php\/contact\/#breadcrumb\"},\"inLanguage\":\"fr-FR\",\"potentialAction\":[{\"@type\":\"ReadAction\",\"target\":[\"https:\/\/www.cyn91.fr\/index.php\/contact\/\"]}]},{\"@type\":\"BreadcrumbList\",\"@id\":\"https:\/\/www.cyn91.fr\/index.php\/contact\/#breadcrumb\",\"itemListElement\":[{\"@type\":\"ListItem\",\"position\":1,\"name\":\"Accueil\",\"item\":\"https:\/\/www.cyn91.fr\/\"},{\"@type\":\"ListItem\",\"position\":2,\"name\":\"CONTACT\"}]}]}<\/script>\n<!-- \/ Yoast SEO plugin. -->","coauthors":[],"author_meta":{"author_link":"https:\/\/www.cyn91.fr\/index.php\/author\/mikchek91\/","display_name":"Michael"},"relative_dates":{"created":"Publi\u00e9 10 ans il y a","modified":"Mis \u00e0 jour 4 ans il y a"},"absolute_dates":{"created":"Publi\u00e9 le 19 juillet 2016","modified":"Mise \u00e0 jour le 1 octobre 2022"},"absolute_dates_time":{"created":"Publi\u00e9 le 19 juillet 2016 2 h 02 min","modified":"Mise \u00e0 jour le 1 octobre 2022 21 h 12 min"},"featured_img_caption":"","featured_img":false,"series_order":"","post_mailing_queue_ids":[],"_links":{"self":[{"href":"https:\/\/www.cyn91.fr\/index.php\/wp-json\/wp\/v2\/pages\/1916"}],"collection":[{"href":"https:\/\/www.cyn91.fr\/index.php\/wp-json\/wp\/v2\/pages"}],"about":[{"href":"https:\/\/www.cyn91.fr\/index.php\/wp-json\/wp\/v2\/types\/page"}],"author":[{"embeddable":true,"href":"https:\/\/www.cyn91.fr\/index.php\/wp-json\/wp\/v2\/users\/1"}],"replies":[{"embeddable":true,"href":"https:\/\/www.cyn91.fr\/index.php\/wp-json\/wp\/v2\/comments?post=1916"}],"version-history":[{"count":18,"href":"https:\/\/www.cyn91.fr\/index.php\/wp-json\/wp\/v2\/pages\/1916\/revisions"}],"predecessor-version":[{"id":877211,"href":"https:\/\/www.cyn91.fr\/index.php\/wp-json\/wp\/v2\/pages\/1916\/revisions\/877211"}],"wp:attachment":[{"href":"https:\/\/www.cyn91.fr\/index.php\/wp-json\/wp\/v2\/media?parent=1916"}],"curies":[{"name":"wp","href":"https:\/\/api.w.org\/{rel}","templated":true}]}}