{"id":1958,"date":"2016-07-21T00:26:01","date_gmt":"2016-07-20T22:26:01","guid":{"rendered":"http:\/\/www.sldn-consulting.com\/cyn\/?page_id=1958"},"modified":"2024-12-30T11:37:52","modified_gmt":"2024-12-30T10:37:52","slug":"bureau","status":"publish","type":"page","link":"https:\/\/www.cyn91.fr\/index.php\/bureau\/","title":{"rendered":"Bureau"},"content":{"rendered":"<p>[vc_row][vc_column][vc_column_text]<\/p>\r\n<p class=\"has-very-dark-gray-color has-text-color\">Suite \u00e0 l&#8217;Assembl\u00e9e G\u00e9n\u00e9rale du <span class=\"has-inline-color has-central-palette-3-color\">8 octobre 2021<\/span>, le bureau du club est compos\u00e9 des personnes b\u00e9n\u00e9voles suivantes :<\/p>\r\n\r\n\r\n\r\n<div class=\"wp-block-columns has-2-columns\">\r\n<div class=\"wp-block-column\">\r\n<table class=\"wp-block-advgb-table advgb-table-frontend is-style-default\">\r\n<tbody>\r\n<tr>\r\n<td><strong>Pr\u00e9sident<\/strong><\/td>\r\n<td>Thierry JACQUEMART<\/td>\r\n<\/tr>\r\n<tr>\r\n<td style=\"color: #000000; background-color: #fff6e2;\"><strong>Vice-Pr\u00e9sident<\/strong><\/td>\r\n<td style=\"color: #000000; background-color: #fff6e2;\">Alain FAUCHIE<\/td>\r\n<\/tr>\r\n<tr>\r\n<td><strong>Secr\u00e9taire<\/strong><\/td>\r\n<td>Benjamin DEVERTU<\/td>\r\n<\/tr>\r\n<tr>\r\n<td style=\"background-color: #fff6e2;\"><strong>Tr\u00e9sori\u00e8re<\/strong><\/td>\r\n<td style=\"background-color: #fff6e2;\">Vanessa FOUQUET<\/td>\r\n<\/tr>\r\n<tr>\r\n<td><strong><strong>Paie<\/strong><\/strong><\/td>\r\n<td>C\u00e9cile DENIEL<\/td>\r\n<\/tr>\r\n<tr>\r\n<td style=\"background-color: #fff6e2;\"><strong>DRH<\/strong><\/td>\r\n<td style=\"background-color: #fff6e2;\">Alain FAUCHIE<\/td>\r\n<\/tr>\r\n<\/tbody>\r\n<\/table>\r\n<p><\/p>\r\n<\/div>\r\n\r\n\r\n\r\n<div class=\"wp-block-column\">\r\n<table class=\"wp-block-advgb-table advgb-table-frontend\">\r\n<tbody>\r\n<tr>\r\n<td><strong>Commission des officiels<\/strong><\/td>\r\n<td>Alain FAUCHIE<\/td>\r\n<\/tr>\r\n<tr>\r\n<td style=\"background-color: #fff6e2;\"><strong>Commission Animations<\/strong><\/td>\r\n<td style=\"background-color: #fff6e2;\">Vanessa FOUQUET<\/td>\r\n<\/tr>\r\n<tr>\r\n<td><strong>Commission Animations<\/strong> <strong>Adjointe<\/strong><\/td>\r\n<td>St\u00e9phanie LEFIER<\/td>\r\n<\/tr>\r\n<tr>\r\n<td style=\"background-color: #fff6e2;\"><strong>Commission Meetings<\/strong><\/td>\r\n<td style=\"background-color: #fff6e2;\">Pierre SALENDRES<\/td>\r\n<\/tr>\r\n<tr>\r\n<td><strong>Commission Stages<\/strong><\/td>\r\n<td>Sarah SAINT-MICHEL<\/td>\r\n<\/tr>\r\n<tr>\r\n<td style=\"background-color: #fff6e2;\">\u00a0<\/td>\r\n<td style=\"background-color: #fff6e2;\">\u00a0<\/td>\r\n<\/tr>\r\n<\/tbody>\r\n<\/table>\r\n<p><\/p>\r\n<\/div>\r\n<p><\/p>\r\n<\/div>\r\n\r\n\r\n\r\n<p class=\"has-central-palette-2-color has-central-palette-3-background-color has-text-color has-background green-message\"><strong>Statuts et r\u00e8glement int\u00e9rieur<\/strong><\/p>\r\n\r\n\r\n\r\n<div class=\"wp-block-columns has-2-columns\">\r\n<div class=\"wp-block-column\">\n<div class=\"wp-block-file aligncenter\"><a href=\"https:\/\/www.cyn91.fr\/wp-content\/uploads\/Documents\/CYN_Reglement_Interieur.pdf\">CYN_Reglement_Interieur<\/a><a href=\"https:\/\/www.cyn91.fr\/wp-content\/uploads\/Documents\/CYN_Reglement_Interieur.pdf\" class=\"wp-block-file__button\" download>T\u00e9l\u00e9charger<\/a><\/div>\n\r\n<p><\/p>\r\n<\/div>\r\n\r\n\r\n\r\n<div class=\"wp-block-column\">\r\n<div class=\"wp-block-file aligncenter\"><a href=\"https:\/\/www.cyn91.fr\/wp-content\/uploads\/Documents\/Statuts_CYN.pdf\">Statuts_CYN<\/a><a class=\"wp-block-file__button\" href=\"https:\/\/www.cyn91.fr\/wp-content\/uploads\/Documents\/Statuts_CYN.pdf\" download=\"\">T\u00e9l\u00e9charger<\/a><\/div>\r\n<p><\/p>\r\n<\/div>\r\n<p><\/p>\r\n<\/div>\r\n\r\n\r\n\r\n<p>&nbsp;<\/p>\r\n<p>[\/vc_column_text][\/vc_column][\/vc_row]<\/p>","protected":false},"excerpt":{"rendered":"<p>[vc_row][vc_column][vc_column_text] Suite \u00e0 l&#8217;Assembl\u00e9e G\u00e9n\u00e9rale du 8 octobre 2021, le bureau du club est compos\u00e9 des personnes b\u00e9n\u00e9voles suivantes : Statuts et r\u00e8glement int\u00e9rieur &nbsp; [\/vc_column_text][\/vc_column][\/vc_row]<\/p>\n","protected":false},"author":1,"featured_media":0,"parent":0,"menu_order":25,"comment_status":"closed","ping_status":"closed","template":"","meta":{"advgb_blocks_editor_width":"","advgb_blocks_columns_visual_guide":""},"yoast_head":"<!-- This site is optimized with the Yoast SEO plugin v16.5 - https:\/\/yoast.com\/wordpress\/plugins\/seo\/ -->\n<title>Bureau - Club Yerrois de Natation<\/title>\n<meta name=\"robots\" content=\"index, follow, max-snippet:-1, max-image-preview:large, max-video-preview:-1\" \/>\n<link rel=\"canonical\" href=\"https:\/\/www.cyn91.fr\/index.php\/bureau\/\" \/>\n<meta property=\"og:locale\" content=\"fr_FR\" \/>\n<meta property=\"og:type\" content=\"article\" \/>\n<meta property=\"og:title\" content=\"Bureau - Club Yerrois de Natation\" \/>\n<meta property=\"og:description\" content=\"[vc_row][vc_column][vc_column_text] Suite \u00e0 l&#8217;Assembl\u00e9e G\u00e9n\u00e9rale du 8 octobre 2021, le bureau du club est compos\u00e9 des personnes b\u00e9n\u00e9voles suivantes : Statuts et r\u00e8glement int\u00e9rieur &nbsp; [\/vc_column_text][\/vc_column][\/vc_row]\" \/>\n<meta property=\"og:url\" content=\"https:\/\/www.cyn91.fr\/index.php\/bureau\/\" \/>\n<meta property=\"og:site_name\" content=\"Club Yerrois de Natation\" \/>\n<meta property=\"article:publisher\" content=\"https:\/\/www.facebook.com\/ClubYerroisNatation\" \/>\n<meta property=\"article:modified_time\" content=\"2024-12-30T10:37:52+00:00\" \/>\n<meta name=\"twitter:card\" content=\"summary_large_image\" \/>\n<meta name=\"twitter:label1\" content=\"Dur\u00e9e de lecture est.\" \/>\n\t<meta name=\"twitter:data1\" content=\"1 minute\" \/>\n<script type=\"application\/ld+json\" class=\"yoast-schema-graph\">{\"@context\":\"https:\/\/schema.org\",\"@graph\":[{\"@type\":\"Organization\",\"@id\":\"https:\/\/www.cyn91.fr\/#organization\",\"name\":\"Club Yerrois de Natation\",\"url\":\"https:\/\/www.cyn91.fr\/\",\"sameAs\":[\"https:\/\/www.facebook.com\/ClubYerroisNatation\"],\"logo\":{\"@type\":\"ImageObject\",\"@id\":\"https:\/\/www.cyn91.fr\/#logo\",\"inLanguage\":\"fr-FR\",\"url\":\"https:\/\/www.cyn91.fr\/wp-content\/uploads\/Logos\/Logo-cyn_sans-texte_150x75.png\",\"contentUrl\":\"https:\/\/www.cyn91.fr\/wp-content\/uploads\/Logos\/Logo-cyn_sans-texte_150x75.png\",\"width\":150,\"height\":75,\"caption\":\"Club Yerrois de Natation\"},\"image\":{\"@id\":\"https:\/\/www.cyn91.fr\/#logo\"}},{\"@type\":\"WebSite\",\"@id\":\"https:\/\/www.cyn91.fr\/#website\",\"url\":\"https:\/\/www.cyn91.fr\/\",\"name\":\"Club Yerrois de Natation\",\"description\":\"Club Yerrois de Natation\",\"publisher\":{\"@id\":\"https:\/\/www.cyn91.fr\/#organization\"},\"potentialAction\":[{\"@type\":\"SearchAction\",\"target\":\"https:\/\/www.cyn91.fr\/?s={search_term_string}\",\"query-input\":\"required name=search_term_string\"}],\"inLanguage\":\"fr-FR\"},{\"@type\":\"WebPage\",\"@id\":\"https:\/\/www.cyn91.fr\/index.php\/bureau\/#webpage\",\"url\":\"https:\/\/www.cyn91.fr\/index.php\/bureau\/\",\"name\":\"Bureau - Club Yerrois de Natation\",\"isPartOf\":{\"@id\":\"https:\/\/www.cyn91.fr\/#website\"},\"datePublished\":\"2016-07-20T22:26:01+00:00\",\"dateModified\":\"2024-12-30T10:37:52+00:00\",\"breadcrumb\":{\"@id\":\"https:\/\/www.cyn91.fr\/index.php\/bureau\/#breadcrumb\"},\"inLanguage\":\"fr-FR\",\"potentialAction\":[{\"@type\":\"ReadAction\",\"target\":[\"https:\/\/www.cyn91.fr\/index.php\/bureau\/\"]}]},{\"@type\":\"BreadcrumbList\",\"@id\":\"https:\/\/www.cyn91.fr\/index.php\/bureau\/#breadcrumb\",\"itemListElement\":[{\"@type\":\"ListItem\",\"position\":1,\"name\":\"Accueil\",\"item\":\"https:\/\/www.cyn91.fr\/\"},{\"@type\":\"ListItem\",\"position\":2,\"name\":\"Bureau\"}]}]}<\/script>\n<!-- \/ Yoast SEO plugin. -->","coauthors":[],"author_meta":{"author_link":"https:\/\/www.cyn91.fr\/index.php\/author\/mikchek91\/","display_name":"Michael"},"relative_dates":{"created":"Publi\u00e9 10 ans il y a","modified":"Mis \u00e0 jour 1 an il y a"},"absolute_dates":{"created":"Publi\u00e9 le 21 juillet 2016","modified":"Mise \u00e0 jour le 30 d\u00e9cembre 2024"},"absolute_dates_time":{"created":"Publi\u00e9 le 21 juillet 2016 0 h 26 min","modified":"Mise \u00e0 jour le 30 d\u00e9cembre 2024 11 h 37 min"},"featured_img_caption":"","featured_img":false,"series_order":"","post_mailing_queue_ids":[],"_links":{"self":[{"href":"https:\/\/www.cyn91.fr\/index.php\/wp-json\/wp\/v2\/pages\/1958"}],"collection":[{"href":"https:\/\/www.cyn91.fr\/index.php\/wp-json\/wp\/v2\/pages"}],"about":[{"href":"https:\/\/www.cyn91.fr\/index.php\/wp-json\/wp\/v2\/types\/page"}],"author":[{"embeddable":true,"href":"https:\/\/www.cyn91.fr\/index.php\/wp-json\/wp\/v2\/users\/1"}],"replies":[{"embeddable":true,"href":"https:\/\/www.cyn91.fr\/index.php\/wp-json\/wp\/v2\/comments?post=1958"}],"version-history":[{"count":16,"href":"https:\/\/www.cyn91.fr\/index.php\/wp-json\/wp\/v2\/pages\/1958\/revisions"}],"predecessor-version":[{"id":878592,"href":"https:\/\/www.cyn91.fr\/index.php\/wp-json\/wp\/v2\/pages\/1958\/revisions\/878592"}],"wp:attachment":[{"href":"https:\/\/www.cyn91.fr\/index.php\/wp-json\/wp\/v2\/media?parent=1958"}],"curies":[{"name":"wp","href":"https:\/\/api.w.org\/{rel}","templated":true}]}}