{"id":1960,"date":"2016-07-21T00:26:52","date_gmt":"2016-07-20T22:26:52","guid":{"rendered":"http:\/\/www.sldn-consulting.com\/cyn\/?page_id=1960"},"modified":"2019-05-02T23:17:08","modified_gmt":"2019-05-02T21:17:08","slug":"les-resultats","status":"publish","type":"page","link":"https:\/\/www.cyn91.fr\/index.php\/les-resultats\/","title":{"rendered":"R\u00e9sultats"},"content":{"rendered":"<p><span style=\"color: #000000;\"><strong><span style=\"color: #5091cd;\">Saison 2018\/2019 <\/span><\/strong>: Retrouver l&#8217;ensemble des r\u00e9sultats des nageurs sur <strong><em>extranat <\/em><\/strong>(le site officiel de la FFN) pour la saison en cliquant <a style=\"color: #000000;\" href=\"http:\/\/ffn.extranat.fr\/webffn\/competitions.php?idact=nat&amp;idclb=130913578\" target=\"_blank\" rel=\"noopener noreferrer\">ici<\/a><\/span><\/p>\n<p><span style=\"color: #000000;\">Ou consultez directement la page ci-dessous :<\/span><\/p>\n\n\n<figure><iframe src=\"https:\/\/ffn.extranat.fr\/webffn\/competitions.php?idact=nat&amp;idrch=str%7C776\" style=\"border:0;top:0;left:0\" scrolling=\"yes\" width=\"940\" height=\"500\"> \n\t<\/iframe><\/figure>\n\n\n\n<p><\/p>\n","protected":false},"excerpt":{"rendered":"<p>Saison 2018\/2019 : Retrouver l&#8217;ensemble des r\u00e9sultats des nageurs sur extranat (le site officiel de la FFN) pour la saison en cliquant ici Ou consultez directement la page ci-dessous :<\/p>\n","protected":false},"author":1,"featured_media":0,"parent":0,"menu_order":39,"comment_status":"closed","ping_status":"closed","template":"","meta":{"advgb_blocks_editor_width":"","advgb_blocks_columns_visual_guide":""},"yoast_head":"<!-- This site is optimized with the Yoast SEO plugin v16.5 - https:\/\/yoast.com\/wordpress\/plugins\/seo\/ -->\n<title>R\u00e9sultats - Club Yerrois de Natation<\/title>\n<meta name=\"robots\" content=\"index, follow, max-snippet:-1, max-image-preview:large, max-video-preview:-1\" \/>\n<link rel=\"canonical\" href=\"https:\/\/www.cyn91.fr\/index.php\/les-resultats\/\" \/>\n<meta property=\"og:locale\" content=\"fr_FR\" \/>\n<meta property=\"og:type\" content=\"article\" \/>\n<meta property=\"og:title\" content=\"R\u00e9sultats - Club Yerrois de Natation\" \/>\n<meta property=\"og:description\" content=\"Saison 2018\/2019 : Retrouver l&#8217;ensemble des r\u00e9sultats des nageurs sur extranat (le site officiel de la FFN) pour la saison en cliquant ici Ou consultez directement la page ci-dessous :\" \/>\n<meta property=\"og:url\" content=\"https:\/\/www.cyn91.fr\/index.php\/les-resultats\/\" \/>\n<meta property=\"og:site_name\" content=\"Club Yerrois de Natation\" \/>\n<meta property=\"article:publisher\" content=\"https:\/\/www.facebook.com\/ClubYerroisNatation\" \/>\n<meta property=\"article:modified_time\" content=\"2019-05-02T21:17:08+00:00\" \/>\n<meta name=\"twitter:card\" content=\"summary_large_image\" \/>\n<script type=\"application\/ld+json\" class=\"yoast-schema-graph\">{\"@context\":\"https:\/\/schema.org\",\"@graph\":[{\"@type\":\"Organization\",\"@id\":\"https:\/\/www.cyn91.fr\/#organization\",\"name\":\"Club Yerrois de Natation\",\"url\":\"https:\/\/www.cyn91.fr\/\",\"sameAs\":[\"https:\/\/www.facebook.com\/ClubYerroisNatation\"],\"logo\":{\"@type\":\"ImageObject\",\"@id\":\"https:\/\/www.cyn91.fr\/#logo\",\"inLanguage\":\"fr-FR\",\"url\":\"https:\/\/www.cyn91.fr\/wp-content\/uploads\/Logos\/Logo-cyn_sans-texte_150x75.png\",\"contentUrl\":\"https:\/\/www.cyn91.fr\/wp-content\/uploads\/Logos\/Logo-cyn_sans-texte_150x75.png\",\"width\":150,\"height\":75,\"caption\":\"Club Yerrois de Natation\"},\"image\":{\"@id\":\"https:\/\/www.cyn91.fr\/#logo\"}},{\"@type\":\"WebSite\",\"@id\":\"https:\/\/www.cyn91.fr\/#website\",\"url\":\"https:\/\/www.cyn91.fr\/\",\"name\":\"Club Yerrois de Natation\",\"description\":\"Club Yerrois de Natation\",\"publisher\":{\"@id\":\"https:\/\/www.cyn91.fr\/#organization\"},\"potentialAction\":[{\"@type\":\"SearchAction\",\"target\":\"https:\/\/www.cyn91.fr\/?s={search_term_string}\",\"query-input\":\"required name=search_term_string\"}],\"inLanguage\":\"fr-FR\"},{\"@type\":\"WebPage\",\"@id\":\"https:\/\/www.cyn91.fr\/index.php\/les-resultats\/#webpage\",\"url\":\"https:\/\/www.cyn91.fr\/index.php\/les-resultats\/\",\"name\":\"R\\u00e9sultats - Club Yerrois de Natation\",\"isPartOf\":{\"@id\":\"https:\/\/www.cyn91.fr\/#website\"},\"datePublished\":\"2016-07-20T22:26:52+00:00\",\"dateModified\":\"2019-05-02T21:17:08+00:00\",\"breadcrumb\":{\"@id\":\"https:\/\/www.cyn91.fr\/index.php\/les-resultats\/#breadcrumb\"},\"inLanguage\":\"fr-FR\",\"potentialAction\":[{\"@type\":\"ReadAction\",\"target\":[\"https:\/\/www.cyn91.fr\/index.php\/les-resultats\/\"]}]},{\"@type\":\"BreadcrumbList\",\"@id\":\"https:\/\/www.cyn91.fr\/index.php\/les-resultats\/#breadcrumb\",\"itemListElement\":[{\"@type\":\"ListItem\",\"position\":1,\"name\":\"Accueil\",\"item\":\"https:\/\/www.cyn91.fr\/\"},{\"@type\":\"ListItem\",\"position\":2,\"name\":\"R\\u00e9sultats\"}]}]}<\/script>\n<!-- \/ Yoast SEO plugin. -->","coauthors":[],"author_meta":{"author_link":"https:\/\/www.cyn91.fr\/index.php\/author\/mikchek91\/","display_name":"Michael"},"relative_dates":{"created":"Publi\u00e9 10 ans il y a","modified":"Mis \u00e0 jour 7 ans il y a"},"absolute_dates":{"created":"Publi\u00e9 le 21 juillet 2016","modified":"Mise \u00e0 jour le 2 mai 2019"},"absolute_dates_time":{"created":"Publi\u00e9 le 21 juillet 2016 0 h 26 min","modified":"Mise \u00e0 jour le 2 mai 2019 23 h 17 min"},"featured_img_caption":"","featured_img":false,"series_order":"","post_mailing_queue_ids":[],"_links":{"self":[{"href":"https:\/\/www.cyn91.fr\/index.php\/wp-json\/wp\/v2\/pages\/1960"}],"collection":[{"href":"https:\/\/www.cyn91.fr\/index.php\/wp-json\/wp\/v2\/pages"}],"about":[{"href":"https:\/\/www.cyn91.fr\/index.php\/wp-json\/wp\/v2\/types\/page"}],"author":[{"embeddable":true,"href":"https:\/\/www.cyn91.fr\/index.php\/wp-json\/wp\/v2\/users\/1"}],"replies":[{"embeddable":true,"href":"https:\/\/www.cyn91.fr\/index.php\/wp-json\/wp\/v2\/comments?post=1960"}],"version-history":[{"count":2,"href":"https:\/\/www.cyn91.fr\/index.php\/wp-json\/wp\/v2\/pages\/1960\/revisions"}],"predecessor-version":[{"id":8423,"href":"https:\/\/www.cyn91.fr\/index.php\/wp-json\/wp\/v2\/pages\/1960\/revisions\/8423"}],"wp:attachment":[{"href":"https:\/\/www.cyn91.fr\/index.php\/wp-json\/wp\/v2\/media?parent=1960"}],"curies":[{"name":"wp","href":"https:\/\/api.w.org\/{rel}","templated":true}]}}