{"id":1965,"date":"2016-07-21T00:49:05","date_gmt":"2016-07-20T22:49:05","guid":{"rendered":"http:\/\/www.sldn-consulting.com\/cyn\/?page_id=1965"},"modified":"2025-06-10T11:23:14","modified_gmt":"2025-06-10T09:23:14","slug":"ecole-de-natation","status":"publish","type":"page","link":"https:\/\/www.cyn91.fr\/index.php\/ecole-de-natation\/","title":{"rendered":"Ecole de Natation Fran\u00e7aise (ENF)"},"content":{"rendered":"\t\t<div data-elementor-type=\"wp-page\" data-elementor-id=\"1965\" class=\"elementor elementor-1965\">\n\t\t\t\t\t\t<div class=\"elementor-inner\">\n\t\t\t\t<div class=\"elementor-section-wrap\">\n\t\t\t\t\t\t\t\t\t<section class=\"elementor-section elementor-top-section elementor-element elementor-element-3b9d9c56 elementor-section-boxed elementor-section-height-default elementor-section-height-default\" data-id=\"3b9d9c56\" data-element_type=\"section\">\n\t\t\t\t\t\t<div class=\"elementor-container elementor-column-gap-default\">\n\t\t\t\t\t\t\t<div class=\"elementor-row\">\n\t\t\t\t\t<div class=\"elementor-column elementor-col-100 elementor-top-column elementor-element elementor-element-214a361d\" data-id=\"214a361d\" data-element_type=\"column\">\n\t\t\t<div class=\"elementor-column-wrap elementor-element-populated\">\n\t\t\t\t\t\t\t<div class=\"elementor-widget-wrap\">\n\t\t\t\t\t\t<div class=\"elementor-element elementor-element-61335f37 elementor-widget elementor-widget-text-editor\" data-id=\"61335f37\" data-element_type=\"widget\" data-widget_type=\"text-editor.default\">\n\t\t\t\t<div class=\"elementor-widget-container\">\n\t\t\t\t\t\t\t\t<div class=\"elementor-text-editor elementor-clearfix\">\n\t\t\t\t<p>[vc_row][vc_column][vc_column_text el_id=&#8221;enf-intro&#8221;]<strong style=\"color: #5091cd; font-family: Montserrat; font-size: 24px;\">Les ann\u00e9es de naissance indiqu\u00e9es concernent la saison 2025\/2026<\/strong><\/p>\n<p dir=\"ltr\">L\u2019Ecole de Natation Fran\u00e7aise (ENF) s\u2019adresse \u00e0 toutes et \u00e0 tous.<\/p>\n<p dir=\"ltr\">C\u2019est le lieu privil\u00e9gi\u00e9 pour d\u00e9couvrir la \u00ab Natation \u00bb, apprendre \u00e0 nager et se perfectionner ; chacun \u00e0 son rythme et en toute s\u00e9curit\u00e9.<\/p>\n<p dir=\"ltr\">L\u2019enseignement est dispens\u00e9 par un \u00e9ducateur dipl\u00f4m\u00e9 et titulaire de la qualification ENF correspondante.<\/p>\n<p dir=\"ltr\">L\u2019ENF, c\u2019est un concept d&#8217;apprentissage organis\u00e9 autours de trois \u00e9tapes de formation chronologiques et incontournables :<\/p>\n<ul>\n<li><span style=\"text-decoration: underline;\"><strong>Le Savoir-Nager en S\u00e9curit\u00e9 : Garantir la s\u00e9curit\u00e9 des pratiquants<\/strong><\/span><br>Une premi\u00e8re \u00e9tape qui permet d\u2019acqu\u00e9rir des comp\u00e9tences minimales pour assurer sa propre s\u00e9curit\u00e9 dans l\u2019eau.<strong>&nbsp;<\/strong><\/li>\n<\/ul>\n<ul>\n<li dir=\"ltr\"><span style=\"text-decoration: underline;\"><strong>Le Pass\u2019sports de l\u2019eau : D\u00e9couvrir les pratiques sportives et capitaliser les habilet\u00e9s motrices <\/strong><\/span><br>Une seconde \u00e9tape qui certifie l\u2019acquisition d\u2019habilet\u00e9s motrices transversales \u00e0 travers la pluridisciplinarit\u00e9.<\/li>\n<\/ul>\n<ul>\n<li><span style=\"text-decoration: underline;\"><strong>Le Pass\u2019comp\u00e9tition : Aller vers la comp\u00e9tition <\/strong><\/span><br>Une troisi\u00e8me \u00e9tape qui certifie l\u2019acquisition de savoir-faire techniques et l\u2019appropriation de l&#8217;environnement de la comp\u00e9tition afin de se confronter aux autres.<\/li>\n<\/ul>\n<p>[\/vc_column_text][vc_row_inner][vc_column_inner width=&#8221;1\/3&#8243;][vc_video link=&#8221;https:\/\/www.youtube.com\/watch?v=tWR68MONPQ4&#8243; align=&#8221;center&#8221; el_id=&#8221;video_sauvnage&#8221;][\/vc_column_inner][vc_column_inner width=&#8221;1\/3&#8243;][vc_video link=&#8221;https:\/\/www.youtube.com\/watch?v=QfKGbqz8I9k&#8221; align=&#8221;center&#8221; el_id=&#8221;video_passsports_eau&#8221;][\/vc_column_inner][vc_column_inner width=&#8221;1\/3&#8243;][vc_video link=&#8221;https:\/\/www.youtube.com\/watch?v=hGPsfYE0IRM&#8221; align=&#8221;center&#8221;][\/vc_column_inner][\/vc_row_inner][\/vc_column][\/vc_row]<\/p>\n<p>[vc_row content_placement=&#8221;middle&#8221;][vc_column width=&#8221;1\/4&#8243;][vc_btn title=&#8221;Si votre enfant a 5 ou 6 ans&#8230;&#8221; style=&#8221;outline&#8221; color=&#8221;turquoise&#8221; size=&#8221;lg&#8221; align=&#8221;center&#8221; button_block=&#8221;true&#8221; link=&#8221;url:%23oursins|title:Oursins||&#8221;][\/vc_column][vc_column width=&#8221;1\/4&#8243;][vc_btn title=&#8221;Si votre enfant a entre 5 et 7 ans avec une 1\u00e8re exp\u00e9rience de natation&#8230;&#8221; style=&#8221;outline&#8221; color=&#8221;info&#8221; size=&#8221;lg&#8221; align=&#8221;center&#8221; button_block=&#8221;true&#8221; link=&#8221;url:%23above_crevettes|||&#8221;][\/vc_column][vc_column width=&#8221;1\/4&#8243;][vc_btn title=&#8221;Si votre enfant a 6 ou 7 ans&#8230;&#8221; style=&#8221;outline&#8221; color=&#8221;sky&#8221; size=&#8221;lg&#8221; align=&#8221;center&#8221; button_block=&#8221;true&#8221; link=&#8221;url:%23above_hippocampes|||&#8221;][\/vc_column][vc_column width=&#8221;1\/4&#8243;][vc_btn title=&#8221;Si votre enfant a 7 ou 8 ans&#8230;&#8221; style=&#8221;outline&#8221; color=&#8221;primary&#8221; size=&#8221;lg&#8221; align=&#8221;center&#8221; button_block=&#8221;true&#8221; link=&#8221;url:%23above_otaries|||&#8221;][\/vc_column][\/vc_row][vc_row][vc_column][\/vc_column][\/vc_row][vc_row][vc_column][vc_custom_heading text=&#8221;&#8221; font_container=&#8221;tag:h1|text_align:left|color:%2300785a&#8221; use_theme_fonts=&#8221;yes&#8221; el_id=&#8221;oursins&#8221;]<\/p>\n<p>[vc_custom_heading text=&#8221;GROUPE OURSINS&#8221; font_container=&#8221;tag:h4|text_align:left|color:%2300785a&#8221; google_fonts=&#8221;font_family:Montserrat%20Subrayada%3Aregular%2C700|font_style:400%20regular%3A400%3Anormal&#8221;]<\/p>\n<p><ul class='list list-circle-arrow'><li>Approche des techniques d\u2019entr\u00e9e \u00e0 l\u2019eau par les pieds et les mains et \u00e0 la respiration aquatique.<\/li><li>D\u00e9couverte de l\u2019eau, apprentissage des modes de d\u00e9placement sur le ventre, sur le dos, sous l\u2019eau et \u00e0 la surface.<\/li><li>Groupe de 20 environ<\/li><\/ul>[vc_empty_space height=&#8221;1px&#8221; el_id=&#8221;above_crevettes&#8221;][\/vc_column][\/vc_row][vc_row content_placement=&#8221;middle&#8221;][vc_column width=&#8221;1\/2&#8243;][vc_custom_heading text=&#8221;TRANCHES D&#8217;\u00c2GE&#8221; font_container=&#8221;tag:h5|text_align:center|color:%2300785a&#8221; google_fonts=&#8221;font_family:Montserrat%20Subrayada%3Aregular%2C700|font_style:400%20regular%3A400%3Anormal&#8221;][vc_message message_box_color=&#8221;alert-success&#8221; icon_fontawesome=&#8221;fa fa-tint&#8221;]<\/p>\n<p><strong>Ann\u00e9es :<\/strong> 2019 \u00e0 2020<\/p>\n<p>[\/vc_message]<\/p>\n<p>[vc_custom_heading text=&#8221;FR\u00c9QUENCE&#8221; font_container=&#8221;tag:h5|text_align:center|color:%2300785a&#8221; google_fonts=&#8221;font_family:Montserrat%20Subrayada%3Aregular%2C700|font_style:400%20regular%3A400%3Anormal&#8221;][vc_message message_box_color=&#8221;alert-success&#8221; icon_fontawesome=&#8221;fa fa-refresh&#8221;]<strong>S\u00e9ance hebdomadaire :<\/strong> 1[\/vc_message][\/vc_column][vc_column width=&#8221;1\/2&#8243;][vc_custom_heading text=&#8221;HORAIRES&#8221; font_container=&#8221;tag:h5|text_align:center|color:%2300785a&#8221; google_fonts=&#8221;font_family:Montserrat%20Subrayada%3Aregular%2C700|font_style:400%20regular%3A400%3Anormal&#8221;][vc_message message_box_color=&#8221;alert-success&#8221; icon_fontawesome=&#8221;fa fa-clock-o&#8221;]<\/p>\n<p><strong>Oursins 1 :<\/strong> Mercredi de 9h00 \u00e0 9h50<\/p>\n<p><strong>Oursins 2 : <\/strong>Mercredi de 10h00 \u00e0 10h50<\/p>\n<p><strong>Oursins 3 :<\/strong> Samedi de 12h00 \u00e0 12h50<\/p>\n<p><strong>Oursins 4 :<\/strong> Samedi de 13h00 \u00e0 13h50<\/p>\n<p>[\/vc_message][\/vc_column][\/vc_row]<\/p>\n<p><\/p>\n<p>[vc_row][vc_column][vc_custom_heading text=&#8221;GROUPE CREVETTES&#8221; font_container=&#8221;tag:h4|text_align:left|color:%2300785a&#8221; google_fonts=&#8221;font_family:Montserrat%20Subrayada%3Aregular%2C700|font_style:400%20regular%3A400%3Anormal&#8221;]<\/p>\n<p><ul class='list list-circle-arrow'><li>Approche des techniques d\u2019entr\u00e9e \u00e0 l\u2019eau par les pieds et les mains et \u00e0 la respiration aquatique.<\/li><li>Apprentissage des modes de d\u00e9placement sur le ventre, sur le dos, sous l&#8217;eau et \u00e0 la surface.<\/li><li>D\u00e9couverte du dos crawl\u00e9, de la brasse et du crawl en fonction de l&#8217;\u00e9volution du groupe.<\/li><li>Groupe de 20 environ<\/li><\/ul>[\/vc_column][\/vc_row][vc_row content_placement=&#8221;middle&#8221;][vc_column width=&#8221;1\/2&#8243;][vc_empty_space height=&#8221;1px&#8221;][vc_custom_heading text=&#8221;TRANCHES D&#8217;\u00c2GE&#8221; font_container=&#8221;tag:h5|text_align:center|color:%2300785a&#8221; google_fonts=&#8221;font_family:Montserrat%20Subrayada%3Aregular%2C700|font_style:400%20regular%3A400%3Anormal&#8221;][vc_message message_box_color=&#8221;alert-success&#8221; icon_fontawesome=&#8221;fa fa-tint&#8221;]<\/p>\n<p><strong>Ann\u00e9es :<\/strong> 2018 \u00e0 2020<\/p>\n<p>[\/vc_message]<\/p>\n<p>[vc_custom_heading text=&#8221;FR\u00c9QUENCE&#8221; font_container=&#8221;tag:h5|text_align:center|color:%2300785a&#8221; google_fonts=&#8221;font_family:Montserrat%20Subrayada%3Aregular%2C700|font_style:400%20regular%3A400%3Anormal&#8221;][vc_message message_box_color=&#8221;alert-success&#8221; icon_fontawesome=&#8221;fa fa-refresh&#8221;]<strong>S\u00e9ances hebdomadaires :<\/strong> 2[\/vc_message]<\/p>\n<p>[\/vc_column]<\/p>\n<p>[vc_column width=&#8221;1\/2&#8243;][vc_custom_heading text=&#8221;HORAIRES&#8221; font_container=&#8221;tag:h5|text_align:center|color:%2300785a&#8221; google_fonts=&#8221;font_family:Montserrat%20Subrayada%3Aregular%2C700|font_style:400%20regular%3A400%3Anormal&#8221;][vc_message message_box_color=&#8221;alert-success&#8221; icon_fontawesome=&#8221;fa fa-clock-o&#8221;]<\/p>\n<p><strong>Crevettes 1 : <\/strong>Mercredi 13h30-14h20 <strong>et<\/strong> Samedi 10h00-10h50<\/p>\n<p><strong>Crevettes 2 : <\/strong>Mercredi 14h30-15h20 <strong>et<\/strong> Samedi 11h00-11h50<\/p>\n<p><strong>Crevettes 3 : <\/strong>Mercredi 15h30-16h20 <strong>et<\/strong> Samedi 9h00-9h50<\/p>\n<p><\/p>\n<p>[\/vc_message][\/vc_column][\/vc_row]<\/p>\n<p><\/p>\n<p>[vc_row][vc_column][vc_custom_heading text=&#8221;GROUPE HIPPOCAMPES&#8221; font_container=&#8221;tag:h4|text_align:left|color:%2300785a&#8221; google_fonts=&#8221;font_family:Montserrat%20Subrayada%3Aregular%2C700|font_style:400%20regular%3A400%3Anormal&#8221;]<\/p>\n<p><ul class='list list-circle-arrow'><li>Approche des techniques d\u2019entr\u00e9e \u00e0 l\u2019eau par les pieds et les mains et \u00e0 la respiration aquatique.<\/li><li>Apprentissage des modes de d\u00e9placement sur le ventre, sur le dos, sous l&#8217;eau et \u00e0 la surface.<\/li><li>Passage du Sauv&#8217;Nage ENF<\/li><li>Groupe de 20 environ<\/li><\/ul>[\/vc_column][\/vc_row][vc_row content_placement=&#8221;middle&#8221;][vc_column width=&#8221;1\/2&#8243;][vc_empty_space height=&#8221;1px&#8221;el_id=&#8221;above_hippocampes&#8221;][vc_custom_heading text=&#8221;TRANCHES D&#8217;AGE&#8221; font_container=&#8221;tag:h5|text_align:center|color:%2300785a&#8221; google_fonts=&#8221;font_family:Montserrat%20Subrayada%3Aregular%2C700|font_style:400%20regular%3A400%3Anormal&#8221;][vc_message message_box_color=&#8221;alert-success&#8221; icon_fontawesome=&#8221;fa fa-tint&#8221;]<\/p>\n<p><strong>Ann\u00e9es :<\/strong> 2018 \u00e0 2019<\/p>\n<p>[\/vc_message]<\/p>\n<p>[vc_custom_heading text=&#8221;FREQUENCE&#8221; font_container=&#8221;tag:h5|text_align:center|color:%2300785a&#8221; google_fonts=&#8221;font_family:Montserrat%20Subrayada%3Aregular%2C700|font_style:400%20regular%3A400%3Anormal&#8221;][vc_message message_box_color=&#8221;alert-success&#8221; icon_fontawesome=&#8221;fa fa-refresh&#8221;]<strong>S\u00e9ances hebdomadaires :<\/strong> 2[\/vc_message]<\/p>\n<p>[\/vc_column]<\/p>\n<p>[vc_column width=&#8221;1\/2&#8243;][vc_custom_heading text=&#8221;HORAIRES&#8221; font_container=&#8221;tag:h5|text_align:center|color:%2300785a&#8221; google_fonts=&#8221;font_family:Montserrat%20Subrayada%3Aregular%2C700|font_style:400%20regular%3A400%3Anormal&#8221;][vc_message message_box_color=&#8221;alert-success&#8221; icon_fontawesome=&#8221;fa fa-clock-o&#8221;]<\/p>\n<p><strong>Hippocampes 1 : <\/strong>Mercredi 12h30-13h25 <strong>et<\/strong> Samedi 15h00-15h55<strong><br><\/strong><\/p>\n<p><strong>Hippocampes 2 : <\/strong>Mercredi 13h30-14h25 <strong>et<\/strong> Jeudi 17h00-17h55<br>[\/vc_message][\/vc_column][\/vc_row][vc_row][vc_column][vc_empty_space height=&#8221;1px&#8221;][\/vc_column][\/vc_row][vc_row][vc_column]<\/p>\n<p><\/p>\n<p>[vc_row][vc_column][vc_custom_heading text=&#8221;GROUPE OTARIES&#8221; font_container=&#8221;tag:h4|text_align:left|color:%2300785a&#8221; google_fonts=&#8221;font_family:Montserrat%20Subrayada%3Aregular%2C700|font_style:400%20regular%3A400%3Anormal&#8221;]<\/p>\n<p><ul class='list list-circle-arrow'><li>Approche des techniques d\u2019entr\u00e9e \u00e0 l\u2019eau par les pieds et les mains et \u00e0 la respiration aquatique.<\/li><li>Apprentissage des modes de d\u00e9placement sur le ventre, sur le dos, sous l&#8217;eau et \u00e0 la surface.<\/li><li>D\u00e9couverte du dos crawl\u00e9, de la brasse et du crawl en fonction de l&#8217;\u00e9volution du groupe.<\/li><li>Passage du Sauv&#8217;nage et du Pass&#8217;sports de l\u2019eau ENF.<\/li><li>Groupe de 25 environ<\/li><\/ul>[\/vc_column][\/vc_row][vc_row content_placement=&#8221;middle&#8221;][vc_column width=&#8221;1\/3&#8243;][vc_custom_heading text=&#8221;TRANCHES D&#8217;\u00c2GE&#8221; font_container=&#8221;tag:h5|text_align:center|color:%2300785a&#8221; google_fonts=&#8221;font_family:Montserrat%20Subrayada%3Aregular%2C700|font_style:400%20regular%3A400%3Anormal&#8221;][vc_message message_box_color=&#8221;alert-success&#8221; icon_fontawesome=&#8221;fa fa-tint&#8221;]<\/p>\n<p><strong>Ann\u00e9es :<\/strong> 2017 \u00e0 2018<\/p>\n<p>[\/vc_message][\/vc_column][vc_column width=&#8221;1\/3&#8243;][vc_custom_heading text=&#8221;FR\u00c9QUENCE&#8221; font_container=&#8221;tag:h5|text_align:center|color:%2300785a&#8221; google_fonts=&#8221;font_family:Montserrat%20Subrayada%3Aregular%2C700|font_style:400%20regular%3A400%3Anormal&#8221;][vc_message message_box_color=&#8221;alert-success&#8221; icon_fontawesome=&#8221;fa fa-refresh&#8221;]<strong>S\u00e9ances hebdomadaires :<\/strong> 3[\/vc_message][\/vc_column][vc_column width=&#8221;1\/3&#8243;][vc_custom_heading text=&#8221;HORAIRES&#8221; font_container=&#8221;tag:h5|text_align:center|color:%2300785a&#8221; google_fonts=&#8221;font_family:Montserrat%20Subrayada%3Aregular%2C700|font_style:400%20regular%3A400%3Anormal&#8221;][vc_message message_box_color=&#8221;alert-success&#8221; icon_fontawesome=&#8221;fa fa-clock-o&#8221;]<\/p>\n<p>Mercredi de 14h30 \u00e0 15h30<\/p>\n<p>Jeudi de 18h00 \u00e0 19h00<\/p>\n<p>Samedi de 13h00 \u00e0 14h00 <strong><br><\/strong><\/p>\n<p>[\/vc_message][\/vc_column][\/vc_row][vc_row][vc_column][\/vc_column][\/vc_row]<\/p>\n<div>&nbsp;<\/div>\n<div>&nbsp;<\/div>\t\t\t\t\t<\/div>\n\t\t\t\t\t\t<\/div>\n\t\t\t\t<\/div>\n\t\t\t\t\t\t<\/div>\n\t\t\t\t\t<\/div>\n\t\t<\/div>\n\t\t\t\t\t\t\t\t<\/div>\n\t\t\t\t\t<\/div>\n\t\t<\/section>\n\t\t\t\t\t\t\t\t\t<\/div>\n\t\t\t<\/div>\n\t\t\t\t\t<\/div>\n\t\t","protected":false},"excerpt":{"rendered":"<p>[vc_row][vc_column][vc_column_text el_id=&#8221;enf-intro&#8221;]Les ann\u00e9es de naissance indiqu\u00e9es concernent la saison 2025\/2026 L\u2019Ecole de Natation Fran\u00e7aise (ENF) s\u2019adresse \u00e0 toutes et \u00e0 tous. C\u2019est le lieu privil\u00e9gi\u00e9 pour d\u00e9couvrir la \u00ab Natation \u00bb, apprendre \u00e0 nager et se perfectionner ; chacun \u00e0 &hellip;<\/p>\n","protected":false},"author":1,"featured_media":0,"parent":0,"menu_order":28,"comment_status":"closed","ping_status":"closed","template":"","meta":{"advgb_blocks_editor_width":"","advgb_blocks_columns_visual_guide":""},"yoast_head":"<!-- This site is optimized with the Yoast SEO plugin v16.5 - https:\/\/yoast.com\/wordpress\/plugins\/seo\/ -->\n<title>Ecole de Natation Fran\u00e7aise (ENF) - Club Yerrois de Natation<\/title>\n<meta name=\"robots\" content=\"index, follow, max-snippet:-1, max-image-preview:large, max-video-preview:-1\" \/>\n<link rel=\"canonical\" href=\"https:\/\/www.cyn91.fr\/index.php\/ecole-de-natation\/\" \/>\n<meta property=\"og:locale\" content=\"fr_FR\" \/>\n<meta property=\"og:type\" content=\"article\" \/>\n<meta property=\"og:title\" content=\"Ecole de Natation Fran\u00e7aise (ENF) - Club Yerrois de Natation\" \/>\n<meta property=\"og:description\" content=\"[vc_row][vc_column][vc_column_text el_id=&#8221;enf-intro&#8221;]Les ann\u00e9es de naissance indiqu\u00e9es concernent la saison 2025\/2026 L\u2019Ecole de Natation Fran\u00e7aise (ENF) s\u2019adresse \u00e0 toutes et \u00e0 tous. C\u2019est le lieu privil\u00e9gi\u00e9 pour d\u00e9couvrir la \u00ab Natation \u00bb, apprendre \u00e0 nager et se perfectionner ; chacun \u00e0 &hellip;\" \/>\n<meta property=\"og:url\" content=\"https:\/\/www.cyn91.fr\/index.php\/ecole-de-natation\/\" \/>\n<meta property=\"og:site_name\" content=\"Club Yerrois de Natation\" \/>\n<meta property=\"article:publisher\" content=\"https:\/\/www.facebook.com\/ClubYerroisNatation\" \/>\n<meta property=\"article:modified_time\" content=\"2025-06-10T09:23:14+00:00\" \/>\n<meta name=\"twitter:card\" content=\"summary_large_image\" \/>\n<meta name=\"twitter:label1\" content=\"Dur\u00e9e de lecture est.\" \/>\n\t<meta name=\"twitter:data1\" content=\"3 minutes\" \/>\n<script type=\"application\/ld+json\" class=\"yoast-schema-graph\">{\"@context\":\"https:\/\/schema.org\",\"@graph\":[{\"@type\":\"Organization\",\"@id\":\"https:\/\/www.cyn91.fr\/#organization\",\"name\":\"Club Yerrois de Natation\",\"url\":\"https:\/\/www.cyn91.fr\/\",\"sameAs\":[\"https:\/\/www.facebook.com\/ClubYerroisNatation\"],\"logo\":{\"@type\":\"ImageObject\",\"@id\":\"https:\/\/www.cyn91.fr\/#logo\",\"inLanguage\":\"fr-FR\",\"url\":\"https:\/\/www.cyn91.fr\/wp-content\/uploads\/Logos\/Logo-cyn_sans-texte_150x75.png\",\"contentUrl\":\"https:\/\/www.cyn91.fr\/wp-content\/uploads\/Logos\/Logo-cyn_sans-texte_150x75.png\",\"width\":150,\"height\":75,\"caption\":\"Club Yerrois de Natation\"},\"image\":{\"@id\":\"https:\/\/www.cyn91.fr\/#logo\"}},{\"@type\":\"WebSite\",\"@id\":\"https:\/\/www.cyn91.fr\/#website\",\"url\":\"https:\/\/www.cyn91.fr\/\",\"name\":\"Club Yerrois de Natation\",\"description\":\"Club Yerrois de Natation\",\"publisher\":{\"@id\":\"https:\/\/www.cyn91.fr\/#organization\"},\"potentialAction\":[{\"@type\":\"SearchAction\",\"target\":\"https:\/\/www.cyn91.fr\/?s={search_term_string}\",\"query-input\":\"required name=search_term_string\"}],\"inLanguage\":\"fr-FR\"},{\"@type\":\"WebPage\",\"@id\":\"https:\/\/www.cyn91.fr\/index.php\/ecole-de-natation\/#webpage\",\"url\":\"https:\/\/www.cyn91.fr\/index.php\/ecole-de-natation\/\",\"name\":\"Ecole de Natation Fran\\u00e7aise (ENF) - Club Yerrois de Natation\",\"isPartOf\":{\"@id\":\"https:\/\/www.cyn91.fr\/#website\"},\"datePublished\":\"2016-07-20T22:49:05+00:00\",\"dateModified\":\"2025-06-10T09:23:14+00:00\",\"breadcrumb\":{\"@id\":\"https:\/\/www.cyn91.fr\/index.php\/ecole-de-natation\/#breadcrumb\"},\"inLanguage\":\"fr-FR\",\"potentialAction\":[{\"@type\":\"ReadAction\",\"target\":[\"https:\/\/www.cyn91.fr\/index.php\/ecole-de-natation\/\"]}]},{\"@type\":\"BreadcrumbList\",\"@id\":\"https:\/\/www.cyn91.fr\/index.php\/ecole-de-natation\/#breadcrumb\",\"itemListElement\":[{\"@type\":\"ListItem\",\"position\":1,\"name\":\"Accueil\",\"item\":\"https:\/\/www.cyn91.fr\/\"},{\"@type\":\"ListItem\",\"position\":2,\"name\":\"Ecole de Natation Fran\\u00e7aise (ENF)\"}]}]}<\/script>\n<!-- \/ Yoast SEO plugin. -->","coauthors":[],"author_meta":{"author_link":"https:\/\/www.cyn91.fr\/index.php\/author\/mikchek91\/","display_name":"Michael"},"relative_dates":{"created":"Publi\u00e9 10 ans il y a","modified":"Mis \u00e0 jour 10 mois il y a"},"absolute_dates":{"created":"Publi\u00e9 le 21 juillet 2016","modified":"Mise \u00e0 jour le 10 juin 2025"},"absolute_dates_time":{"created":"Publi\u00e9 le 21 juillet 2016 0 h 49 min","modified":"Mise \u00e0 jour le 10 juin 2025 11 h 23 min"},"featured_img_caption":"","featured_img":false,"series_order":"","post_mailing_queue_ids":[],"_links":{"self":[{"href":"https:\/\/www.cyn91.fr\/index.php\/wp-json\/wp\/v2\/pages\/1965"}],"collection":[{"href":"https:\/\/www.cyn91.fr\/index.php\/wp-json\/wp\/v2\/pages"}],"about":[{"href":"https:\/\/www.cyn91.fr\/index.php\/wp-json\/wp\/v2\/types\/page"}],"author":[{"embeddable":true,"href":"https:\/\/www.cyn91.fr\/index.php\/wp-json\/wp\/v2\/users\/1"}],"replies":[{"embeddable":true,"href":"https:\/\/www.cyn91.fr\/index.php\/wp-json\/wp\/v2\/comments?post=1965"}],"version-history":[{"count":340,"href":"https:\/\/www.cyn91.fr\/index.php\/wp-json\/wp\/v2\/pages\/1965\/revisions"}],"predecessor-version":[{"id":878812,"href":"https:\/\/www.cyn91.fr\/index.php\/wp-json\/wp\/v2\/pages\/1965\/revisions\/878812"}],"wp:attachment":[{"href":"https:\/\/www.cyn91.fr\/index.php\/wp-json\/wp\/v2\/media?parent=1965"}],"curies":[{"name":"wp","href":"https:\/\/api.w.org\/{rel}","templated":true}]}}