{"id":1969,"date":"2016-07-21T00:49:47","date_gmt":"2016-07-20T22:49:47","guid":{"rendered":"http:\/\/www.sldn-consulting.com\/cyn\/?page_id=1969"},"modified":"2025-06-25T12:04:23","modified_gmt":"2025-06-25T10:04:23","slug":"natation-loisirs","status":"publish","type":"page","link":"https:\/\/www.cyn91.fr\/index.php\/natation-loisirs\/","title":{"rendered":"Apprentissage \/ Perfectionnement"},"content":{"rendered":"\t\t<div data-elementor-type=\"wp-page\" data-elementor-id=\"1969\" class=\"elementor elementor-1969\">\n\t\t\t\t\t\t<div class=\"elementor-inner\">\n\t\t\t\t<div class=\"elementor-section-wrap\">\n\t\t\t\t\t\t\t\t\t<section class=\"elementor-section elementor-top-section elementor-element elementor-element-5dd90d2f elementor-section-boxed elementor-section-height-default elementor-section-height-default\" data-id=\"5dd90d2f\" data-element_type=\"section\">\n\t\t\t\t\t\t<div class=\"elementor-container elementor-column-gap-default\">\n\t\t\t\t\t\t\t<div class=\"elementor-row\">\n\t\t\t\t\t<div class=\"elementor-column elementor-col-100 elementor-top-column elementor-element elementor-element-751f9f40\" data-id=\"751f9f40\" data-element_type=\"column\">\n\t\t\t<div class=\"elementor-column-wrap elementor-element-populated\">\n\t\t\t\t\t\t\t<div class=\"elementor-widget-wrap\">\n\t\t\t\t\t\t<div class=\"elementor-element elementor-element-74cf700b elementor-widget elementor-widget-text-editor\" data-id=\"74cf700b\" data-element_type=\"widget\" data-widget_type=\"text-editor.default\">\n\t\t\t\t<div class=\"elementor-widget-container\">\n\t\t\t\t\t\t\t\t<div class=\"elementor-text-editor elementor-clearfix\">\n\t\t\t\t<p>[vc_row content_placement=&#8221;middle&#8221; el_id=&#8221;loisirs-menu&#8221;][vc_column width=&#8221;1\/6&#8243;][vc_btn title=&#8221;Si votre enfant est grand d\u00e9butant, n\u00e9 entre 2015 et 2018&#8243; style=&#8221;outline&#8221; color=&#8221;turquoise&#8221; size=&#8221;lg&#8221; align=&#8221;center&#8221; button_block=&#8221;true&#8221; link=&#8221;url:%23dauphins|title:Oursins||&#8221;][\/vc_column][vc_column width=&#8221;1\/6&#8243;][vc_btn title=&#8221;Si votre enfant est n\u00e9 entre 2017 et 2018&#8243; style=&#8221;outline&#8221; color=&#8221;sky&#8221; size=&#8221;lg&#8221; align=&#8221;center&#8221; button_block=&#8221;true&#8221; link=&#8221;url:%23poulpes|||&#8221; el_id=&#8221;goto_hippocampes&#8221;][\/vc_column][vc_column width=&#8221;1\/6&#8243;][vc_btn title=&#8221;Si votre enfant est n\u00e9 entre 2015 et 2016&#8243; style=&#8221;outline&#8221; color=&#8221;info&#8221; size=&#8221;lg&#8221; align=&#8221;center&#8221; button_block=&#8221;true&#8221; link=&#8221;url:%23pieuvres|||&#8221;][\/vc_column][vc_column width=&#8221;1\/6&#8243;][vc_btn title=&#8221;Si votre enfant est coll\u00e9gien&#8221; style=&#8221;outline&#8221; color=&#8221;primary&#8221; size=&#8221;lg&#8221; align=&#8221;center&#8221; button_block=&#8221;true&#8221; link=&#8221;url:%23natados_college|||&#8221; el_id=&#8221;goto_otaries&#8221;][\/vc_column][vc_column width=&#8221;1\/6&#8243;][vc_btn title=&#8221;Si votre enfant est lyc\u00e9en&#8221; style=&#8221;outline&#8221; color=&#8221;primary&#8221; size=&#8221;lg&#8221; align=&#8221;center&#8221; button_block=&#8221;true&#8221; link=&#8221;url:%23natados_lycee|||&#8221;][\/vc_column][vc_column width=&#8221;1\/6&#8243;][vc_btn title=&#8221;Si vous \u00eates adulte&#8221; style=&#8221;outline&#8221; color=&#8221;primary&#8221; size=&#8221;lg&#8221; align=&#8221;center&#8221; button_block=&#8221;true&#8221; link=&#8221;url:%23adultes|||&#8221;][\/vc_column][\/vc_row][vc_row][vc_column][vc_custom_heading text=&#8221;Les ann\u00e9es de naissance indiqu\u00e9es concernent la saison 2025\/2026&#8243;][\/vc_column][\/vc_row][vc_row][vc_column][vc_custom_heading text=&#8221;Groupe &#8220;Dauphins&#8220;&#8221; font_container=&#8221;tag:h2|text_align:left|color:%2300785a|line_height:128px&#8221; use_theme_fonts=&#8221;yes&#8221; el_id=&#8221;dauphins&#8221;][\/vc_column][\/vc_row][vc_row][vc_column][vc_column_text]<strong>Crit\u00e8res d\u2019acc\u00e8s au groupe :<\/strong>[\/vc_column_text]<ul class='list list-circle-arrow'><li>\u00catre capable de descendre dans l\u2019eau par l\u2019\u00e9chelle, se tenir au mur par les mains, se d\u00e9placer le long du mur avec les mains.<\/li><\/ul>[vc_column_text]<strong>Finalit\u00e9s:<\/strong>[\/vc_column_text]<ul class='list list-circle-arrow'><li>Approche des techniques d\u2019entr\u00e9e \u00e0 l\u2019eau par les pieds et les mains et \u00e0 la respiration aquatique.<\/li><li>D\u00e9couverte de l\u2019eau, apprentissage des modes de d\u00e9placement sur le ventre, sur le dos, sous l\u2019eau et \u00e0 la surface.<\/li><\/ul>[\/vc_column][\/vc_row][vc_row][vc_column][\/vc_column][\/vc_row][vc_row content_placement=&#8221;middle&#8221;][vc_column width=&#8221;1\/3&#8243;][vc_custom_heading text=&#8221;TRANCHES D&#8217;AGE&#8221; font_container=&#8221;tag:h4|text_align:center|color:%2300785a&#8221; google_fonts=&#8221;font_family:Montserrat%20Subrayada%3Aregular%2C700|font_style:400%20regular%3A400%3Anormal&#8221;][vc_message message_box_color=&#8221;alert-success&#8221; icon_fontawesome=&#8221;&#8221;]<\/p><ul><li>2015 \u00e0 2018<\/li><\/ul><p>[\/vc_message][\/vc_column][vc_column width=&#8221;1\/3&#8243;][vc_custom_heading text=&#8221;FREQUENCE&#8221; font_container=&#8221;tag:h4|text_align:center|color:%2300785a&#8221; google_fonts=&#8221;font_family:Montserrat%20Subrayada%3Aregular%2C700|font_style:400%20regular%3A400%3Anormal&#8221;][vc_message message_box_color=&#8221;alert-success&#8221; icon_fontawesome=&#8221;fa fa-refresh&#8221;]1 s\u00e9ance hebdomadaire de 1 heure[\/vc_message][\/vc_column][vc_column width=&#8221;1\/3&#8243;][vc_custom_heading text=&#8221;HORAIRES&#8221; font_container=&#8221;tag:h4|text_align:center|color:%2300785a&#8221; google_fonts=&#8221;font_family:Montserrat%20Subrayada%3Aregular%2C700|font_style:400%20regular%3A400%3Anormal&#8221;][vc_message message_box_color=&#8221;alert-success&#8221; icon_fontawesome=&#8221;fa fa-clock-o&#8221;]<\/p><ul><li><strong>Dauphins 1 : <\/strong>Mercredi de 12h30 \u00e0 13h30<\/li><li><strong>Dauphins 2 : <\/strong>Mercredi de 17h00 \u00e0 18h00<\/li><li><strong>Dauphins 3 :<\/strong> Jeudi de 17h \u00e0 18h<\/li><\/ul><p>[\/vc_message][\/vc_column][\/vc_row][vc_row][vc_column][\/vc_column][\/vc_row][vc_row][vc_column][vc_custom_heading text=&#8221;Groupe &#8220;Poulpes&#8220;&#8221; font_container=&#8221;tag:h2|text_align:left|color:%2300785a|line_height:128px&#8221; use_theme_fonts=&#8221;yes&#8221; el_id=&#8221;poulpes&#8221;][vc_column_text]<strong>Crit\u00e8res d\u2019acc\u00e8s au groupe :<\/strong>[\/vc_column_text]<ul class='list list-circle-arrow'><li>Savoir nager au moins 25 m\u00e8tres dans une nage ventrale ou dorsale.<\/li><\/ul>[vc_column_text]<strong>Finalit\u00e9s:<\/strong>[\/vc_column_text]<ul class='list list-circle-arrow'><li>Approche des techniques d\u2019entr\u00e9e \u00e0 l\u2019eau par les pieds et les mains et \u00e0 la respiration aquatique<\/li><li>Perfectionnement crawl, brasse et dos crawl\u00e9.<\/li><li>Apprentissage du papillon<\/li><\/ul>[\/vc_column][\/vc_row][vc_row][vc_column][\/vc_column][\/vc_row][vc_row content_placement=&#8221;middle&#8221;][vc_column width=&#8221;1\/3&#8243;][vc_custom_heading text=&#8221;TRANCHES D&#8217;AGE&#8221; font_container=&#8221;tag:h4|text_align:center|color:%2300785a&#8221; google_fonts=&#8221;font_family:Montserrat%20Subrayada%3Aregular%2C700|font_style:400%20regular%3A400%3Anormal&#8221;][vc_message message_box_color=&#8221;alert-success&#8221; icon_fontawesome=&#8221;&#8221;]<\/p><ul><li>2017<\/li><li>2018<\/li><\/ul><p>[\/vc_message][\/vc_column][vc_column width=&#8221;1\/3&#8243;][vc_custom_heading text=&#8221;FREQUENCE&#8221; font_container=&#8221;tag:h4|text_align:center|color:%2300785a&#8221; google_fonts=&#8221;font_family:Montserrat%20Subrayada%3Aregular%2C700|font_style:400%20regular%3A400%3Anormal&#8221;][vc_message message_box_color=&#8221;alert-success&#8221; icon_fontawesome=&#8221;fa fa-refresh&#8221;]1 s\u00e9ance hebdomadaire de 1 heure[\/vc_message][\/vc_column][vc_column width=&#8221;1\/3&#8243;][vc_custom_heading text=&#8221;HORAIRES&#8221; font_container=&#8221;tag:h4|text_align:center|color:%2300785a&#8221; google_fonts=&#8221;font_family:Montserrat%20Subrayada%3Aregular%2C700|font_style:400%20regular%3A400%3Anormal&#8221;][vc_message message_box_color=&#8221;alert-success&#8221; icon_fontawesome=&#8221;&#8221;]<\/p><ul><li><strong>Poulpes 1 : <\/strong>Samedi de 15h00 \u00e0 16h00<\/li><li><span style=\"font-weight: bold;\">Poulpes 2 :\u00a0<\/span>Samedi de 16h00 \u00e0 17h00<\/li><\/ul><p>[\/vc_message][\/vc_column][\/vc_row][vc_row][vc_column][\/vc_column][\/vc_row][vc_row][vc_column][vc_separator el_id=&#8221;fin_oursins&#8221;][\/vc_column][\/vc_row][vc_row][vc_column][vc_custom_heading text=&#8221;Groupe &#8220;Pieuvres&#8220;&#8221; font_container=&#8221;tag:h2|text_align:left|color:%2300785a|line_height:128px&#8221; use_theme_fonts=&#8221;yes&#8221; el_id=&#8221;pieuvres&#8221;][vc_column_text]<strong>Crit\u00e8res d\u2019acc\u00e8s au groupe :<\/strong>[\/vc_column_text]<ul class='list list-circle-arrow'><li>Savoir nager au moins 25 m\u00e8tres dans une nage ventrale ou dorsale.<\/li><\/ul>[vc_column_text]<strong>Finalit\u00e9s:<\/strong>[\/vc_column_text]<ul class='list list-circle-arrow'><li>Approche des techniques d\u2019entr\u00e9e \u00e0 l\u2019eau par les pieds et les mains et \u00e0 la respiration aquatique<\/li><li>Perfectionnement crawl, brasse et dos crawl\u00e9.<\/li><li>Apprentissage du papillon<\/li><\/ul>[\/vc_column][\/vc_row][vc_row][vc_column][\/vc_column][\/vc_row][vc_row content_placement=&#8221;middle&#8221;][vc_column width=&#8221;1\/3&#8243;][vc_custom_heading text=&#8221;TRANCHES D&#8217;AGE&#8221; font_container=&#8221;tag:h4|text_align:center|color:%2300785a&#8221; google_fonts=&#8221;font_family:Montserrat%20Subrayada%3Aregular%2C700|font_style:400%20regular%3A400%3Anormal&#8221;][vc_message message_box_color=&#8221;alert-success&#8221; icon_fontawesome=&#8221;&#8221;]<\/p><ul><li>2015<\/li><li>2016<\/li><\/ul><p>[\/vc_message][\/vc_column][vc_column width=&#8221;1\/3&#8243;][vc_custom_heading text=&#8221;FREQUENCE&#8221; font_container=&#8221;tag:h4|text_align:center|color:%2300785a&#8221; google_fonts=&#8221;font_family:Montserrat%20Subrayada%3Aregular%2C700|font_style:400%20regular%3A400%3Anormal&#8221;][vc_message message_box_color=&#8221;alert-success&#8221; icon_fontawesome=&#8221;fa fa-refresh&#8221;]1 s\u00e9ance hebdomadaire de 1 heure[\/vc_message][\/vc_column][vc_column width=&#8221;1\/3&#8243;][vc_custom_heading text=&#8221;HORAIRES&#8221; font_container=&#8221;tag:h4|text_align:center|color:%2300785a&#8221; google_fonts=&#8221;font_family:Montserrat%20Subrayada%3Aregular%2C700|font_style:400%20regular%3A400%3Anormal&#8221;][vc_message message_box_color=&#8221;alert-success&#8221; icon_fontawesome=&#8221;fa fa-clock-o&#8221;]<\/p><ul><li><strong>Pieuvres 1 : <\/strong>Mercredi de 10h00 \u00e0 11h00<\/li><li><strong>Pieuvres 2 : <\/strong>Mercredi de 12h30 \u00e0 13h30<\/li><li><span style=\"font-weight: bold;\">Pieuvres 3 :\u00a0<\/span>Samedi de 17h00 \u00e0 18h00<\/li><\/ul><p>[\/vc_message][\/vc_column][\/vc_row][vc_row][vc_column][\/vc_column][\/vc_row][vc_row][vc_column][vc_custom_heading text=&#8221;Groupe &#8220;Nat&#8217;Ados Coll\u00e8ge&#8220;&#8221; font_container=&#8221;tag:h2|text_align:left|color:%2300785a|line_height:128px&#8221; use_theme_fonts=&#8221;yes&#8221; el_id=&#8221;natados_college&#8221;][vc_column_text]<strong>Crit\u00e8res d\u2019acc\u00e8s au groupe :<\/strong>[\/vc_column_text]<ul class='list list-circle-arrow'><li>Etre capable de traverser le grand bassin sans mat\u00e9riel.<\/li><\/ul>[vc_column_text]<strong>Finalit\u00e9s:<\/strong>[\/vc_column_text]<ul class='list list-circle-arrow'><li>Votre enfant n\u2019est pas int\u00e9ress\u00e9 par la natation sportive, cependant il veut nager pour son bien-\u00eatre et se perfectionner.<\/li><\/ul>[\/vc_column][\/vc_row][vc_row][vc_column][\/vc_column][\/vc_row][vc_row content_placement=&#8221;middle&#8221;][vc_column width=&#8221;1\/3&#8243;][vc_custom_heading text=&#8221;TRANCHES D&#8217;AGE&#8221; font_container=&#8221;tag:h4|text_align:center|color:%2300785a&#8221; google_fonts=&#8221;font_family:Montserrat%20Subrayada%3Aregular%2C700|font_style:400%20regular%3A400%3Anormal&#8221;][vc_message message_box_color=&#8221;alert-success&#8221; icon_fontawesome=&#8221;&#8221;]<\/p><ul><li>2011<\/li><li>2012<\/li><li>2013<\/li><li>2014<\/li><\/ul><p>[\/vc_message][\/vc_column][vc_column width=&#8221;1\/3&#8243;][vc_custom_heading text=&#8221;FREQUENCE&#8221; font_container=&#8221;tag:h4|text_align:center|color:%2300785a&#8221; google_fonts=&#8221;font_family:Montserrat%20Subrayada%3Aregular%2C700|font_style:400%20regular%3A400%3Anormal&#8221;][vc_message message_box_color=&#8221;alert-success&#8221; icon_fontawesome=&#8221;&#8221;]<\/p><p>\u00a0<\/p><p>\u00a0<\/p><center>1 s\u00e9ance hebdomadaire de 1 heure<\/center><center>Possibilit\u00e9 de participer \u00e0 2 entra\u00eenements par semaine pour une cotisation \u00e9quivalente \u00e0 celle des groupes Comp\u00e9titeurs.<\/center><p>\u00a0<\/p><p>[\/vc_message][\/vc_column][vc_column width=&#8221;1\/3&#8243;][vc_custom_heading text=&#8221;HORAIRES&#8221; font_container=&#8221;tag:h4|text_align:center|color:%2300785a&#8221; google_fonts=&#8221;font_family:Montserrat%20Subrayada%3Aregular%2C700|font_style:400%20regular%3A400%3Anormal&#8221;][vc_message message_box_color=&#8221;alert-success&#8221; icon_fontawesome=&#8221;&#8221;]<\/p><ul><li><strong>Mercredi<\/strong> : 18h00 \u00e0 19h00<\/li><li><strong>Samedi<\/strong> : 14h00 \u00e0 15h00<\/li><li><strong>Samedi<\/strong> : 16h00 \u00e0 17h00<\/li><\/ul><p>[\/vc_message][\/vc_column][\/vc_row][vc_row][vc_column][\/vc_column][\/vc_row][vc_row][vc_column][vc_custom_heading text=&#8221;Groupe &#8220;Nat&#8217;Ados Lyc\u00e9e&#8220;&#8221; font_container=&#8221;tag:h2|text_align:left|color:%2300785a|line_height:128px&#8221; use_theme_fonts=&#8221;yes&#8221; el_id=&#8221;natados_lycee&#8221;][vc_column_text]<strong>Crit\u00e8res d\u2019acc\u00e8s au groupe :<\/strong>[\/vc_column_text]<ul class='list list-circle-arrow'><li>Etre capable de traverser le grand bassin sans mat\u00e9riel.<\/li><\/ul>[vc_column_text]<strong>Finalit\u00e9s:<\/strong>[\/vc_column_text]<ul class='list list-circle-arrow'><li>Votre enfant n\u2019est pas int\u00e9ress\u00e9 par la natation sportive, cependant il veut nager pour son bien-\u00eatre et se perfectionner.<\/li><\/ul>[vc_message]<\/p><p style=\"text-align: left;\">Possibilit\u00e9 de pr\u00e9paration aux \u00e9preuves du baccalaur\u00e9at pour les personnes int\u00e9ress\u00e9es.<\/p><p>[\/vc_message][\/vc_column][\/vc_row][vc_row][vc_column][\/vc_column][\/vc_row][vc_row content_placement=&#8221;middle&#8221;][vc_column width=&#8221;1\/3&#8243;][vc_custom_heading text=&#8221;TRANCHES D&#8217;AGE&#8221; font_container=&#8221;tag:h4|text_align:center|color:%2300785a&#8221; google_fonts=&#8221;font_family:Montserrat%20Subrayada%3Aregular%2C700|font_style:400%20regular%3A400%3Anormal&#8221;][vc_message message_box_color=&#8221;alert-success&#8221; icon_fontawesome=&#8221;&#8221;]<\/p><ul><li>2007<\/li><li>2008<\/li><li>2009<\/li><li>2010<\/li><\/ul><p>[\/vc_message][\/vc_column][vc_column width=&#8221;1\/3&#8243;][vc_custom_heading text=&#8221;FREQUENCE&#8221; font_container=&#8221;tag:h4|text_align:center|color:%2300785a&#8221; google_fonts=&#8221;font_family:Montserrat%20Subrayada%3Aregular%2C700|font_style:400%20regular%3A400%3Anormal&#8221;][vc_message message_box_color=&#8221;alert-success&#8221; icon_fontawesome=&#8221;&#8221;]<\/p><p>\u00a0<\/p><p>\u00a0<\/p><center>1 s\u00e9ance hebdomadaire de 1 heure<\/center><center>Possibilit\u00e9 de participer \u00e0 2 entra\u00eenements par semaine pour une cotisation \u00e9quivalente \u00e0 celle des groupes Comp\u00e9titeurs.<\/center><p>\u00a0<\/p><p>[\/vc_message][\/vc_column][vc_column width=&#8221;1\/3&#8243;][vc_custom_heading text=&#8221;HORAIRES&#8221; font_container=&#8221;tag:h4|text_align:center|color:%2300785a&#8221; google_fonts=&#8221;font_family:Montserrat%20Subrayada%3Aregular%2C700|font_style:400%20regular%3A400%3Anormal&#8221;][vc_message message_box_color=&#8221;alert-success&#8221; icon_fontawesome=&#8221;fa fa-clock-o&#8221;]<\/p><ul><li><strong>Mercredi<\/strong> : 19h00 \u00e0 20h00<\/li><li><strong>Samedi<\/strong> : 17h00 \u00e0 18h00<\/li><\/ul><p>[\/vc_message][\/vc_column][\/vc_row][vc_row][vc_column][\/vc_column][\/vc_row][vc_row][vc_column][vc_custom_heading text=&#8221;Groupe &#8220;Adultes&#8220;&#8221; font_container=&#8221;tag:h2|text_align:left|color:%2300785a|line_height:128px&#8221; use_theme_fonts=&#8221;yes&#8221; el_id=&#8221;adultes&#8221;][vc_column_text]<strong>Crit\u00e8res d\u2019acc\u00e8s au groupe :<\/strong>[\/vc_column_text]<ul class='list list-circle-arrow'><li>Etre capable de traverser le grand bassin sans mat\u00e9riel.<\/li><li>Ou avoir envie de d\u00e9passer ses peurs (groupes Aquaphobes et D\u00e9butants sur les 2 cr\u00e9neaux &#8212; 20h \u00e0 21h et 21h \u00e0 22h).<\/li><\/ul>[vc_column_text]<strong>Finalit\u00e9s:<\/strong>[\/vc_column_text]<ul class='list list-circle-arrow'><li>Un programme adapt\u00e9 pour reprendre ou parfaire une activit\u00e9 physique dans la bonne humeur.<\/li><\/ul>[\/vc_column][\/vc_row][vc_row][vc_column][\/vc_column][\/vc_row][vc_row content_placement=&#8221;middle&#8221;][vc_column width=&#8221;1\/3&#8243;][vc_custom_heading text=&#8221;TRANCHES D&#8217;AGE&#8221; font_container=&#8221;tag:h4|text_align:center|color:%2300785a&#8221; google_fonts=&#8221;font_family:Montserrat%20Subrayada%3Aregular%2C700|font_style:400%20regular%3A400%3Anormal&#8221;][vc_message message_box_color=&#8221;alert-success&#8221; icon_fontawesome=&#8221;&#8221;]2007 et avant[\/vc_message][\/vc_column][vc_column width=&#8221;1\/3&#8243;][vc_custom_heading text=&#8221;FREQUENCE&#8221; font_container=&#8221;tag:h4|text_align:center|color:%2300785a&#8221; google_fonts=&#8221;font_family:Montserrat%20Subrayada%3Aregular%2C700|font_style:400%20regular%3A400%3Anormal&#8221;][vc_message message_box_color=&#8221;alert-success&#8221; icon_fontawesome=&#8221;fa fa-refresh&#8221;]1 s\u00e9ance hebdomadaire de 1 heure[\/vc_message][\/vc_column][vc_column width=&#8221;1\/3&#8243;][vc_custom_heading text=&#8221;HORAIRES&#8221; font_container=&#8221;tag:h4|text_align:center|color:%2300785a&#8221; google_fonts=&#8221;font_family:Montserrat%20Subrayada%3Aregular%2C700|font_style:400%20regular%3A400%3Anormal&#8221;][vc_message message_box_color=&#8221;alert-success&#8221; icon_fontawesome=&#8221;fa fa-clock-o&#8221;]<\/p><ul><li><strong>Mercredi<\/strong> : 8h00 \u00e0 9h00<\/li><li><strong>Mercredi<\/strong> : 20h00 \u00e0 21h00<\/li><li><strong>Mercredi<\/strong> : 21h00 \u00e0 22h00<\/li><\/ul><p>[\/vc_message][\/vc_column][\/vc_row][vc_row][vc_column][\/vc_column][\/vc_row]<\/p>\t\t\t\t\t<\/div>\n\t\t\t\t\t\t<\/div>\n\t\t\t\t<\/div>\n\t\t\t\t\t\t<\/div>\n\t\t\t\t\t<\/div>\n\t\t<\/div>\n\t\t\t\t\t\t\t\t<\/div>\n\t\t\t\t\t<\/div>\n\t\t<\/section>\n\t\t\t\t\t\t\t\t\t<\/div>\n\t\t\t<\/div>\n\t\t\t\t\t<\/div>\n\t\t","protected":false},"excerpt":{"rendered":"<p>[vc_row content_placement=&#8221;middle&#8221; el_id=&#8221;loisirs-menu&#8221;][vc_column width=&#8221;1\/6&#8243;][vc_btn title=&#8221;Si votre enfant est grand d\u00e9butant, n\u00e9 entre 2015 et 2018&#8243; style=&#8221;outline&#8221; color=&#8221;turquoise&#8221; size=&#8221;lg&#8221; align=&#8221;center&#8221; button_block=&#8221;true&#8221; link=&#8221;url:%23dauphins|title:Oursins||&#8221;][\/vc_column][vc_column width=&#8221;1\/6&#8243;][vc_btn title=&#8221;Si votre enfant est n\u00e9 entre 2017 et 2018&#8243; style=&#8221;outline&#8221; color=&#8221;sky&#8221; size=&#8221;lg&#8221; align=&#8221;center&#8221; button_block=&#8221;true&#8221; link=&#8221;url:%23poulpes|||&#8221; el_id=&#8221;goto_hippocampes&#8221;][\/vc_column][vc_column width=&#8221;1\/6&#8243;][vc_btn title=&#8221;Si &hellip;<\/p>\n","protected":false},"author":1,"featured_media":0,"parent":0,"menu_order":32,"comment_status":"closed","ping_status":"closed","template":"","meta":{"advgb_blocks_editor_width":"","advgb_blocks_columns_visual_guide":""},"yoast_head":"<!-- This site is optimized with the Yoast SEO plugin v16.5 - https:\/\/yoast.com\/wordpress\/plugins\/seo\/ -->\n<title>Apprentissage \/ Perfectionnement - Club Yerrois de Natation<\/title>\n<meta name=\"robots\" content=\"index, follow, max-snippet:-1, max-image-preview:large, max-video-preview:-1\" \/>\n<link rel=\"canonical\" href=\"https:\/\/www.cyn91.fr\/index.php\/natation-loisirs\/\" \/>\n<meta property=\"og:locale\" content=\"fr_FR\" \/>\n<meta property=\"og:type\" content=\"article\" \/>\n<meta property=\"og:title\" content=\"Apprentissage \/ Perfectionnement - Club Yerrois de Natation\" \/>\n<meta property=\"og:description\" content=\"[vc_row content_placement=&#8221;middle&#8221; el_id=&#8221;loisirs-menu&#8221;][vc_column width=&#8221;1\/6&#8243;][vc_btn title=&#8221;Si votre enfant est grand d\u00e9butant, n\u00e9 entre 2015 et 2018&#8243; style=&#8221;outline&#8221; color=&#8221;turquoise&#8221; size=&#8221;lg&#8221; align=&#8221;center&#8221; button_block=&#8221;true&#8221; link=&#8221;url:%23dauphins|title:Oursins||&#8221;][\/vc_column][vc_column width=&#8221;1\/6&#8243;][vc_btn title=&#8221;Si votre enfant est n\u00e9 entre 2017 et 2018&#8243; style=&#8221;outline&#8221; color=&#8221;sky&#8221; size=&#8221;lg&#8221; align=&#8221;center&#8221; button_block=&#8221;true&#8221; link=&#8221;url:%23poulpes|||&#8221; el_id=&#8221;goto_hippocampes&#8221;][\/vc_column][vc_column width=&#8221;1\/6&#8243;][vc_btn title=&#8221;Si &hellip;\" \/>\n<meta property=\"og:url\" content=\"https:\/\/www.cyn91.fr\/index.php\/natation-loisirs\/\" \/>\n<meta property=\"og:site_name\" content=\"Club Yerrois de Natation\" \/>\n<meta property=\"article:publisher\" content=\"https:\/\/www.facebook.com\/ClubYerroisNatation\" \/>\n<meta property=\"article:modified_time\" content=\"2025-06-25T10:04:23+00:00\" \/>\n<meta name=\"twitter:card\" content=\"summary_large_image\" \/>\n<meta name=\"twitter:label1\" content=\"Dur\u00e9e de lecture est.\" \/>\n\t<meta name=\"twitter:data1\" content=\"4 minutes\" \/>\n<script type=\"application\/ld+json\" class=\"yoast-schema-graph\">{\"@context\":\"https:\/\/schema.org\",\"@graph\":[{\"@type\":\"Organization\",\"@id\":\"https:\/\/www.cyn91.fr\/#organization\",\"name\":\"Club Yerrois de Natation\",\"url\":\"https:\/\/www.cyn91.fr\/\",\"sameAs\":[\"https:\/\/www.facebook.com\/ClubYerroisNatation\"],\"logo\":{\"@type\":\"ImageObject\",\"@id\":\"https:\/\/www.cyn91.fr\/#logo\",\"inLanguage\":\"fr-FR\",\"url\":\"https:\/\/www.cyn91.fr\/wp-content\/uploads\/Logos\/Logo-cyn_sans-texte_150x75.png\",\"contentUrl\":\"https:\/\/www.cyn91.fr\/wp-content\/uploads\/Logos\/Logo-cyn_sans-texte_150x75.png\",\"width\":150,\"height\":75,\"caption\":\"Club Yerrois de Natation\"},\"image\":{\"@id\":\"https:\/\/www.cyn91.fr\/#logo\"}},{\"@type\":\"WebSite\",\"@id\":\"https:\/\/www.cyn91.fr\/#website\",\"url\":\"https:\/\/www.cyn91.fr\/\",\"name\":\"Club Yerrois de Natation\",\"description\":\"Club Yerrois de Natation\",\"publisher\":{\"@id\":\"https:\/\/www.cyn91.fr\/#organization\"},\"potentialAction\":[{\"@type\":\"SearchAction\",\"target\":\"https:\/\/www.cyn91.fr\/?s={search_term_string}\",\"query-input\":\"required name=search_term_string\"}],\"inLanguage\":\"fr-FR\"},{\"@type\":\"WebPage\",\"@id\":\"https:\/\/www.cyn91.fr\/index.php\/natation-loisirs\/#webpage\",\"url\":\"https:\/\/www.cyn91.fr\/index.php\/natation-loisirs\/\",\"name\":\"Apprentissage \/ Perfectionnement - Club Yerrois de Natation\",\"isPartOf\":{\"@id\":\"https:\/\/www.cyn91.fr\/#website\"},\"datePublished\":\"2016-07-20T22:49:47+00:00\",\"dateModified\":\"2025-06-25T10:04:23+00:00\",\"breadcrumb\":{\"@id\":\"https:\/\/www.cyn91.fr\/index.php\/natation-loisirs\/#breadcrumb\"},\"inLanguage\":\"fr-FR\",\"potentialAction\":[{\"@type\":\"ReadAction\",\"target\":[\"https:\/\/www.cyn91.fr\/index.php\/natation-loisirs\/\"]}]},{\"@type\":\"BreadcrumbList\",\"@id\":\"https:\/\/www.cyn91.fr\/index.php\/natation-loisirs\/#breadcrumb\",\"itemListElement\":[{\"@type\":\"ListItem\",\"position\":1,\"name\":\"Accueil\",\"item\":\"https:\/\/www.cyn91.fr\/\"},{\"@type\":\"ListItem\",\"position\":2,\"name\":\"Apprentissage \/ Perfectionnement\"}]}]}<\/script>\n<!-- \/ Yoast SEO plugin. -->","coauthors":[],"author_meta":{"author_link":"https:\/\/www.cyn91.fr\/index.php\/author\/mikchek91\/","display_name":"Michael"},"relative_dates":{"created":"Publi\u00e9 10 ans il y a","modified":"Mis \u00e0 jour 11 mois il y a"},"absolute_dates":{"created":"Publi\u00e9 le 21 juillet 2016","modified":"Mise \u00e0 jour le 25 juin 2025"},"absolute_dates_time":{"created":"Publi\u00e9 le 21 juillet 2016 0 h 49 min","modified":"Mise \u00e0 jour le 25 juin 2025 12 h 04 min"},"featured_img_caption":"","featured_img":false,"series_order":"","post_mailing_queue_ids":[],"_links":{"self":[{"href":"https:\/\/www.cyn91.fr\/index.php\/wp-json\/wp\/v2\/pages\/1969"}],"collection":[{"href":"https:\/\/www.cyn91.fr\/index.php\/wp-json\/wp\/v2\/pages"}],"about":[{"href":"https:\/\/www.cyn91.fr\/index.php\/wp-json\/wp\/v2\/types\/page"}],"author":[{"embeddable":true,"href":"https:\/\/www.cyn91.fr\/index.php\/wp-json\/wp\/v2\/users\/1"}],"replies":[{"embeddable":true,"href":"https:\/\/www.cyn91.fr\/index.php\/wp-json\/wp\/v2\/comments?post=1969"}],"version-history":[{"count":136,"href":"https:\/\/www.cyn91.fr\/index.php\/wp-json\/wp\/v2\/pages\/1969\/revisions"}],"predecessor-version":[{"id":878916,"href":"https:\/\/www.cyn91.fr\/index.php\/wp-json\/wp\/v2\/pages\/1969\/revisions\/878916"}],"wp:attachment":[{"href":"https:\/\/www.cyn91.fr\/index.php\/wp-json\/wp\/v2\/media?parent=1969"}],"curies":[{"name":"wp","href":"https:\/\/api.w.org\/{rel}","templated":true}]}}