{"id":1971,"date":"2016-07-21T00:50:03","date_gmt":"2016-07-20T22:50:03","guid":{"rendered":"http:\/\/www.sldn-consulting.com\/cyn\/?page_id=1971"},"modified":"2025-06-10T11:01:13","modified_gmt":"2025-06-10T09:01:13","slug":"aquagym","status":"publish","type":"page","link":"https:\/\/www.cyn91.fr\/index.php\/aquagym\/","title":{"rendered":"Aquagym"},"content":{"rendered":"\t\t<div data-elementor-type=\"wp-page\" data-elementor-id=\"1971\" class=\"elementor elementor-1971\">\n\t\t\t\t\t\t<div class=\"elementor-inner\">\n\t\t\t\t<div class=\"elementor-section-wrap\">\n\t\t\t\t\t\t\t\t\t<section class=\"elementor-section elementor-top-section elementor-element elementor-element-d7ccc06 elementor-section-boxed elementor-section-height-default elementor-section-height-default\" data-id=\"d7ccc06\" data-element_type=\"section\">\n\t\t\t\t\t\t<div class=\"elementor-container elementor-column-gap-default\">\n\t\t\t\t\t\t\t<div class=\"elementor-row\">\n\t\t\t\t\t<div class=\"elementor-column elementor-col-100 elementor-top-column elementor-element elementor-element-127eddb\" data-id=\"127eddb\" data-element_type=\"column\">\n\t\t\t<div class=\"elementor-column-wrap elementor-element-populated\">\n\t\t\t\t\t\t\t<div class=\"elementor-widget-wrap\">\n\t\t\t\t\t\t<div class=\"elementor-element elementor-element-1cf6e32e elementor-widget elementor-widget-text-editor\" data-id=\"1cf6e32e\" data-element_type=\"widget\" data-widget_type=\"text-editor.default\">\n\t\t\t\t<div class=\"elementor-widget-container\">\n\t\t\t\t\t\t\t\t<div class=\"elementor-text-editor elementor-clearfix\">\n\t\t\t\t<p>[vc_row][vc_column][vc_column_text]<!-- wp:paragraph --><br><!-- \/wp:paragraph --><!-- wp:paragraph {\"textColor\":\"very-dark-gray\"} -->Notre activit\u00e9 <strong>Aquagym<\/strong> est le bon moyen de garder ou de parfaire sa condition physique.<br>Nos s\u00e9ances se composent d\u2019un v\u00e9ritable entra\u00eenement avec un \u00e9chauffement, une partie travaill\u00e9e en rythme et cadence puis un retour au calme avec \u00e9tirements et relaxation.<br>Les s\u00e9ances se d\u00e9roulent dans le bassin ludique.[\/vc_column_text][\/vc_column][\/vc_row][vc_row content_placement=&#8221;middle&#8221;][vc_column width=&#8221;1\/3&#8243;][vc_custom_heading text=&#8221;TRANCHES D&#8217;AGE&#8221; font_container=&#8221;tag:h4|text_align:center|color:%2300785a&#8221; google_fonts=&#8221;font_family:Montserrat%20Subrayada%3Aregular%2C700|font_style:400%20regular%3A400%3Anormal&#8221;][vc_message message_box_color=&#8221;alert-success&#8221;]+ 18 ans[\/vc_message][\/vc_column][vc_column width=&#8221;1\/3&#8243;][vc_custom_heading text=&#8221;FREQUENCE&#8221; font_container=&#8221;tag:h4|text_align:center|color:%2300785a&#8221; google_fonts=&#8221;font_family:Montserrat%20Subrayada%3Aregular%2C700|font_style:400%20regular%3A400%3Anormal&#8221;][vc_message message_box_color=&#8221;alert-success&#8221; icon_fontawesome=&#8221;fa fa-calendar&#8221;]1 s\u00e9ance hebdomadaire[\/vc_message][\/vc_column][vc_column width=&#8221;1\/3&#8243;][vc_custom_heading text=&#8221;HORAIRES&#8221; font_container=&#8221;tag:h4|text_align:center|color:%2300785a&#8221; google_fonts=&#8221;font_family:Montserrat%20Subrayada%3Aregular%2C700|font_style:400%20regular%3A400%3Anormal&#8221;][vc_message message_box_color=&#8221;alert-success&#8221; icon_fontawesome=&#8221;&#8221;]<\/p>\n<p>Lundi : 20h30 \/ 21h30<\/p>\n<p>[\/vc_message][\/vc_column][\/vc_row]<\/p>\t\t\t\t\t<\/div>\n\t\t\t\t\t\t<\/div>\n\t\t\t\t<\/div>\n\t\t\t\t\t\t<\/div>\n\t\t\t\t\t<\/div>\n\t\t<\/div>\n\t\t\t\t\t\t\t\t<\/div>\n\t\t\t\t\t<\/div>\n\t\t<\/section>\n\t\t\t\t\t\t\t\t\t<\/div>\n\t\t\t<\/div>\n\t\t\t\t\t<\/div>\n\t\t","protected":false},"excerpt":{"rendered":"<p>[vc_row][vc_column][vc_column_text]Notre activit\u00e9 Aquagym est le bon moyen de garder ou de parfaire sa condition physique.Nos s\u00e9ances se composent d\u2019un v\u00e9ritable entra\u00eenement avec un \u00e9chauffement, une partie travaill\u00e9e en rythme et cadence puis un retour au calme avec \u00e9tirements et relaxation.Les &hellip;<\/p>\n","protected":false},"author":1,"featured_media":0,"parent":0,"menu_order":24,"comment_status":"closed","ping_status":"closed","template":"","meta":{"advgb_blocks_editor_width":"","advgb_blocks_columns_visual_guide":""},"yoast_head":"<!-- This site is optimized with the Yoast SEO plugin v16.5 - https:\/\/yoast.com\/wordpress\/plugins\/seo\/ -->\n<title>Aquagym - Club Yerrois de Natation<\/title>\n<meta name=\"robots\" content=\"index, follow, max-snippet:-1, max-image-preview:large, max-video-preview:-1\" \/>\n<link rel=\"canonical\" href=\"https:\/\/www.cyn91.fr\/index.php\/aquagym\/\" \/>\n<meta property=\"og:locale\" content=\"fr_FR\" \/>\n<meta property=\"og:type\" content=\"article\" \/>\n<meta property=\"og:title\" content=\"Aquagym - Club Yerrois de Natation\" \/>\n<meta property=\"og:description\" content=\"[vc_row][vc_column][vc_column_text]Notre activit\u00e9 Aquagym est le bon moyen de garder ou de parfaire sa condition physique.Nos s\u00e9ances se composent d\u2019un v\u00e9ritable entra\u00eenement avec un \u00e9chauffement, une partie travaill\u00e9e en rythme et cadence puis un retour au calme avec \u00e9tirements et relaxation.Les &hellip;\" \/>\n<meta property=\"og:url\" content=\"https:\/\/www.cyn91.fr\/index.php\/aquagym\/\" \/>\n<meta property=\"og:site_name\" content=\"Club Yerrois de Natation\" \/>\n<meta property=\"article:publisher\" content=\"https:\/\/www.facebook.com\/ClubYerroisNatation\" \/>\n<meta property=\"article:modified_time\" content=\"2025-06-10T09:01:13+00:00\" \/>\n<meta name=\"twitter:card\" content=\"summary_large_image\" \/>\n<meta name=\"twitter:label1\" content=\"Dur\u00e9e de lecture est.\" \/>\n\t<meta name=\"twitter:data1\" content=\"1 minute\" \/>\n<script type=\"application\/ld+json\" class=\"yoast-schema-graph\">{\"@context\":\"https:\/\/schema.org\",\"@graph\":[{\"@type\":\"Organization\",\"@id\":\"https:\/\/www.cyn91.fr\/#organization\",\"name\":\"Club Yerrois de Natation\",\"url\":\"https:\/\/www.cyn91.fr\/\",\"sameAs\":[\"https:\/\/www.facebook.com\/ClubYerroisNatation\"],\"logo\":{\"@type\":\"ImageObject\",\"@id\":\"https:\/\/www.cyn91.fr\/#logo\",\"inLanguage\":\"fr-FR\",\"url\":\"https:\/\/www.cyn91.fr\/wp-content\/uploads\/Logos\/Logo-cyn_sans-texte_150x75.png\",\"contentUrl\":\"https:\/\/www.cyn91.fr\/wp-content\/uploads\/Logos\/Logo-cyn_sans-texte_150x75.png\",\"width\":150,\"height\":75,\"caption\":\"Club Yerrois de Natation\"},\"image\":{\"@id\":\"https:\/\/www.cyn91.fr\/#logo\"}},{\"@type\":\"WebSite\",\"@id\":\"https:\/\/www.cyn91.fr\/#website\",\"url\":\"https:\/\/www.cyn91.fr\/\",\"name\":\"Club Yerrois de Natation\",\"description\":\"Club Yerrois de Natation\",\"publisher\":{\"@id\":\"https:\/\/www.cyn91.fr\/#organization\"},\"potentialAction\":[{\"@type\":\"SearchAction\",\"target\":\"https:\/\/www.cyn91.fr\/?s={search_term_string}\",\"query-input\":\"required name=search_term_string\"}],\"inLanguage\":\"fr-FR\"},{\"@type\":\"WebPage\",\"@id\":\"https:\/\/www.cyn91.fr\/index.php\/aquagym\/#webpage\",\"url\":\"https:\/\/www.cyn91.fr\/index.php\/aquagym\/\",\"name\":\"Aquagym - Club Yerrois de Natation\",\"isPartOf\":{\"@id\":\"https:\/\/www.cyn91.fr\/#website\"},\"datePublished\":\"2016-07-20T22:50:03+00:00\",\"dateModified\":\"2025-06-10T09:01:13+00:00\",\"breadcrumb\":{\"@id\":\"https:\/\/www.cyn91.fr\/index.php\/aquagym\/#breadcrumb\"},\"inLanguage\":\"fr-FR\",\"potentialAction\":[{\"@type\":\"ReadAction\",\"target\":[\"https:\/\/www.cyn91.fr\/index.php\/aquagym\/\"]}]},{\"@type\":\"BreadcrumbList\",\"@id\":\"https:\/\/www.cyn91.fr\/index.php\/aquagym\/#breadcrumb\",\"itemListElement\":[{\"@type\":\"ListItem\",\"position\":1,\"name\":\"Accueil\",\"item\":\"https:\/\/www.cyn91.fr\/\"},{\"@type\":\"ListItem\",\"position\":2,\"name\":\"Aquagym\"}]}]}<\/script>\n<!-- \/ Yoast SEO plugin. -->","coauthors":[],"author_meta":{"author_link":"https:\/\/www.cyn91.fr\/index.php\/author\/mikchek91\/","display_name":"Michael"},"relative_dates":{"created":"Publi\u00e9 10 ans il y a","modified":"Mis \u00e0 jour 11 mois il y a"},"absolute_dates":{"created":"Publi\u00e9 le 21 juillet 2016","modified":"Mise \u00e0 jour le 10 juin 2025"},"absolute_dates_time":{"created":"Publi\u00e9 le 21 juillet 2016 0 h 50 min","modified":"Mise \u00e0 jour le 10 juin 2025 11 h 01 min"},"featured_img_caption":"","featured_img":false,"series_order":"","post_mailing_queue_ids":[],"_links":{"self":[{"href":"https:\/\/www.cyn91.fr\/index.php\/wp-json\/wp\/v2\/pages\/1971"}],"collection":[{"href":"https:\/\/www.cyn91.fr\/index.php\/wp-json\/wp\/v2\/pages"}],"about":[{"href":"https:\/\/www.cyn91.fr\/index.php\/wp-json\/wp\/v2\/types\/page"}],"author":[{"embeddable":true,"href":"https:\/\/www.cyn91.fr\/index.php\/wp-json\/wp\/v2\/users\/1"}],"replies":[{"embeddable":true,"href":"https:\/\/www.cyn91.fr\/index.php\/wp-json\/wp\/v2\/comments?post=1971"}],"version-history":[{"count":74,"href":"https:\/\/www.cyn91.fr\/index.php\/wp-json\/wp\/v2\/pages\/1971\/revisions"}],"predecessor-version":[{"id":878790,"href":"https:\/\/www.cyn91.fr\/index.php\/wp-json\/wp\/v2\/pages\/1971\/revisions\/878790"}],"wp:attachment":[{"href":"https:\/\/www.cyn91.fr\/index.php\/wp-json\/wp\/v2\/media?parent=1971"}],"curies":[{"name":"wp","href":"https:\/\/api.w.org\/{rel}","templated":true}]}}