{"id":2036,"date":"2016-07-25T04:45:52","date_gmt":"2016-07-25T02:45:52","guid":{"rendered":"http:\/\/www.sldn-consulting.com\/cyn\/?page_id=2036"},"modified":"2023-09-01T14:10:48","modified_gmt":"2023-09-01T12:10:48","slug":"equipe-pedagogique","status":"publish","type":"page","link":"https:\/\/www.cyn91.fr\/index.php\/equipe-pedagogique\/","title":{"rendered":"Equipe p\u00e9dagogique"},"content":{"rendered":"\t\t<div data-elementor-type=\"wp-page\" data-elementor-id=\"2036\" class=\"elementor elementor-2036\">\n\t\t\t\t\t\t<div class=\"elementor-inner\">\n\t\t\t\t<div class=\"elementor-section-wrap\">\n\t\t\t\t\t\t\t\t\t<section class=\"elementor-section elementor-top-section elementor-element elementor-element-2a029693 elementor-section-boxed elementor-section-height-default elementor-section-height-default\" data-id=\"2a029693\" data-element_type=\"section\">\n\t\t\t\t\t\t<div class=\"elementor-container elementor-column-gap-default\">\n\t\t\t\t\t\t\t<div class=\"elementor-row\">\n\t\t\t\t\t<div class=\"elementor-column elementor-col-100 elementor-top-column elementor-element elementor-element-1cc7123d\" data-id=\"1cc7123d\" data-element_type=\"column\">\n\t\t\t<div class=\"elementor-column-wrap elementor-element-populated\">\n\t\t\t\t\t\t\t<div class=\"elementor-widget-wrap\">\n\t\t\t\t\t\t<section class=\"elementor-section elementor-inner-section elementor-element elementor-element-47414cd elementor-section-boxed elementor-section-height-default elementor-section-height-default\" data-id=\"47414cd\" data-element_type=\"section\">\n\t\t\t\t\t\t<div class=\"elementor-container elementor-column-gap-default\">\n\t\t\t\t\t\t\t<div class=\"elementor-row\">\n\t\t\t\t\t<div class=\"elementor-column elementor-col-33 elementor-inner-column elementor-element elementor-element-5e2e4d1\" data-id=\"5e2e4d1\" data-element_type=\"column\">\n\t\t\t<div class=\"elementor-column-wrap elementor-element-populated\">\n\t\t\t\t\t\t\t<div class=\"elementor-widget-wrap\">\n\t\t\t\t\t\t<div class=\"elementor-element elementor-element-65add8d elementor-position-top elementor-vertical-align-top elementor-widget elementor-widget-image-box\" data-id=\"65add8d\" data-element_type=\"widget\" data-widget_type=\"image-box.default\">\n\t\t\t\t<div class=\"elementor-widget-container\">\n\t\t\t<div class=\"elementor-image-box-wrapper\"><figure class=\"elementor-image-box-img\"><img width=\"380\" height=\"380\" src=\"https:\/\/www.cyn91.fr\/wp-content\/uploads\/2020\/10\/person-male-icon.png\" class=\"attachment-full size-full\" alt=\"\" loading=\"lazy\" \/><\/figure><div class=\"elementor-image-box-content\"><h3 class=\"elementor-image-box-title\">J\u00e9r\u00f4me SOLDINI<\/h3><p class=\"elementor-image-box-description\"><br>Directeur Technique<br>Equipe 1 \/ Classes sportives \/ Benjamins \/ ENF<\/p><\/div><\/div>\t\t<\/div>\n\t\t\t\t<\/div>\n\t\t\t\t\t\t<\/div>\n\t\t\t\t\t<\/div>\n\t\t<\/div>\n\t\t\t\t<div class=\"elementor-column elementor-col-33 elementor-inner-column elementor-element elementor-element-f55164a\" data-id=\"f55164a\" data-element_type=\"column\">\n\t\t\t<div class=\"elementor-column-wrap elementor-element-populated\">\n\t\t\t\t\t\t\t<div class=\"elementor-widget-wrap\">\n\t\t\t\t\t\t<div class=\"elementor-element elementor-element-1948a07 elementor-position-top elementor-vertical-align-top elementor-widget elementor-widget-image-box\" data-id=\"1948a07\" data-element_type=\"widget\" data-widget_type=\"image-box.default\">\n\t\t\t\t<div class=\"elementor-widget-container\">\n\t\t\t<div class=\"elementor-image-box-wrapper\"><figure class=\"elementor-image-box-img\"><img width=\"380\" height=\"380\" src=\"https:\/\/www.cyn91.fr\/wp-content\/uploads\/2020\/10\/person-male-icon.png\" class=\"attachment-full size-full\" alt=\"\" loading=\"lazy\" \/><\/figure><div class=\"elementor-image-box-content\"><h3 class=\"elementor-image-box-title\">Aur\u00e8le LESPICQ<\/h3><p class=\"elementor-image-box-description\"><br>Responsable ENF<br>Groupes ENF \/ Loisirs<\/p><\/div><\/div>\t\t<\/div>\n\t\t\t\t<\/div>\n\t\t\t\t\t\t<\/div>\n\t\t\t\t\t<\/div>\n\t\t<\/div>\n\t\t\t\t<div class=\"elementor-column elementor-col-33 elementor-inner-column elementor-element elementor-element-7731e15\" data-id=\"7731e15\" data-element_type=\"column\">\n\t\t\t<div class=\"elementor-column-wrap elementor-element-populated\">\n\t\t\t\t\t\t\t<div class=\"elementor-widget-wrap\">\n\t\t\t\t\t\t<div class=\"elementor-element elementor-element-13e7f5b elementor-position-top elementor-vertical-align-top elementor-widget elementor-widget-image-box\" data-id=\"13e7f5b\" data-element_type=\"widget\" data-widget_type=\"image-box.default\">\n\t\t\t\t<div class=\"elementor-widget-container\">\n\t\t\t<div class=\"elementor-image-box-wrapper\"><figure class=\"elementor-image-box-img\"><img width=\"1600\" height=\"1600\" src=\"https:\/\/www.cyn91.fr\/wp-content\/uploads\/2020\/10\/person-female-icon.png\" class=\"attachment-full size-full\" alt=\"\" loading=\"lazy\" \/><\/figure><div class=\"elementor-image-box-content\"><h3 class=\"elementor-image-box-title\">Marie FLOURY<\/h3><p class=\"elementor-image-box-description\"><br>Responsable Avenirs<br>Groupes Avenirs \/ ENF \/ Loisirs<\/p><\/div><\/div>\t\t<\/div>\n\t\t\t\t<\/div>\n\t\t\t\t\t\t<\/div>\n\t\t\t\t\t<\/div>\n\t\t<\/div>\n\t\t\t\t\t\t\t\t<\/div>\n\t\t\t\t\t<\/div>\n\t\t<\/section>\n\t\t\t\t\t\t<\/div>\n\t\t\t\t\t<\/div>\n\t\t<\/div>\n\t\t\t\t\t\t\t\t<\/div>\n\t\t\t\t\t<\/div>\n\t\t<\/section>\n\t\t\t\t<section class=\"elementor-section elementor-top-section elementor-element elementor-element-b3fae23 elementor-section-boxed elementor-section-height-default elementor-section-height-default\" data-id=\"b3fae23\" data-element_type=\"section\">\n\t\t\t\t\t\t<div class=\"elementor-container elementor-column-gap-default\">\n\t\t\t\t\t\t\t<div class=\"elementor-row\">\n\t\t\t\t\t<div class=\"elementor-column elementor-col-100 elementor-top-column elementor-element elementor-element-c4c5d9a\" data-id=\"c4c5d9a\" data-element_type=\"column\">\n\t\t\t<div class=\"elementor-column-wrap\">\n\t\t\t\t\t\t\t<div class=\"elementor-widget-wrap\">\n\t\t\t\t\t\t\t\t<\/div>\n\t\t\t\t\t<\/div>\n\t\t<\/div>\n\t\t\t\t\t\t\t\t<\/div>\n\t\t\t\t\t<\/div>\n\t\t<\/section>\n\t\t\t\t<section class=\"elementor-section elementor-top-section elementor-element elementor-element-832eb42 elementor-section-boxed elementor-section-height-default elementor-section-height-default\" data-id=\"832eb42\" data-element_type=\"section\">\n\t\t\t\t\t\t<div class=\"elementor-container elementor-column-gap-default\">\n\t\t\t\t\t\t\t<div class=\"elementor-row\">\n\t\t\t\t\t<div class=\"elementor-column elementor-col-33 elementor-top-column elementor-element elementor-element-dc709de\" data-id=\"dc709de\" data-element_type=\"column\">\n\t\t\t<div class=\"elementor-column-wrap elementor-element-populated\">\n\t\t\t\t\t\t\t<div class=\"elementor-widget-wrap\">\n\t\t\t\t\t\t<div class=\"elementor-element elementor-element-ea4461e elementor-position-top elementor-vertical-align-top elementor-widget elementor-widget-image-box\" data-id=\"ea4461e\" data-element_type=\"widget\" data-widget_type=\"image-box.default\">\n\t\t\t\t<div class=\"elementor-widget-container\">\n\t\t\t<div class=\"elementor-image-box-wrapper\"><figure class=\"elementor-image-box-img\"><img width=\"1600\" height=\"1600\" src=\"https:\/\/www.cyn91.fr\/wp-content\/uploads\/2020\/10\/person-female-icon.png\" class=\"attachment-full size-full\" alt=\"\" loading=\"lazy\" \/><\/figure><div class=\"elementor-image-box-content\"><h3 class=\"elementor-image-box-title\">Nathalie GARNIER<\/h3><p class=\"elementor-image-box-description\"><br>Loisirs Adultes<br> Aquaphobie \/ Sport Sant\u00e9<\/p><\/div><\/div>\t\t<\/div>\n\t\t\t\t<\/div>\n\t\t\t\t\t\t<\/div>\n\t\t\t\t\t<\/div>\n\t\t<\/div>\n\t\t\t\t<div class=\"elementor-column elementor-col-33 elementor-top-column elementor-element elementor-element-af459ac\" data-id=\"af459ac\" data-element_type=\"column\">\n\t\t\t<div class=\"elementor-column-wrap elementor-element-populated\">\n\t\t\t\t\t\t\t<div class=\"elementor-widget-wrap\">\n\t\t\t\t\t\t<div class=\"elementor-element elementor-element-1ba65e5 elementor-position-top elementor-vertical-align-top elementor-widget elementor-widget-image-box\" data-id=\"1ba65e5\" data-element_type=\"widget\" data-widget_type=\"image-box.default\">\n\t\t\t\t<div class=\"elementor-widget-container\">\n\t\t\t<div class=\"elementor-image-box-wrapper\"><figure class=\"elementor-image-box-img\"><img width=\"380\" height=\"380\" src=\"https:\/\/www.cyn91.fr\/wp-content\/uploads\/2020\/10\/person-male-icon.png\" class=\"attachment-full size-full\" alt=\"\" loading=\"lazy\" \/><\/figure><div class=\"elementor-image-box-content\"><h3 class=\"elementor-image-box-title\">Denis ADAM<\/h3><p class=\"elementor-image-box-description\"><br>Loisirs Adultes<\/p><\/div><\/div>\t\t<\/div>\n\t\t\t\t<\/div>\n\t\t\t\t\t\t<\/div>\n\t\t\t\t\t<\/div>\n\t\t<\/div>\n\t\t\t\t<div class=\"elementor-column elementor-col-33 elementor-top-column elementor-element elementor-element-4bbbe46\" data-id=\"4bbbe46\" data-element_type=\"column\">\n\t\t\t<div class=\"elementor-column-wrap elementor-element-populated\">\n\t\t\t\t\t\t\t<div class=\"elementor-widget-wrap\">\n\t\t\t\t\t\t<div class=\"elementor-element elementor-element-c7f388c elementor-position-top elementor-vertical-align-top elementor-widget elementor-widget-image-box\" data-id=\"c7f388c\" data-element_type=\"widget\" data-widget_type=\"image-box.default\">\n\t\t\t\t<div class=\"elementor-widget-container\">\n\t\t\t<div class=\"elementor-image-box-wrapper\"><figure class=\"elementor-image-box-img\"><img width=\"380\" height=\"380\" src=\"https:\/\/www.cyn91.fr\/wp-content\/uploads\/2020\/10\/person-male-icon.png\" class=\"attachment-full size-full\" alt=\"\" loading=\"lazy\" \/><\/figure><div class=\"elementor-image-box-content\"><h3 class=\"elementor-image-box-title\">Tom BERRUET<\/h3><p class=\"elementor-image-box-description\">Groupe Espoirs<br>Groupes ENF \/ Loisirs<\/p><\/div><\/div>\t\t<\/div>\n\t\t\t\t<\/div>\n\t\t\t\t\t\t<\/div>\n\t\t\t\t\t<\/div>\n\t\t<\/div>\n\t\t\t\t\t\t\t\t<\/div>\n\t\t\t\t\t<\/div>\n\t\t<\/section>\n\t\t\t\t\t\t\t\t\t<\/div>\n\t\t\t<\/div>\n\t\t\t\t\t<\/div>\n\t\t","protected":false},"excerpt":{"rendered":"<p>J\u00e9r\u00f4me SOLDINI Directeur TechniqueEquipe 1 \/ Classes sportives \/ Benjamins \/ ENF Aur\u00e8le LESPICQ Responsable ENFGroupes ENF \/ Loisirs Marie FLOURY Responsable AvenirsGroupes Avenirs \/ ENF \/ Loisirs Nathalie GARNIER Loisirs Adultes Aquaphobie \/ Sport Sant\u00e9 Denis ADAM Loisirs Adultes &hellip;<\/p>\n","protected":false},"author":1,"featured_media":0,"parent":0,"menu_order":29,"comment_status":"closed","ping_status":"closed","template":"","meta":{"advgb_blocks_editor_width":"","advgb_blocks_columns_visual_guide":""},"yoast_head":"<!-- This site is optimized with the Yoast SEO plugin v16.5 - https:\/\/yoast.com\/wordpress\/plugins\/seo\/ -->\n<title>Equipe p\u00e9dagogique - Club Yerrois de Natation<\/title>\n<meta name=\"robots\" content=\"index, follow, max-snippet:-1, max-image-preview:large, max-video-preview:-1\" \/>\n<link rel=\"canonical\" href=\"https:\/\/www.cyn91.fr\/index.php\/equipe-pedagogique\/\" \/>\n<meta property=\"og:locale\" content=\"fr_FR\" \/>\n<meta property=\"og:type\" content=\"article\" \/>\n<meta property=\"og:title\" content=\"Equipe p\u00e9dagogique - Club Yerrois de Natation\" \/>\n<meta property=\"og:description\" content=\"J\u00e9r\u00f4me SOLDINI Directeur TechniqueEquipe 1 \/ Classes sportives \/ Benjamins \/ ENF Aur\u00e8le LESPICQ Responsable ENFGroupes ENF \/ Loisirs Marie FLOURY Responsable AvenirsGroupes Avenirs \/ ENF \/ Loisirs Nathalie GARNIER Loisirs Adultes Aquaphobie \/ Sport Sant\u00e9 Denis ADAM Loisirs Adultes &hellip;\" \/>\n<meta property=\"og:url\" content=\"https:\/\/www.cyn91.fr\/index.php\/equipe-pedagogique\/\" \/>\n<meta property=\"og:site_name\" content=\"Club Yerrois de Natation\" \/>\n<meta property=\"article:publisher\" content=\"https:\/\/www.facebook.com\/ClubYerroisNatation\" \/>\n<meta property=\"article:modified_time\" content=\"2023-09-01T12:10:48+00:00\" \/>\n<meta property=\"og:image\" content=\"https:\/\/www.cyn91.fr\/wp-content\/uploads\/2020\/10\/person-male-icon.png\" \/>\n<meta name=\"twitter:card\" content=\"summary_large_image\" \/>\n<script type=\"application\/ld+json\" class=\"yoast-schema-graph\">{\"@context\":\"https:\/\/schema.org\",\"@graph\":[{\"@type\":\"Organization\",\"@id\":\"https:\/\/www.cyn91.fr\/#organization\",\"name\":\"Club Yerrois de Natation\",\"url\":\"https:\/\/www.cyn91.fr\/\",\"sameAs\":[\"https:\/\/www.facebook.com\/ClubYerroisNatation\"],\"logo\":{\"@type\":\"ImageObject\",\"@id\":\"https:\/\/www.cyn91.fr\/#logo\",\"inLanguage\":\"fr-FR\",\"url\":\"https:\/\/www.cyn91.fr\/wp-content\/uploads\/Logos\/Logo-cyn_sans-texte_150x75.png\",\"contentUrl\":\"https:\/\/www.cyn91.fr\/wp-content\/uploads\/Logos\/Logo-cyn_sans-texte_150x75.png\",\"width\":150,\"height\":75,\"caption\":\"Club Yerrois de Natation\"},\"image\":{\"@id\":\"https:\/\/www.cyn91.fr\/#logo\"}},{\"@type\":\"WebSite\",\"@id\":\"https:\/\/www.cyn91.fr\/#website\",\"url\":\"https:\/\/www.cyn91.fr\/\",\"name\":\"Club Yerrois de Natation\",\"description\":\"Club Yerrois de Natation\",\"publisher\":{\"@id\":\"https:\/\/www.cyn91.fr\/#organization\"},\"potentialAction\":[{\"@type\":\"SearchAction\",\"target\":\"https:\/\/www.cyn91.fr\/?s={search_term_string}\",\"query-input\":\"required name=search_term_string\"}],\"inLanguage\":\"fr-FR\"},{\"@type\":\"ImageObject\",\"@id\":\"https:\/\/www.cyn91.fr\/index.php\/equipe-pedagogique\/#primaryimage\",\"inLanguage\":\"fr-FR\",\"url\":\"https:\/\/www.cyn91.fr\/wp-content\/uploads\/2020\/10\/person-male-icon.png\",\"contentUrl\":\"https:\/\/www.cyn91.fr\/wp-content\/uploads\/2020\/10\/person-male-icon.png\",\"width\":380,\"height\":380},{\"@type\":\"WebPage\",\"@id\":\"https:\/\/www.cyn91.fr\/index.php\/equipe-pedagogique\/#webpage\",\"url\":\"https:\/\/www.cyn91.fr\/index.php\/equipe-pedagogique\/\",\"name\":\"Equipe p\\u00e9dagogique - Club Yerrois de Natation\",\"isPartOf\":{\"@id\":\"https:\/\/www.cyn91.fr\/#website\"},\"primaryImageOfPage\":{\"@id\":\"https:\/\/www.cyn91.fr\/index.php\/equipe-pedagogique\/#primaryimage\"},\"datePublished\":\"2016-07-25T02:45:52+00:00\",\"dateModified\":\"2023-09-01T12:10:48+00:00\",\"breadcrumb\":{\"@id\":\"https:\/\/www.cyn91.fr\/index.php\/equipe-pedagogique\/#breadcrumb\"},\"inLanguage\":\"fr-FR\",\"potentialAction\":[{\"@type\":\"ReadAction\",\"target\":[\"https:\/\/www.cyn91.fr\/index.php\/equipe-pedagogique\/\"]}]},{\"@type\":\"BreadcrumbList\",\"@id\":\"https:\/\/www.cyn91.fr\/index.php\/equipe-pedagogique\/#breadcrumb\",\"itemListElement\":[{\"@type\":\"ListItem\",\"position\":1,\"name\":\"Accueil\",\"item\":\"https:\/\/www.cyn91.fr\/\"},{\"@type\":\"ListItem\",\"position\":2,\"name\":\"Equipe p\\u00e9dagogique\"}]}]}<\/script>\n<!-- \/ Yoast SEO plugin. -->","coauthors":[],"author_meta":{"author_link":"https:\/\/www.cyn91.fr\/index.php\/author\/mikchek91\/","display_name":"Michael"},"relative_dates":{"created":"Publi\u00e9 10 ans il y a","modified":"Mis \u00e0 jour 3 ans il y a"},"absolute_dates":{"created":"Publi\u00e9 le 25 juillet 2016","modified":"Mise \u00e0 jour le 1 septembre 2023"},"absolute_dates_time":{"created":"Publi\u00e9 le 25 juillet 2016 4 h 45 min","modified":"Mise \u00e0 jour le 1 septembre 2023 14 h 10 min"},"featured_img_caption":"","featured_img":false,"series_order":"","post_mailing_queue_ids":[],"_links":{"self":[{"href":"https:\/\/www.cyn91.fr\/index.php\/wp-json\/wp\/v2\/pages\/2036"}],"collection":[{"href":"https:\/\/www.cyn91.fr\/index.php\/wp-json\/wp\/v2\/pages"}],"about":[{"href":"https:\/\/www.cyn91.fr\/index.php\/wp-json\/wp\/v2\/types\/page"}],"author":[{"embeddable":true,"href":"https:\/\/www.cyn91.fr\/index.php\/wp-json\/wp\/v2\/users\/1"}],"replies":[{"embeddable":true,"href":"https:\/\/www.cyn91.fr\/index.php\/wp-json\/wp\/v2\/comments?post=2036"}],"version-history":[{"count":60,"href":"https:\/\/www.cyn91.fr\/index.php\/wp-json\/wp\/v2\/pages\/2036\/revisions"}],"predecessor-version":[{"id":878006,"href":"https:\/\/www.cyn91.fr\/index.php\/wp-json\/wp\/v2\/pages\/2036\/revisions\/878006"}],"wp:attachment":[{"href":"https:\/\/www.cyn91.fr\/index.php\/wp-json\/wp\/v2\/media?parent=2036"}],"curies":[{"name":"wp","href":"https:\/\/api.w.org\/{rel}","templated":true}]}}