{"id":2434,"date":"2018-12-05T14:58:55","date_gmt":"2018-12-05T13:58:55","guid":{"rendered":"https:\/\/www.cyn91.fr\/?page_id=2434"},"modified":"2022-06-18T23:06:53","modified_gmt":"2022-06-18T21:06:53","slug":"activites","status":"publish","type":"page","link":"https:\/\/www.cyn91.fr\/index.php\/activites\/","title":{"rendered":"NOS ACTIVITES"},"content":{"rendered":"<p>[vc_row][vc_column][vc_column_text]<\/p>\n<p class=\"has-text-color has-very-dark-gray-color\">Pratiquer la natation comme un sport en comp\u00e9tition ou juste pour son loisir ou son bien-\u00eatre, depuis l&#8217;\u00e2ge de 5 ans jusqu&#8217;\u00e0 77 ans et plus (!), tout est possible au CYN.<\/p>\n<br \/>En plus des principales activit\u00e9s que vous retrouverez en d\u00e9tail en cliquant sur les liens ci-dessous, le club participe aux op\u00e9rations &#8220;<strong>Savoir Nager<\/strong>&#8221; mises en place par la FFN et l&#8217;Etat depuis 2015. Cliquez <a href=\"https:\/\/www.ffnatation.fr\/plan-japprends-nager-dispositif-ministeriel-citoyen\" target=\"_blank\" rel=\"noreferrer noopener\" aria-label=\"ici (opens in a new tab)\">ici <\/a>pour en savoir plus ou <a href=\"https:\/\/www.cyn91.fr\/index.php\/contact\/\">contactez-nous<\/a>.<br \/><br \/>\n<hr class=\"wp-block-separator\" \/>\n<br \/>\n<div class=\"wp-block-advgb-button aligncenter\"><a class=\"wp-block-advgb-button_link advgbbtn-015546ac-2819-4b72-9425-8491cf0bda1f\" href=\"index.php\/ecole-de-natation\" target=\"_self\" rel=\"noopener noreferrer\">Ecole de Natation Fran\u00e7aise<\/a><\/div>\n<br \/>\n<div class=\"wp-block-spacer\" style=\"height: 20px;\" aria-hidden=\"true\">\u00a0<\/div>\n<br \/>\n<div class=\"wp-block-advgb-button aligncenter\"><a class=\"wp-block-advgb-button_link advgbbtn-015546ac-2819-4b72-9425-8491cf0bda1f\" href=\"index.php\/natation-sportive\" target=\"_self\" rel=\"noopener noreferrer\">Natation Sportive<\/a><\/div>\n<br \/>\n<div class=\"wp-block-spacer\" style=\"height: 20px;\" aria-hidden=\"true\">\u00a0<\/div>\n<br \/>\n<div class=\"wp-block-advgb-button aligncenter\"><a class=\"wp-block-advgb-button_link advgbbtn-015546ac-2819-4b72-9425-8491cf0bda1f\" href=\"index.php\/natation-loisirs\" target=\"_self\" rel=\"noopener noreferrer\">Natation De Loisirs<\/a><\/div>\n<br \/>\n<div class=\"wp-block-spacer\" style=\"height: 20px;\" aria-hidden=\"true\">\u00a0<\/div>\n<br \/>\n<div class=\"wp-block-advgb-button aligncenter\"><a class=\"wp-block-advgb-button_link advgbbtn-015546ac-2819-4b72-9425-8491cf0bda1f\" href=\"index.php\/aquagym\" target=\"_self\" rel=\"noopener noreferrer\">Aquagym<\/a><\/div>\n<br \/>\n<div class=\"wp-block-spacer\" style=\"height: 30px;\" aria-hidden=\"true\">\u00a0<\/div>\n<p><br \/>\u00a0<\/p>\n<p>[\/vc_column_text][\/vc_column][\/vc_row][vc_row content_placement=&#8221;middle&#8221;][vc_column width=&#8221;1\/4&#8243;][\/vc_column][vc_column width=&#8221;1\/4&#8243;][\/vc_column][vc_column width=&#8221;1\/4&#8243;][\/vc_column][vc_column width=&#8221;1\/4&#8243;][\/vc_column][\/vc_row]<\/p>\n<style class=\"advgb-styles-renderer\">.advgbbtn-015546ac-2819-4b72-9425-8491cf0bda1f{font-size:18px;color:#fff !important;background-color:#5091CD !important;margin:0px 0px 0px 0px !important;padding:10px 30px 10px 30px;border-width:1px !important;border-style:none;border-radius:50px !important;}.advgbbtn-015546ac-2819-4b72-9425-8491cf0bda1f:hover{background-color:#29B1F4 !important;box-shadow:1px 1px 12px 0px #ccc;opacity:1;transition:all 0.2s ease;}.advgbbtn-015546ac-2819-4b72-9425-8491cf0bda1f > i {display: none !important;}.advgbbtn-015546ac-2819-4b72-9425-8491cf0bda1f{font-size:18px;color:#fff !important;background-color:#5091CD !important;margin:0px 0px 0px 0px !important;padding:10px 30px 10px 30px;border-width:1px !important;border-style:none;border-radius:50px !important;}.advgbbtn-015546ac-2819-4b72-9425-8491cf0bda1f:hover{background-color:#29B1F4 !important;box-shadow:1px 1px 12px 0px #ccc;opacity:1;transition:all 0.2s ease;}.advgbbtn-015546ac-2819-4b72-9425-8491cf0bda1f > i {display: none !important;}.advgbbtn-015546ac-2819-4b72-9425-8491cf0bda1f{font-size:18px;color:#fff !important;background-color:#5091CD !important;margin:0px 0px 0px 0px !important;padding:10px 30px 10px 30px;border-width:1px !important;border-style:none;border-radius:50px !important;}.advgbbtn-015546ac-2819-4b72-9425-8491cf0bda1f:hover{background-color:#29B1F4 !important;box-shadow:1px 1px 12px 0px #ccc;opacity:1;transition:all 0.2s ease;}.advgbbtn-015546ac-2819-4b72-9425-8491cf0bda1f > i {display: none !important;}.advgbbtn-015546ac-2819-4b72-9425-8491cf0bda1f{font-size:18px;color:#fff !important;background-color:#5091CD !important;margin:0px 0px 0px 0px !important;padding:10px 30px 10px 30px;border-width:1px !important;border-style:none;border-radius:50px !important;}.advgbbtn-015546ac-2819-4b72-9425-8491cf0bda1f:hover{background-color:#29B1F4 !important;box-shadow:1px 1px 12px 0px #ccc;opacity:1;transition:all 0.2s ease;}.advgbbtn-015546ac-2819-4b72-9425-8491cf0bda1f > i {display: none !important;}<\/style>","protected":false},"excerpt":{"rendered":"<p>[vc_row][vc_column][vc_column_text] Pratiquer la natation comme un sport en comp\u00e9tition ou juste pour son loisir ou son bien-\u00eatre, depuis l&#8217;\u00e2ge de 5 ans jusqu&#8217;\u00e0 77 ans et plus (!), tout est possible au CYN. En plus des principales activit\u00e9s que vous &hellip;<\/p>\n","protected":false},"author":1,"featured_media":0,"parent":0,"menu_order":34,"comment_status":"closed","ping_status":"closed","template":"","meta":{"advgb_blocks_editor_width":"","advgb_blocks_columns_visual_guide":""},"yoast_head":"<!-- This site is optimized with the Yoast SEO plugin v16.5 - https:\/\/yoast.com\/wordpress\/plugins\/seo\/ -->\n<title>NOS ACTIVITES - Club Yerrois de Natation<\/title>\n<meta name=\"robots\" content=\"index, follow, max-snippet:-1, max-image-preview:large, max-video-preview:-1\" \/>\n<link rel=\"canonical\" href=\"https:\/\/www.cyn91.fr\/index.php\/activites\/\" \/>\n<meta property=\"og:locale\" content=\"fr_FR\" \/>\n<meta property=\"og:type\" content=\"article\" \/>\n<meta property=\"og:title\" content=\"NOS ACTIVITES - Club Yerrois de Natation\" \/>\n<meta property=\"og:description\" content=\"[vc_row][vc_column][vc_column_text] Pratiquer la natation comme un sport en comp\u00e9tition ou juste pour son loisir ou son bien-\u00eatre, depuis l&#8217;\u00e2ge de 5 ans jusqu&#8217;\u00e0 77 ans et plus (!), tout est possible au CYN. En plus des principales activit\u00e9s que vous &hellip;\" \/>\n<meta property=\"og:url\" content=\"https:\/\/www.cyn91.fr\/index.php\/activites\/\" \/>\n<meta property=\"og:site_name\" content=\"Club Yerrois de Natation\" \/>\n<meta property=\"article:publisher\" content=\"https:\/\/www.facebook.com\/ClubYerroisNatation\" \/>\n<meta property=\"article:modified_time\" content=\"2022-06-18T21:06:53+00:00\" \/>\n<meta name=\"twitter:card\" content=\"summary_large_image\" \/>\n<meta name=\"twitter:label1\" content=\"Dur\u00e9e de lecture est.\" \/>\n\t<meta name=\"twitter:data1\" content=\"1 minute\" \/>\n<script type=\"application\/ld+json\" class=\"yoast-schema-graph\">{\"@context\":\"https:\/\/schema.org\",\"@graph\":[{\"@type\":\"Organization\",\"@id\":\"https:\/\/www.cyn91.fr\/#organization\",\"name\":\"Club Yerrois de Natation\",\"url\":\"https:\/\/www.cyn91.fr\/\",\"sameAs\":[\"https:\/\/www.facebook.com\/ClubYerroisNatation\"],\"logo\":{\"@type\":\"ImageObject\",\"@id\":\"https:\/\/www.cyn91.fr\/#logo\",\"inLanguage\":\"fr-FR\",\"url\":\"https:\/\/www.cyn91.fr\/wp-content\/uploads\/Logos\/Logo-cyn_sans-texte_150x75.png\",\"contentUrl\":\"https:\/\/www.cyn91.fr\/wp-content\/uploads\/Logos\/Logo-cyn_sans-texte_150x75.png\",\"width\":150,\"height\":75,\"caption\":\"Club Yerrois de Natation\"},\"image\":{\"@id\":\"https:\/\/www.cyn91.fr\/#logo\"}},{\"@type\":\"WebSite\",\"@id\":\"https:\/\/www.cyn91.fr\/#website\",\"url\":\"https:\/\/www.cyn91.fr\/\",\"name\":\"Club Yerrois de Natation\",\"description\":\"Club Yerrois de Natation\",\"publisher\":{\"@id\":\"https:\/\/www.cyn91.fr\/#organization\"},\"potentialAction\":[{\"@type\":\"SearchAction\",\"target\":\"https:\/\/www.cyn91.fr\/?s={search_term_string}\",\"query-input\":\"required name=search_term_string\"}],\"inLanguage\":\"fr-FR\"},{\"@type\":\"WebPage\",\"@id\":\"https:\/\/www.cyn91.fr\/index.php\/activites\/#webpage\",\"url\":\"https:\/\/www.cyn91.fr\/index.php\/activites\/\",\"name\":\"NOS ACTIVITES - Club Yerrois de Natation\",\"isPartOf\":{\"@id\":\"https:\/\/www.cyn91.fr\/#website\"},\"datePublished\":\"2018-12-05T13:58:55+00:00\",\"dateModified\":\"2022-06-18T21:06:53+00:00\",\"breadcrumb\":{\"@id\":\"https:\/\/www.cyn91.fr\/index.php\/activites\/#breadcrumb\"},\"inLanguage\":\"fr-FR\",\"potentialAction\":[{\"@type\":\"ReadAction\",\"target\":[\"https:\/\/www.cyn91.fr\/index.php\/activites\/\"]}]},{\"@type\":\"BreadcrumbList\",\"@id\":\"https:\/\/www.cyn91.fr\/index.php\/activites\/#breadcrumb\",\"itemListElement\":[{\"@type\":\"ListItem\",\"position\":1,\"name\":\"Accueil\",\"item\":\"https:\/\/www.cyn91.fr\/\"},{\"@type\":\"ListItem\",\"position\":2,\"name\":\"NOS ACTIVITES\"}]}]}<\/script>\n<!-- \/ Yoast SEO plugin. -->","coauthors":[],"author_meta":{"author_link":"https:\/\/www.cyn91.fr\/index.php\/author\/mikchek91\/","display_name":"Michael"},"relative_dates":{"created":"Publi\u00e9 7 ans il y a","modified":"Mis \u00e0 jour 4 ans il y a"},"absolute_dates":{"created":"Publi\u00e9 le 5 d\u00e9cembre 2018","modified":"Mise \u00e0 jour le 18 juin 2022"},"absolute_dates_time":{"created":"Publi\u00e9 le 5 d\u00e9cembre 2018 14 h 58 min","modified":"Mise \u00e0 jour le 18 juin 2022 23 h 06 min"},"featured_img_caption":"","featured_img":false,"series_order":"","post_mailing_queue_ids":[],"_links":{"self":[{"href":"https:\/\/www.cyn91.fr\/index.php\/wp-json\/wp\/v2\/pages\/2434"}],"collection":[{"href":"https:\/\/www.cyn91.fr\/index.php\/wp-json\/wp\/v2\/pages"}],"about":[{"href":"https:\/\/www.cyn91.fr\/index.php\/wp-json\/wp\/v2\/types\/page"}],"author":[{"embeddable":true,"href":"https:\/\/www.cyn91.fr\/index.php\/wp-json\/wp\/v2\/users\/1"}],"replies":[{"embeddable":true,"href":"https:\/\/www.cyn91.fr\/index.php\/wp-json\/wp\/v2\/comments?post=2434"}],"version-history":[{"count":12,"href":"https:\/\/www.cyn91.fr\/index.php\/wp-json\/wp\/v2\/pages\/2434\/revisions"}],"predecessor-version":[{"id":877180,"href":"https:\/\/www.cyn91.fr\/index.php\/wp-json\/wp\/v2\/pages\/2434\/revisions\/877180"}],"wp:attachment":[{"href":"https:\/\/www.cyn91.fr\/index.php\/wp-json\/wp\/v2\/media?parent=2434"}],"curies":[{"name":"wp","href":"https:\/\/api.w.org\/{rel}","templated":true}]}}