{"id":2766,"date":"2019-01-25T23:14:31","date_gmt":"2019-01-25T22:14:31","guid":{"rendered":"https:\/\/www.cyn91.fr\/?page_id=2766"},"modified":"2019-05-26T13:48:04","modified_gmt":"2019-05-26T11:48:04","slug":"officiels","status":"publish","type":"page","link":"https:\/\/www.cyn91.fr\/index.php\/officiels\/","title":{"rendered":"OFFICIELS"},"content":{"rendered":"\n<p class=\"has-text-color has-very-dark-gray-color\">Les officiels sont les garants du bon d\u00e9roulement d&#8217;une comp\u00e9tition.<br>Ils sont : chronom\u00e9treurs, juges de virage, juges de nage, etc.<br>En  tant que parents de nageurs, vous pouvez devenir officiel et prendre  une part active \u00e0 la vie de votre club. Une formation d&#8217;une demi-journ\u00e9e  et un stage pratique suffit pour devenir chronom\u00e9treur.<br>Chaque club  doit fournir un ou plusieurs officiels \u00e0 chaque comp\u00e9tition dans  laquelle ses nageurs sont engag\u00e9s, sous peine d&#8217;amende.<br>Retrouvez tous les d\u00e9tails dans la vid\u00e9o ci-dessous <\/p>\n\n\n\n<div class=\"wp-block-advgb-video advgb-video-block advgb-video-lightbox\" data-video=\"https:\/\/www.youtube.com\/embed\/aGm6lgnpBAk?rel=0&amp;wmode=transparent\" data-source=\"youtube\"><div class=\"advgb-video-wrapper\" style=\"background-color:#EEEEEE\"><div class=\"advgb-video-poster\" style=\"background-image:url(https:\/\/i.ytimg.com\/vi\/aGm6lgnpBAk\/hqdefault.jpg)\"><\/div><div class=\"advgb-button-wrapper\" style=\"height:450px\"><div class=\"advgb-play-button\" style=\"color:#fff\"><svg xmlns=\"http:\/\/www.w3.org\/2000\/svg\" width=\"80\" height=\"80\" viewbox=\"0 0 24 24\"><path d=\"M0 0h24v24H0z\" fill=\"none\"><\/path><path d=\"M10 16.5l6-4.5-6-4.5v9zM12 2C6.48 2 2 6.48 2 12s4.48 10 10 10 10-4.48 10-10S17.52 2 12 2zm0 18c-4.41 0-8-3.59-8-8s3.59-8 8-8 8 3.59 8 8-3.59 8-8 8z\"><\/path><\/svg><\/div><\/div><\/div><\/div>\n\n\n\n<div style=\"height:50px\" aria-hidden=\"true\" class=\"wp-block-spacer\"><\/div>\n\n\n\n<h2 style=\"text-align:center\">Documents pour les officiels<\/h2>\n\n\n\n<div class=\"wp-block-advgb-button aligncenter\"><a class=\"wp-block-advgb-button_link advgbbtn-d7f372c3-cbb7-4844-8f59-1e595723d4e4\" href=\"\/wp-content\/uploads\/2019\/01\/fina_nat_2017_2021.pdf\" target=\"_blank\" rel=\"noopener noreferrer\">R\u00e9glement FINA (2017-2021)<\/a><\/div>\n\n\n\n<p style=\"text-align:center\" class=\"has-text-color has-very-dark-gray-color\">D&#8217;autres documents et informations sont disponibles sur le site de la <a href=\"https:\/\/ffn.extranat.fr\/webffn\/index.php?idact=jug\" target=\"_blank\" rel=\"noreferrer noopener\" aria-label=\"F\u00e9d\u00e9ration Fran\u00e7aise de Natation (opens in a new tab)\">F\u00e9d\u00e9ration Fran\u00e7aise de Natation<\/a><\/p>\n<style class=\"advgb-styles-renderer\">.advgbbtn-d7f372c3-cbb7-4844-8f59-1e595723d4e4{font-size:18px;color:#FFFFFF !important;background-color:#5091CD !important;margin:0px 0px 0px 0px !important;padding:10px 30px 10px 30px;border-width:1px !important;border-style:none;border-radius:50px !important;}.advgbbtn-d7f372c3-cbb7-4844-8f59-1e595723d4e4:hover{box-shadow:1px 1px 12px 0px #ccc;opacity:1;transition:all 0.2s ease;}.advgbbtn-d7f372c3-cbb7-4844-8f59-1e595723d4e4 > i {display: none !important;}<\/style>","protected":false},"excerpt":{"rendered":"<p>Les officiels sont les garants du bon d\u00e9roulement d&#8217;une comp\u00e9tition.Ils sont : chronom\u00e9treurs, juges de virage, juges de nage, etc.En tant que parents de nageurs, vous pouvez devenir officiel et prendre une part active \u00e0 la vie de votre club. &hellip;<\/p>\n","protected":false},"author":1,"featured_media":0,"parent":0,"menu_order":13,"comment_status":"closed","ping_status":"closed","template":"","meta":{"advgb_blocks_editor_width":"","advgb_blocks_columns_visual_guide":""},"yoast_head":"<!-- This site is optimized with the Yoast SEO plugin v16.5 - https:\/\/yoast.com\/wordpress\/plugins\/seo\/ -->\n<title>OFFICIELS - Club Yerrois de Natation<\/title>\n<meta name=\"robots\" content=\"index, follow, max-snippet:-1, max-image-preview:large, max-video-preview:-1\" \/>\n<link rel=\"canonical\" href=\"https:\/\/www.cyn91.fr\/index.php\/officiels\/\" \/>\n<meta property=\"og:locale\" content=\"fr_FR\" \/>\n<meta property=\"og:type\" content=\"article\" \/>\n<meta property=\"og:title\" content=\"OFFICIELS - Club Yerrois de Natation\" \/>\n<meta property=\"og:description\" content=\"Les officiels sont les garants du bon d\u00e9roulement d&#8217;une comp\u00e9tition.Ils sont : chronom\u00e9treurs, juges de virage, juges de nage, etc.En tant que parents de nageurs, vous pouvez devenir officiel et prendre une part active \u00e0 la vie de votre club. &hellip;\" \/>\n<meta property=\"og:url\" content=\"https:\/\/www.cyn91.fr\/index.php\/officiels\/\" \/>\n<meta property=\"og:site_name\" content=\"Club Yerrois de Natation\" \/>\n<meta property=\"article:publisher\" content=\"https:\/\/www.facebook.com\/ClubYerroisNatation\" \/>\n<meta property=\"article:modified_time\" content=\"2019-05-26T11:48:04+00:00\" \/>\n<meta name=\"twitter:card\" content=\"summary_large_image\" \/>\n<meta name=\"twitter:label1\" content=\"Dur\u00e9e de lecture est.\" \/>\n\t<meta name=\"twitter:data1\" content=\"1 minute\" \/>\n<script type=\"application\/ld+json\" class=\"yoast-schema-graph\">{\"@context\":\"https:\/\/schema.org\",\"@graph\":[{\"@type\":\"Organization\",\"@id\":\"https:\/\/www.cyn91.fr\/#organization\",\"name\":\"Club Yerrois de Natation\",\"url\":\"https:\/\/www.cyn91.fr\/\",\"sameAs\":[\"https:\/\/www.facebook.com\/ClubYerroisNatation\"],\"logo\":{\"@type\":\"ImageObject\",\"@id\":\"https:\/\/www.cyn91.fr\/#logo\",\"inLanguage\":\"fr-FR\",\"url\":\"https:\/\/www.cyn91.fr\/wp-content\/uploads\/Logos\/Logo-cyn_sans-texte_150x75.png\",\"contentUrl\":\"https:\/\/www.cyn91.fr\/wp-content\/uploads\/Logos\/Logo-cyn_sans-texte_150x75.png\",\"width\":150,\"height\":75,\"caption\":\"Club Yerrois de Natation\"},\"image\":{\"@id\":\"https:\/\/www.cyn91.fr\/#logo\"}},{\"@type\":\"WebSite\",\"@id\":\"https:\/\/www.cyn91.fr\/#website\",\"url\":\"https:\/\/www.cyn91.fr\/\",\"name\":\"Club Yerrois de Natation\",\"description\":\"Club Yerrois de Natation\",\"publisher\":{\"@id\":\"https:\/\/www.cyn91.fr\/#organization\"},\"potentialAction\":[{\"@type\":\"SearchAction\",\"target\":\"https:\/\/www.cyn91.fr\/?s={search_term_string}\",\"query-input\":\"required name=search_term_string\"}],\"inLanguage\":\"fr-FR\"},{\"@type\":\"WebPage\",\"@id\":\"https:\/\/www.cyn91.fr\/index.php\/officiels\/#webpage\",\"url\":\"https:\/\/www.cyn91.fr\/index.php\/officiels\/\",\"name\":\"OFFICIELS - Club Yerrois de Natation\",\"isPartOf\":{\"@id\":\"https:\/\/www.cyn91.fr\/#website\"},\"datePublished\":\"2019-01-25T22:14:31+00:00\",\"dateModified\":\"2019-05-26T11:48:04+00:00\",\"breadcrumb\":{\"@id\":\"https:\/\/www.cyn91.fr\/index.php\/officiels\/#breadcrumb\"},\"inLanguage\":\"fr-FR\",\"potentialAction\":[{\"@type\":\"ReadAction\",\"target\":[\"https:\/\/www.cyn91.fr\/index.php\/officiels\/\"]}]},{\"@type\":\"BreadcrumbList\",\"@id\":\"https:\/\/www.cyn91.fr\/index.php\/officiels\/#breadcrumb\",\"itemListElement\":[{\"@type\":\"ListItem\",\"position\":1,\"name\":\"Accueil\",\"item\":\"https:\/\/www.cyn91.fr\/\"},{\"@type\":\"ListItem\",\"position\":2,\"name\":\"OFFICIELS\"}]}]}<\/script>\n<!-- \/ Yoast SEO plugin. -->","coauthors":[],"author_meta":{"author_link":"https:\/\/www.cyn91.fr\/index.php\/author\/mikchek91\/","display_name":"Michael"},"relative_dates":{"created":"Publi\u00e9 7 ans il y a","modified":"Mis \u00e0 jour 7 ans il y a"},"absolute_dates":{"created":"Publi\u00e9 le 25 janvier 2019","modified":"Mise \u00e0 jour le 26 mai 2019"},"absolute_dates_time":{"created":"Publi\u00e9 le 25 janvier 2019 23 h 14 min","modified":"Mise \u00e0 jour le 26 mai 2019 13 h 48 min"},"featured_img_caption":"","featured_img":false,"series_order":"","post_mailing_queue_ids":[],"_links":{"self":[{"href":"https:\/\/www.cyn91.fr\/index.php\/wp-json\/wp\/v2\/pages\/2766"}],"collection":[{"href":"https:\/\/www.cyn91.fr\/index.php\/wp-json\/wp\/v2\/pages"}],"about":[{"href":"https:\/\/www.cyn91.fr\/index.php\/wp-json\/wp\/v2\/types\/page"}],"author":[{"embeddable":true,"href":"https:\/\/www.cyn91.fr\/index.php\/wp-json\/wp\/v2\/users\/1"}],"replies":[{"embeddable":true,"href":"https:\/\/www.cyn91.fr\/index.php\/wp-json\/wp\/v2\/comments?post=2766"}],"version-history":[{"count":8,"href":"https:\/\/www.cyn91.fr\/index.php\/wp-json\/wp\/v2\/pages\/2766\/revisions"}],"predecessor-version":[{"id":15700,"href":"https:\/\/www.cyn91.fr\/index.php\/wp-json\/wp\/v2\/pages\/2766\/revisions\/15700"}],"wp:attachment":[{"href":"https:\/\/www.cyn91.fr\/index.php\/wp-json\/wp\/v2\/media?parent=2766"}],"curies":[{"name":"wp","href":"https:\/\/api.w.org\/{rel}","templated":true}]}}