{"id":2769,"date":"2019-01-26T23:00:57","date_gmt":"2019-01-26T22:00:57","guid":{"rendered":"https:\/\/www.cyn91.fr\/?page_id=2769"},"modified":"2022-06-17T20:57:40","modified_gmt":"2022-06-17T18:57:40","slug":"2769-2","status":"publish","type":"page","link":"https:\/\/www.cyn91.fr\/","title":{"rendered":""},"content":{"rendered":"<p>[vc_row][vc_column][\/vc_column][\/vc_row][vc_row][vc_column][vc_column_text][\/vc_column_text]<div class=\"recent-news\" data-owlcolumns=\"4\"><div class=\"row\"><div class=\"col-md-12\"><h2 class='title'>A LA UNE<\/h2><div class=\"owl-nav text-right\"><span class=\"owlprev\"><i class=\"fa fa-angle-left\"><\/i><\/span><span class=\"owlnext\"><i class=\"fa fa-angle-right\"><\/i><\/span><\/div><\/div><\/div><div class='owl-carousel'><article class='post'><a href='https:\/\/www.cyn91.fr\/index.php\/2025\/09\/08\/prochaines-permanences\/'><h3 class='post-title'>Prochaines permanences<\/h3><\/a><ul class=\"post-meta\"><li><i class='fa fa-calendar'><\/i><time datetime='2025-09-08 04:18'>8 septembre 2025<\/time><\/li><li><i class='fa fa-commenting-o'><\/i>0 comments<\/li><\/ul><div class=\"post-content\"><div><p>Les permanences du mercredi 10 et samedi 13 septembre sont annul\u00e9es pour cause de travaux au Val De Forme. Les prochaines permanen<\/p>\n<\/div><a href='https:\/\/www.cyn91.fr\/index.php\/2025\/09\/08\/prochaines-permanences\/' class='btn btn-md btn-gradient btn-shadow'>Read More<\/a><\/div><\/article><article class='post'><a href='https:\/\/www.cyn91.fr\/index.php\/2025\/09\/04\/reprise-des-activites-2\/'><h3 class='post-title'>Reprise des activit\u00e9s<\/h3><\/a><ul class=\"post-meta\"><li><i class='fa fa-calendar'><\/i><time datetime='2025-09-04 07:42'>4 septembre 2025<\/time><\/li><li><i class='fa fa-commenting-o'><\/i>0 comments<\/li><\/ul><div class=\"post-content\"><div><p>Reprise des activit\u00e9s : LUNDI 15 SEPTEMBRE Derni\u00e8res permanences au Bureau du CYN : \u2013 Samedi 6 septembre : Forum des associations <\/p>\n<\/div><a href='https:\/\/www.cyn91.fr\/index.php\/2025\/09\/04\/reprise-des-activites-2\/' class='btn btn-md btn-gradient btn-shadow'>Read More<\/a><\/div><\/article><article class='post'><a href='https:\/\/www.cyn91.fr\/index.php\/2025\/06\/10\/inscriptions-2025-2026\/'><h3 class='post-title'>Inscriptions 2025\/2026<\/h3><\/a><ul class=\"post-meta\"><li><i class='fa fa-calendar'><\/i><time datetime='2025-06-10 05:30'>10 juin 2025<\/time><\/li><li><i class='fa fa-commenting-o'><\/i>0 comments<\/li><\/ul><div class=\"post-content\"><div><p>Campagne des r\u00e9inscriptions \/ inscriptions au CYN Permanences \u00e0 la piscine pour les r\u00e9inscriptions uniquement Samedi 14 juin : 10h<\/p>\n<\/div><a href='https:\/\/www.cyn91.fr\/index.php\/2025\/06\/10\/inscriptions-2025-2026\/' class='btn btn-md btn-gradient btn-shadow'>Read More<\/a><\/div><\/article><article class='post'><a href='https:\/\/www.cyn91.fr\/index.php\/2024\/09\/16\/8eme-meeting-dautomne-du-cyn\/'><h3 class='post-title'>8\u00e8me Meeting d&#8217;Automne du CYN<\/h3><\/a><ul class=\"post-meta\"><li><i class='fa fa-calendar'><\/i><time datetime='2024-09-16 12:41'>16 septembre 2024<\/time><\/li><li><i class='fa fa-commenting-o'><\/i>0 comments<\/li><\/ul><div class=\"post-content\"><div><p>Le 8\u00e8me Meeting d&#8217;Automne du CYN aura lieu les 19 et 20 octobre 2024 ! Le meeting est ouvert aux Avenirs 2 &amp;3, Benjamins<\/p>\n<\/div><a href='https:\/\/www.cyn91.fr\/index.php\/2024\/09\/16\/8eme-meeting-dautomne-du-cyn\/' class='btn btn-md btn-gradient btn-shadow'>Read More<\/a><\/div><\/article><article class='post'><a href='https:\/\/www.cyn91.fr\/index.php\/2024\/09\/09\/reprise-des-activites\/'><h3 class='post-title'>Reprise des activit\u00e9s<\/h3><\/a><ul class=\"post-meta\"><li><i class='fa fa-calendar'><\/i><time datetime='2024-09-09 02:20'>9 septembre 2024<\/time><\/li><li><i class='fa fa-commenting-o'><\/i>0 comments<\/li><\/ul><div class=\"post-content\"><div><p>Reprise des activit\u00e9s : LUNDI 16 SEPTEMBRE Derni\u00e8res permanences au Bureau du CYN : &#8211; Mercredi 18 septembre : 10h\/13h &#038;#8212<\/p>\n<\/div><a href='https:\/\/www.cyn91.fr\/index.php\/2024\/09\/09\/reprise-des-activites\/' class='btn btn-md btn-gradient btn-shadow'>Read More<\/a><\/div><\/article><article class='post'><a href='https:\/\/www.cyn91.fr\/index.php\/2024\/09\/06\/reinscriptions-incriptions-au-cyn\/'><h3 class='post-title'>R\u00e9inscriptions \/ Incriptions au CYN<\/h3><\/a><ul class=\"post-meta\"><li><i class='fa fa-calendar'><\/i><time datetime='2024-09-06 02:52'>6 septembre 2024<\/time><\/li><li><i class='fa fa-commenting-o'><\/i>0 comments<\/li><\/ul><div class=\"post-content\"><div><p>Campagne des R\u00e9inscriptions \/ Inscriptions au CYN Forum des Associations : Samedi 7 septembre : 10h \/ 18h Derni\u00e8res permanences \u00e0 <\/p>\n<\/div><a href='https:\/\/www.cyn91.fr\/index.php\/2024\/09\/06\/reinscriptions-incriptions-au-cyn\/' class='btn btn-md btn-gradient btn-shadow'>Read More<\/a><\/div><\/article><\/div><\/div>[\/vc_column][\/vc_row][vc_row][vc_column][vc_empty_space height=&#8221;64px&#8221;][vc_custom_heading text=&#8221;NOS ACTIVITES&#8221; font_container=&#8221;tag:h2|text_align:left|color:%2300785a&#8221; google_fonts=&#8221;font_family:Montserrat%3Aregular%2C700|font_style:400%20regular%3A400%3Anormal&#8221; link=&#8221;url:https%3A%2F%2Fwww.cyn91.fr%2Findex.php%2Factivites%2F|title:NOS%20ACTIVITES||&#8221;][vc_empty_space][vc_row_inner][vc_column_inner width=&#8221;1\/3&#8243;]<div class='icon icon-right'><div class='icon-header'><div class='icon-media'><i class='fa fa fa-check-square'><\/i><\/div><h3 class='icon-title text-uppercase'>ECOLE DE NATATION<\/h3><\/div><p>D\u00e8s 5 ans, l&#8217;enfant se familiarise avec l&#8217;eau et d\u00e9veloppe les comp\u00e9tences n\u00e9cessaires afin de valider les tests ENF<\/p><a href='https:\/\/www.cyn91.fr\/index.php\/ecole-de-natation' target='_self' class='btn btn-md btn-minimal'>Read more<\/a><\/div><div class='icon icon-right'><div class='icon-header'><div class='icon-media'><i class='fa fa fa-check-square'><\/i><\/div><h3 class='icon-title text-uppercase'>NATATION SPORTIVE<\/h3><\/div><p>D\u00e8s 10 ans, l&#8217;enfant a la possibilit\u00e9 d&#8217;int\u00e9grer la fili\u00e8re comp\u00e9tition afin de s&#8217;investir davantage<\/p><a href='https:\/\/www.cyn91.fr\/index.php\/natation-sportive' target='_self' class='btn btn-md btn-minimal'>Read more<\/a><\/div>[\/vc_column_inner][vc_column_inner width=&#8221;1\/3&#8243;][vc_empty_space height=&#8221;8px&#8221;][vc_empty_space height=&#8221;1px&#8221;][vc_single_image image=&#8221;19574&#8243; img_size=&#8221;full&#8221; alignment=&#8221;center&#8221; onclick=&#8221;custom_link&#8221; link=&#8221;.\/index.php\/activites\/&#8221;][\/vc_column_inner][vc_column_inner width=&#8221;1\/3&#8243;]<div class='icon icon-left'><div class='icon-header'><div class='icon-media'><i class='fa fa fa-check-square'><\/i><\/div><h3 class='icon-title text-uppercase'>NATATION DE LOISIRS<\/h3><\/div><p>D\u00e8s 10 ans, les personnes non int\u00e9ress\u00e9es par la comp\u00e9tition peuvent se perfectionner dans les 4 nages<\/p><a href='https:\/\/www.cyn91.fr\/index.php\/natation-sportive' target='_self' class='btn btn-md btn-minimal'>Read more<\/a><\/div><div class='icon icon-left'><div class='icon-header'><div class='icon-media'><i class='fa fas fa-check-square'><\/i><\/div><h3 class='icon-title text-uppercase'>AQUAGYM<\/h3><\/div><p>L&#8217;Aquagym est id\u00e9al pour maintenir ou parfaire sa condition physique.<\/p><a href='https:\/\/www.cyn91.fr\/index.php\/aquagym' target='_self' class='btn btn-md btn-minimal'>Read more<\/a><\/div>[\/vc_column_inner][\/vc_row_inner][\/vc_column][\/vc_row][vc_row][vc_column][vc_empty_space height=&#8221;64px&#8221;][vc_custom_heading text=&#8221;NOS PARTENAIRES&#8221; font_container=&#8221;tag:h2|text_align:left|color:%235091cd&#8221; google_fonts=&#8221;font_family:Montserrat%3Aregular%2C700|font_style:400%20regular%3A400%3Anormal&#8221; link=&#8221;url:.%2Fnos-partenaires%2F|title:Nos%20partenaires||&#8221;][\/vc_column][\/vc_row][vc_row][vc_column][vc_empty_space][vc_images_carousel images=&#8221;22710,16857,16856,16854,16853,16852,16851,22606&#8243; img_size=&#8221;full&#8221; slides_per_view=&#8221;3&#8243; autoplay=&#8221;yes&#8221; hide_prev_next_buttons=&#8221;yes&#8221; wrap=&#8221;yes&#8221;][\/vc_column][\/vc_row]<\/p>\n","protected":false},"excerpt":{"rendered":"<p>[vc_row][vc_column][\/vc_column][\/vc_row][vc_row][vc_column][vc_column_text][\/vc_column_text][\/vc_column][\/vc_row][vc_row][vc_column][vc_empty_space height=&#8221;64px&#8221;][vc_custom_heading text=&#8221;NOS ACTIVITES&#8221; font_container=&#8221;tag:h2|text_align:left|color:%2300785a&#8221; google_fonts=&#8221;font_family:Montserrat%3Aregular%2C700|font_style:400%20regular%3A400%3Anormal&#8221; link=&#8221;url:https%3A%2F%2Fwww.cyn91.fr%2Findex.php%2Factivites%2F|title:NOS%20ACTIVITES||&#8221;][vc_empty_space][vc_row_inner][vc_column_inner width=&#8221;1\/3&#8243;][\/vc_column_inner][vc_column_inner width=&#8221;1\/3&#8243;][vc_empty_space height=&#8221;8px&#8221;][vc_empty_space height=&#8221;1px&#8221;][vc_single_image image=&#8221;19574&#8243; img_size=&#8221;full&#8221; alignment=&#8221;center&#8221; onclick=&#8221;custom_link&#8221; link=&#8221;.\/index.php\/activites\/&#8221;][\/vc_column_inner][vc_column_inner width=&#8221;1\/3&#8243;][\/vc_column_inner][\/vc_row_inner][\/vc_column][\/vc_row][vc_row][vc_column][vc_empty_space height=&#8221;64px&#8221;][vc_custom_heading text=&#8221;NOS PARTENAIRES&#8221; font_container=&#8221;tag:h2|text_align:left|color:%235091cd&#8221; google_fonts=&#8221;font_family:Montserrat%3Aregular%2C700|font_style:400%20regular%3A400%3Anormal&#8221; link=&#8221;url:.%2Fnos-partenaires%2F|title:Nos%20partenaires||&#8221;][\/vc_column][\/vc_row][vc_row][vc_column][vc_empty_space][vc_images_carousel images=&#8221;22710,16857,16856,16854,16853,16852,16851,22606&#8243; img_size=&#8221;full&#8221; slides_per_view=&#8221;3&#8243; autoplay=&#8221;yes&#8221; hide_prev_next_buttons=&#8221;yes&#8221; wrap=&#8221;yes&#8221;][\/vc_column][\/vc_row]<\/p>\n","protected":false},"author":1,"featured_media":0,"parent":0,"menu_order":11,"comment_status":"closed","ping_status":"closed","template":"","meta":{"advgb_blocks_editor_width":"","advgb_blocks_columns_visual_guide":""},"yoast_head":"<!-- This site is optimized with the Yoast SEO plugin v16.5 - https:\/\/yoast.com\/wordpress\/plugins\/seo\/ -->\n<title>- Club Yerrois de Natation<\/title>\n<meta name=\"robots\" content=\"index, follow, max-snippet:-1, max-image-preview:large, max-video-preview:-1\" \/>\n<link rel=\"canonical\" href=\"https:\/\/www.cyn91.fr\/\" \/>\n<meta property=\"og:locale\" content=\"fr_FR\" \/>\n<meta property=\"og:type\" content=\"article\" \/>\n<meta property=\"og:title\" content=\"- Club Yerrois de Natation\" \/>\n<meta property=\"og:description\" content=\"[vc_row][vc_column][\/vc_column][\/vc_row][vc_row][vc_column][vc_column_text][\/vc_column_text][\/vc_column][\/vc_row][vc_row][vc_column][vc_empty_space height=&#8221;64px&#8221;][vc_custom_heading text=&#8221;NOS ACTIVITES&#8221; font_container=&#8221;tag:h2|text_align:left|color:%2300785a&#8221; google_fonts=&#8221;font_family:Montserrat%3Aregular%2C700|font_style:400%20regular%3A400%3Anormal&#8221; link=&#8221;url:https%3A%2F%2Fwww.cyn91.fr%2Findex.php%2Factivites%2F|title:NOS%20ACTIVITES||&#8221;][vc_empty_space][vc_row_inner][vc_column_inner width=&#8221;1\/3&#8243;][\/vc_column_inner][vc_column_inner width=&#8221;1\/3&#8243;][vc_empty_space height=&#8221;8px&#8221;][vc_empty_space height=&#8221;1px&#8221;][vc_single_image image=&#8221;19574&#8243; img_size=&#8221;full&#8221; alignment=&#8221;center&#8221; onclick=&#8221;custom_link&#8221; link=&#8221;.\/index.php\/activites\/&#8221;][\/vc_column_inner][vc_column_inner width=&#8221;1\/3&#8243;][\/vc_column_inner][\/vc_row_inner][\/vc_column][\/vc_row][vc_row][vc_column][vc_empty_space height=&#8221;64px&#8221;][vc_custom_heading text=&#8221;NOS PARTENAIRES&#8221; font_container=&#8221;tag:h2|text_align:left|color:%235091cd&#8221; google_fonts=&#8221;font_family:Montserrat%3Aregular%2C700|font_style:400%20regular%3A400%3Anormal&#8221; link=&#8221;url:.%2Fnos-partenaires%2F|title:Nos%20partenaires||&#8221;][\/vc_column][\/vc_row][vc_row][vc_column][vc_empty_space][vc_images_carousel images=&#8221;22710,16857,16856,16854,16853,16852,16851,22606&#8243; img_size=&#8221;full&#8221; slides_per_view=&#8221;3&#8243; autoplay=&#8221;yes&#8221; hide_prev_next_buttons=&#8221;yes&#8221; wrap=&#8221;yes&#8221;][\/vc_column][\/vc_row]\" \/>\n<meta property=\"og:url\" content=\"https:\/\/www.cyn91.fr\/\" \/>\n<meta property=\"og:site_name\" content=\"Club Yerrois de Natation\" \/>\n<meta property=\"article:publisher\" content=\"https:\/\/www.facebook.com\/ClubYerroisNatation\" \/>\n<meta property=\"article:modified_time\" content=\"2022-06-17T18:57:40+00:00\" \/>\n<meta name=\"twitter:card\" content=\"summary_large_image\" \/>\n<meta name=\"twitter:label1\" content=\"Dur\u00e9e de lecture est.\" \/>\n\t<meta name=\"twitter:data1\" content=\"2 minutes\" \/>\n<script type=\"application\/ld+json\" class=\"yoast-schema-graph\">{\"@context\":\"https:\/\/schema.org\",\"@graph\":[{\"@type\":\"Organization\",\"@id\":\"https:\/\/www.cyn91.fr\/#organization\",\"name\":\"Club Yerrois de Natation\",\"url\":\"https:\/\/www.cyn91.fr\/\",\"sameAs\":[\"https:\/\/www.facebook.com\/ClubYerroisNatation\"],\"logo\":{\"@type\":\"ImageObject\",\"@id\":\"https:\/\/www.cyn91.fr\/#logo\",\"inLanguage\":\"fr-FR\",\"url\":\"https:\/\/www.cyn91.fr\/wp-content\/uploads\/Logos\/Logo-cyn_sans-texte_150x75.png\",\"contentUrl\":\"https:\/\/www.cyn91.fr\/wp-content\/uploads\/Logos\/Logo-cyn_sans-texte_150x75.png\",\"width\":150,\"height\":75,\"caption\":\"Club Yerrois de Natation\"},\"image\":{\"@id\":\"https:\/\/www.cyn91.fr\/#logo\"}},{\"@type\":\"WebSite\",\"@id\":\"https:\/\/www.cyn91.fr\/#website\",\"url\":\"https:\/\/www.cyn91.fr\/\",\"name\":\"Club Yerrois de Natation\",\"description\":\"Club Yerrois de Natation\",\"publisher\":{\"@id\":\"https:\/\/www.cyn91.fr\/#organization\"},\"potentialAction\":[{\"@type\":\"SearchAction\",\"target\":\"https:\/\/www.cyn91.fr\/?s={search_term_string}\",\"query-input\":\"required name=search_term_string\"}],\"inLanguage\":\"fr-FR\"},{\"@type\":\"WebPage\",\"@id\":\"https:\/\/www.cyn91.fr\/#webpage\",\"url\":\"https:\/\/www.cyn91.fr\/\",\"name\":\"- Club Yerrois de Natation\",\"isPartOf\":{\"@id\":\"https:\/\/www.cyn91.fr\/#website\"},\"datePublished\":\"2019-01-26T22:00:57+00:00\",\"dateModified\":\"2022-06-17T18:57:40+00:00\",\"breadcrumb\":{\"@id\":\"https:\/\/www.cyn91.fr\/#breadcrumb\"},\"inLanguage\":\"fr-FR\",\"potentialAction\":[{\"@type\":\"ReadAction\",\"target\":[\"https:\/\/www.cyn91.fr\/\"]}]},{\"@type\":\"BreadcrumbList\",\"@id\":\"https:\/\/www.cyn91.fr\/#breadcrumb\",\"itemListElement\":[{\"@type\":\"ListItem\",\"position\":1,\"name\":\"Accueil\",\"item\":\"https:\/\/www.cyn91.fr\/\"},{\"@type\":\"ListItem\",\"position\":2,\"name\":\"\"}]}]}<\/script>\n<!-- \/ Yoast SEO plugin. -->","coauthors":[],"author_meta":{"author_link":"https:\/\/www.cyn91.fr\/index.php\/author\/mikchek91\/","display_name":"Michael"},"relative_dates":{"created":"Publi\u00e9 7 ans il y a","modified":"Mis \u00e0 jour 4 ans il y a"},"absolute_dates":{"created":"Publi\u00e9 le 26 janvier 2019","modified":"Mise \u00e0 jour le 17 juin 2022"},"absolute_dates_time":{"created":"Publi\u00e9 le 26 janvier 2019 23 h 00 min","modified":"Mise \u00e0 jour le 17 juin 2022 20 h 57 min"},"featured_img_caption":"","featured_img":false,"series_order":"","post_mailing_queue_ids":[],"_links":{"self":[{"href":"https:\/\/www.cyn91.fr\/index.php\/wp-json\/wp\/v2\/pages\/2769"}],"collection":[{"href":"https:\/\/www.cyn91.fr\/index.php\/wp-json\/wp\/v2\/pages"}],"about":[{"href":"https:\/\/www.cyn91.fr\/index.php\/wp-json\/wp\/v2\/types\/page"}],"author":[{"embeddable":true,"href":"https:\/\/www.cyn91.fr\/index.php\/wp-json\/wp\/v2\/users\/1"}],"replies":[{"embeddable":true,"href":"https:\/\/www.cyn91.fr\/index.php\/wp-json\/wp\/v2\/comments?post=2769"}],"version-history":[{"count":64,"href":"https:\/\/www.cyn91.fr\/index.php\/wp-json\/wp\/v2\/pages\/2769\/revisions"}],"predecessor-version":[{"id":877175,"href":"https:\/\/www.cyn91.fr\/index.php\/wp-json\/wp\/v2\/pages\/2769\/revisions\/877175"}],"wp:attachment":[{"href":"https:\/\/www.cyn91.fr\/index.php\/wp-json\/wp\/v2\/media?parent=2769"}],"curies":[{"name":"wp","href":"https:\/\/api.w.org\/{rel}","templated":true}]}}