{"id":2846,"date":"2019-01-27T21:26:50","date_gmt":"2019-01-27T20:26:50","guid":{"rendered":"https:\/\/www.cyn91.fr\/?page_id=2846"},"modified":"2019-05-02T22:23:57","modified_gmt":"2019-05-02T20:23:57","slug":"mentions-legales","status":"publish","type":"page","link":"https:\/\/www.cyn91.fr\/index.php\/mentions-legales\/","title":{"rendered":"Mentions l\u00e9gales"},"content":{"rendered":"\t\t<div data-elementor-type=\"wp-page\" data-elementor-id=\"2846\" class=\"elementor elementor-2846\">\n\t\t\t\t\t\t<div class=\"elementor-inner\">\n\t\t\t\t<div class=\"elementor-section-wrap\">\n\t\t\t\t\t\t\t\t\t<section class=\"elementor-section elementor-top-section elementor-element elementor-element-178885ea elementor-section-boxed elementor-section-height-default elementor-section-height-default\" data-id=\"178885ea\" data-element_type=\"section\">\n\t\t\t\t\t\t<div class=\"elementor-container elementor-column-gap-default\">\n\t\t\t\t\t\t\t<div class=\"elementor-row\">\n\t\t\t\t\t<div class=\"elementor-column elementor-col-100 elementor-top-column elementor-element elementor-element-46163e21\" data-id=\"46163e21\" data-element_type=\"column\">\n\t\t\t<div class=\"elementor-column-wrap elementor-element-populated\">\n\t\t\t\t\t\t\t<div class=\"elementor-widget-wrap\">\n\t\t\t\t\t\t<div class=\"elementor-element elementor-element-4ab0b7ee elementor-widget elementor-widget-text-editor\" data-id=\"4ab0b7ee\" data-element_type=\"widget\" data-widget_type=\"text-editor.default\">\n\t\t\t\t<div class=\"elementor-widget-container\">\n\t\t\t\t\t\t\t\t<div class=\"elementor-text-editor elementor-clearfix\">\n\t\t\t\t<p><!-- wp:advgb\/list {\"id\":\"advgblist-45d8f2d6-dd82-4079-8d18-8b1a2084f535\"} --><\/p>\n<div>\n<ul>\n<li><span style=\"color: #000000;\">Nom du club<\/span> : <span style=\"color: #00785a;\"><strong>Club Yerrois de Natation<\/strong><\/span><\/li>\n<li><span style=\"color: #00785a;\"><span style=\"color: #000000;\">R\u00e9f\u00e9rence FFN<\/span> <strong>: <\/strong><\/span><span style=\"color: #00785a;\"><strong><strong>11309100776<\/strong><\/strong><\/span><\/li>\n<li><span style=\"color: #00785a;\"><span style=\"color: #000000;\">Num\u00e9ro SIRET<\/span> <strong>: 33960281500013<br \/><\/strong><\/span><\/li>\n<li><span style=\"color: #00785a;\"><span style=\"color: #000000;\">Code NAF<\/span> <strong>: <\/strong>9312Z<br \/><\/span><\/li>\n<li><span style=\"color: #000000;\">Cadre juridique : association \u00e0 but non lucratif r\u00e9gie par la loi de 1901, cr\u00e9\u00e9e en 1975<\/span><\/li>\n<li><span style=\"color: #000000;\">Adresse : 2 rue Pierre de Coubertin, 91330 Yerres<\/span><\/li>\n<li><span style=\"color: #000000;\">T\u00e9l\u00e9phone : <strong>01.69.45.23.18<\/strong><\/span><\/li>\n<li><span style=\"color: #000000;\">Responsable de la publication : Micha\u00ebl Checler<\/span><\/li>\n<li><span style=\"color: #000000;\">H\u00e9bergeur du site :<\/span> <a href=\"https:\/\/www.ovh.com\/fr\/\" target=\"_blank\" rel=\"noreferrer noopener\" aria-label=\"OVH (opens in a new tab)\">OVH<\/a><\/li>\n<\/ul>\n<style>.advgblist-45d8f2d6-dd82-4079-8d18-8b1a2084f535 li { font-size: 16px; margin-left: 20px }<\/style><\/div>\n<p><!-- \/wp:advgb\/list --><!-- wp:paragraph --><\/p>\n<p><!-- \/wp:paragraph --><\/p>\t\t\t\t\t<\/div>\n\t\t\t\t\t\t<\/div>\n\t\t\t\t<\/div>\n\t\t\t\t\t\t<\/div>\n\t\t\t\t\t<\/div>\n\t\t<\/div>\n\t\t\t\t\t\t\t\t<\/div>\n\t\t\t\t\t<\/div>\n\t\t<\/section>\n\t\t\t\t\t\t\t\t\t<\/div>\n\t\t\t<\/div>\n\t\t\t\t\t<\/div>\n\t\t","protected":false},"excerpt":{"rendered":"Nom du club : Club Yerrois de Natation R\u00e9f\u00e9rence FFN : 11309100776 Num\u00e9ro SIRET : 33960281500013 Code NAF : 9312Z Cadre juridique : association \u00e0 but non lucratif r\u00e9gie par la loi de 1901, cr\u00e9\u00e9e en 1975 Adresse : 2 &hellip;","protected":false},"author":1,"featured_media":0,"parent":0,"menu_order":22,"comment_status":"closed","ping_status":"closed","template":"","meta":{"advgb_blocks_editor_width":"","advgb_blocks_columns_visual_guide":""},"yoast_head":"<!-- This site is optimized with the Yoast SEO plugin v16.5 - https:\/\/yoast.com\/wordpress\/plugins\/seo\/ -->\n<title>Mentions l\u00e9gales - Club Yerrois de Natation<\/title>\n<meta name=\"robots\" content=\"index, follow, max-snippet:-1, max-image-preview:large, max-video-preview:-1\" \/>\n<link rel=\"canonical\" href=\"https:\/\/www.cyn91.fr\/index.php\/mentions-legales\/\" \/>\n<meta property=\"og:locale\" content=\"fr_FR\" \/>\n<meta property=\"og:type\" content=\"article\" \/>\n<meta property=\"og:title\" content=\"Mentions l\u00e9gales - Club Yerrois de Natation\" \/>\n<meta property=\"og:url\" content=\"https:\/\/www.cyn91.fr\/index.php\/mentions-legales\/\" \/>\n<meta property=\"og:site_name\" content=\"Club Yerrois de Natation\" \/>\n<meta property=\"article:publisher\" content=\"https:\/\/www.facebook.com\/ClubYerroisNatation\" \/>\n<meta property=\"article:modified_time\" content=\"2019-05-02T20:23:57+00:00\" \/>\n<meta name=\"twitter:card\" content=\"summary_large_image\" \/>\n<script type=\"application\/ld+json\" class=\"yoast-schema-graph\">{\"@context\":\"https:\/\/schema.org\",\"@graph\":[{\"@type\":\"Organization\",\"@id\":\"https:\/\/www.cyn91.fr\/#organization\",\"name\":\"Club Yerrois de Natation\",\"url\":\"https:\/\/www.cyn91.fr\/\",\"sameAs\":[\"https:\/\/www.facebook.com\/ClubYerroisNatation\"],\"logo\":{\"@type\":\"ImageObject\",\"@id\":\"https:\/\/www.cyn91.fr\/#logo\",\"inLanguage\":\"fr-FR\",\"url\":\"https:\/\/www.cyn91.fr\/wp-content\/uploads\/Logos\/Logo-cyn_sans-texte_150x75.png\",\"contentUrl\":\"https:\/\/www.cyn91.fr\/wp-content\/uploads\/Logos\/Logo-cyn_sans-texte_150x75.png\",\"width\":150,\"height\":75,\"caption\":\"Club Yerrois de Natation\"},\"image\":{\"@id\":\"https:\/\/www.cyn91.fr\/#logo\"}},{\"@type\":\"WebSite\",\"@id\":\"https:\/\/www.cyn91.fr\/#website\",\"url\":\"https:\/\/www.cyn91.fr\/\",\"name\":\"Club Yerrois de Natation\",\"description\":\"Club Yerrois de Natation\",\"publisher\":{\"@id\":\"https:\/\/www.cyn91.fr\/#organization\"},\"potentialAction\":[{\"@type\":\"SearchAction\",\"target\":\"https:\/\/www.cyn91.fr\/?s={search_term_string}\",\"query-input\":\"required name=search_term_string\"}],\"inLanguage\":\"fr-FR\"},{\"@type\":\"WebPage\",\"@id\":\"https:\/\/www.cyn91.fr\/index.php\/mentions-legales\/#webpage\",\"url\":\"https:\/\/www.cyn91.fr\/index.php\/mentions-legales\/\",\"name\":\"Mentions l\\u00e9gales - Club Yerrois de Natation\",\"isPartOf\":{\"@id\":\"https:\/\/www.cyn91.fr\/#website\"},\"datePublished\":\"2019-01-27T20:26:50+00:00\",\"dateModified\":\"2019-05-02T20:23:57+00:00\",\"breadcrumb\":{\"@id\":\"https:\/\/www.cyn91.fr\/index.php\/mentions-legales\/#breadcrumb\"},\"inLanguage\":\"fr-FR\",\"potentialAction\":[{\"@type\":\"ReadAction\",\"target\":[\"https:\/\/www.cyn91.fr\/index.php\/mentions-legales\/\"]}]},{\"@type\":\"BreadcrumbList\",\"@id\":\"https:\/\/www.cyn91.fr\/index.php\/mentions-legales\/#breadcrumb\",\"itemListElement\":[{\"@type\":\"ListItem\",\"position\":1,\"name\":\"Accueil\",\"item\":\"https:\/\/www.cyn91.fr\/\"},{\"@type\":\"ListItem\",\"position\":2,\"name\":\"Mentions l\\u00e9gales\"}]}]}<\/script>\n<!-- \/ Yoast SEO plugin. -->","coauthors":[],"author_meta":{"author_link":"https:\/\/www.cyn91.fr\/index.php\/author\/mikchek91\/","display_name":"Michael"},"relative_dates":{"created":"Publi\u00e9 7 ans il y a","modified":"Mis \u00e0 jour 7 ans il y a"},"absolute_dates":{"created":"Publi\u00e9 le 27 janvier 2019","modified":"Mise \u00e0 jour le 2 mai 2019"},"absolute_dates_time":{"created":"Publi\u00e9 le 27 janvier 2019 21 h 26 min","modified":"Mise \u00e0 jour le 2 mai 2019 22 h 23 min"},"featured_img_caption":"","featured_img":false,"series_order":"","post_mailing_queue_ids":[],"_links":{"self":[{"href":"https:\/\/www.cyn91.fr\/index.php\/wp-json\/wp\/v2\/pages\/2846"}],"collection":[{"href":"https:\/\/www.cyn91.fr\/index.php\/wp-json\/wp\/v2\/pages"}],"about":[{"href":"https:\/\/www.cyn91.fr\/index.php\/wp-json\/wp\/v2\/types\/page"}],"author":[{"embeddable":true,"href":"https:\/\/www.cyn91.fr\/index.php\/wp-json\/wp\/v2\/users\/1"}],"replies":[{"embeddable":true,"href":"https:\/\/www.cyn91.fr\/index.php\/wp-json\/wp\/v2\/comments?post=2846"}],"version-history":[{"count":2,"href":"https:\/\/www.cyn91.fr\/index.php\/wp-json\/wp\/v2\/pages\/2846\/revisions"}],"predecessor-version":[{"id":8404,"href":"https:\/\/www.cyn91.fr\/index.php\/wp-json\/wp\/v2\/pages\/2846\/revisions\/8404"}],"wp:attachment":[{"href":"https:\/\/www.cyn91.fr\/index.php\/wp-json\/wp\/v2\/media?parent=2846"}],"curies":[{"name":"wp","href":"https:\/\/api.w.org\/{rel}","templated":true}]}}