{"id":3333,"date":"2019-01-30T22:45:38","date_gmt":"2019-01-30T21:45:38","guid":{"rendered":"https:\/\/www.cyn91.fr\/?page_id=3333"},"modified":"2019-01-30T22:48:33","modified_gmt":"2019-01-30T21:48:33","slug":"suivez-notre-actualite","status":"publish","type":"page","link":"https:\/\/www.cyn91.fr\/index.php\/suivez-notre-actualite\/","title":{"rendered":"Suivez notre actualit\u00e9"},"content":{"rendered":"\n<div class=\"wp-block-advanced-gutenberg-blocks-intro\"><p class=\"wp-block-advanced-gutenberg-blocks-intro__content\">Donnez-nous votre nom et votre email; Choisissez votre ou vos centres d&#8217;int\u00e9r\u00eat en les cochant dans la liste et nous vous avertirons \u00e0 chaque nouvel article dans vos rubriques choisies : comp\u00e9titions \u00e0 venir, album photos en ligne, f\u00eate du club, etc.<\/p><\/div>\n\n\n<div class=\"emaillist\" id=\"es_form_f1-n1\"><form action=\"\/index.php\/wp-json\/wp\/v2\/pages\/3333#es_form_f1-n1\" method=\"post\" class=\"es_subscription_form es_shortcode_form \" id=\"es_subscription_form_69d306b830824\" data-source=\"ig-es\"><div class=\"es_caption\">Abonnement aux actualit\u00e9s de votre groupe<\/div><div class=\"es-field-wrap\"><label><br \/><input type=\"text\" name=\"esfpx_name\" class=\"ig_es_form_field_name\" placeholder=\"\" value=\"\" required=\"required\" \/><\/label><\/div><div class=\"es-field-wrap\"><label><input class=\"es_required_field es_txt_email ig_es_form_field_email\" type=\"email\" name=\"esfpx_email\" value=\"\" placeholder=\"\" required=\"required\" \/><\/label><\/div><div><p><b class=\"font-medium text-gray-500 pb-2\">Lists*<\/b><\/p><table class=\"ig-es-form-list-selection\"><tr><td class=\"pt-4\"><label><input type=\"checkbox\" class=\"pl-6 form-checkbox \" name=\"esfpx_lists[]\" value=\"2aced29c0c98\" \/><span class=\"pl-1 pr-6 text-gray-500 text-sm font-normal\">Oursins<\/span><\/label><\/td><\/tr><tr><td class=\"pt-4\"><label><input type=\"checkbox\" class=\"pl-6 form-checkbox \" name=\"esfpx_lists[]\" value=\"44b799588127\" \/><span class=\"pl-1 pr-6 text-gray-500 text-sm font-normal\">Crevettes<\/span><\/label><\/td><\/tr><tr><td class=\"pt-4\"><label><input type=\"checkbox\" class=\"pl-6 form-checkbox \" name=\"esfpx_lists[]\" value=\"59e4f23f8445\" \/><span class=\"pl-1 pr-6 text-gray-500 text-sm font-normal\">Hippocampes<\/span><\/label><\/td><\/tr><tr><td class=\"pt-4\"><label><input type=\"checkbox\" class=\"pl-6 form-checkbox \" name=\"esfpx_lists[]\" value=\"9ad88b58b4c8\" \/><span class=\"pl-1 pr-6 text-gray-500 text-sm font-normal\">Otaries<\/span><\/label><\/td><\/tr><tr><td class=\"pt-4\"><label><input type=\"checkbox\" class=\"pl-6 form-checkbox \" name=\"esfpx_lists[]\" value=\"c6e0b3bb2e22\" \/><span class=\"pl-1 pr-6 text-gray-500 text-sm font-normal\">Ecole de Natation Fran\u00e7aise<\/span><\/label><\/td><\/tr><tr><td class=\"pt-4\"><label><input type=\"checkbox\" class=\"pl-6 form-checkbox \" name=\"esfpx_lists[]\" value=\"265b5c921801\" \/><span class=\"pl-1 pr-6 text-gray-500 text-sm font-normal\">Avenirs<\/span><\/label><\/td><\/tr><tr><td class=\"pt-4\"><label><input type=\"checkbox\" class=\"pl-6 form-checkbox \" name=\"esfpx_lists[]\" value=\"88c29e538550\" \/><span class=\"pl-1 pr-6 text-gray-500 text-sm font-normal\">Jeunes<\/span><\/label><\/td><\/tr><tr><td class=\"pt-4\"><label><input type=\"checkbox\" class=\"pl-6 form-checkbox \" name=\"esfpx_lists[]\" value=\"cf1520d18cad\" \/><span class=\"pl-1 pr-6 text-gray-500 text-sm font-normal\">Espoirs<\/span><\/label><\/td><\/tr><tr><td class=\"pt-4\"><label><input type=\"checkbox\" class=\"pl-6 form-checkbox \" name=\"esfpx_lists[]\" value=\"e383272e1de4\" \/><span class=\"pl-1 pr-6 text-gray-500 text-sm font-normal\">Ma\u00eetres<\/span><\/label><\/td><\/tr><tr><td class=\"pt-4\"><label><input type=\"checkbox\" class=\"pl-6 form-checkbox \" name=\"esfpx_lists[]\" value=\"d99bdae52f8a\" \/><span class=\"pl-1 pr-6 text-gray-500 text-sm font-normal\">Pieuvres<\/span><\/label><\/td><\/tr><tr><td class=\"pt-4\"><label><input type=\"checkbox\" class=\"pl-6 form-checkbox \" name=\"esfpx_lists[]\" value=\"66413054ae27\" \/><span class=\"pl-1 pr-6 text-gray-500 text-sm font-normal\">Poulpes<\/span><\/label><\/td><\/tr><tr><td class=\"pt-4\"><label><input type=\"checkbox\" class=\"pl-6 form-checkbox \" name=\"esfpx_lists[]\" value=\"93ca9104f053\" \/><span class=\"pl-1 pr-6 text-gray-500 text-sm font-normal\">Nat Ado Coll\u00e8ge<\/span><\/label><\/td><\/tr><tr><td class=\"pt-4\"><label><input type=\"checkbox\" class=\"pl-6 form-checkbox \" name=\"esfpx_lists[]\" value=\"0b130aa7e9da\" \/><span class=\"pl-1 pr-6 text-gray-500 text-sm font-normal\">Nat Ado Lyc\u00e9e<\/span><\/label><\/td><\/tr><tr><td class=\"pt-4\"><label><input type=\"checkbox\" class=\"pl-6 form-checkbox \" name=\"esfpx_lists[]\" value=\"7f25a69b1ce7\" \/><span class=\"pl-1 pr-6 text-gray-500 text-sm font-normal\">Loisir Adultes<\/span><\/label><\/td><\/tr><tr><td class=\"pt-4\"><label><input type=\"checkbox\" class=\"pl-6 form-checkbox \" name=\"esfpx_lists[]\" value=\"6fc399f9291b\" \/><span class=\"pl-1 pr-6 text-gray-500 text-sm font-normal\">Officiels<\/span><\/label><\/td><\/tr><tr><td class=\"pt-4\"><label><input type=\"checkbox\" class=\"pl-6 form-checkbox \" name=\"esfpx_lists[]\" value=\"a62a66cfa793\" \/><span class=\"pl-1 pr-6 text-gray-500 text-sm font-normal\">G\u00e9n\u00e9ral<\/span><\/label><\/td><\/tr><tr><td class=\"pt-4\"><label><input type=\"checkbox\" class=\"pl-6 form-checkbox \" name=\"esfpx_lists[]\" value=\"cd6175493ebe\" \/><span class=\"pl-1 pr-6 text-gray-500 text-sm font-normal\">C1<\/span><\/label><\/td><\/tr><tr><td class=\"pt-4\"><label><input type=\"checkbox\" class=\"pl-6 form-checkbox \" name=\"esfpx_lists[]\" value=\"b5db5eaacb55\" \/><span class=\"pl-1 pr-6 text-gray-500 text-sm font-normal\">Aquagym<\/span><\/label><\/td><\/tr><tr><td class=\"pt-4\"><label><input type=\"checkbox\" class=\"pl-6 form-checkbox \" name=\"esfpx_lists[]\" value=\"d5bafb48d1f5\" \/><span class=\"pl-1 pr-6 text-gray-500 text-sm font-normal\">Aquafit<\/span><\/label><\/td><\/tr><tr><td class=\"pt-4\"><label><input type=\"checkbox\" class=\"pl-6 form-checkbox \" name=\"esfpx_lists[]\" value=\"920d4b09269a\" \/><span class=\"pl-1 pr-6 text-gray-500 text-sm font-normal\">Dauphins<\/span><\/label><\/td><\/tr><\/table><\/div><input type=\"hidden\" name=\"esfpx_form_id\" value=\"1\" \/><input type=\"hidden\" name=\"es\" value=\"subscribe\" \/>\n\t\t\t<input type=\"hidden\" name=\"esfpx_es_form_identifier\" value=\"f1-n1\" \/>\n\t\t\t<input type=\"hidden\" name=\"esfpx_es_email_page\" value=\"3333\" \/>\n\t\t\t<input type=\"hidden\" name=\"esfpx_es_email_page_url\" value=\"https:\/\/www.cyn91.fr\/index.php\/suivez-notre-actualite\/\" \/>\n\t\t\t<input type=\"hidden\" name=\"esfpx_status\" value=\"Unconfirmed\" \/>\n\t\t\t<input type=\"hidden\" name=\"esfpx_es-subscribe\" id=\"es-subscribe-69d306b830824\" value=\"90a888806c\" \/>\n\t\t\t<label style=\"position:absolute;top:-99999px;left:-99999px;z-index:-99;\"><input type=\"email\" name=\"esfpx_es_hp_email\" class=\"es_required_field\" tabindex=\"-1\" autocomplete=\"-1\" value=\"\" \/><\/label><label style=\"display: inline\"><input type=\"checkbox\" name=\"es_gdpr_consent\" value=\"true\" required=\"required\" \/>&nbsp;Vous acceptez notre politique de confidentialit\u00e9<\/label><br \/><input type=\"submit\" name=\"submit\" class=\"es_subscription_form_submit es_submit_button es_textbox_button\" id=\"es_subscription_form_submit_69d306b830824\" value=\"Submit\" \/><span class=\"es_spinner_image\" id=\"spinner-image\"><img src=\"https:\/\/www.cyn91.fr\/wp-content\/plugins\/email-subscribers\/lite\/public\/images\/spinner.gif\" alt=\"Loading\" \/><\/span><\/form><span class=\"es_subscription_message \" id=\"es_subscription_message_69d306b830824\"><\/span><\/div>\n","protected":false},"excerpt":{"rendered":"Donnez-nous votre nom et votre email; Choisissez votre ou vos centres d'int\u00e9r\u00eat en les cochant dans la liste et nous vous avertirons \u00e0 chaque nouvel article dans vos rubriques choisies : comp\u00e9titions \u00e0 venir, album photos en ligne, f\u00eate du &hellip;","protected":false},"author":1,"featured_media":0,"parent":0,"menu_order":21,"comment_status":"closed","ping_status":"closed","template":"","meta":{"advgb_blocks_editor_width":"","advgb_blocks_columns_visual_guide":""},"yoast_head":"<!-- This site is optimized with the Yoast SEO plugin v16.5 - https:\/\/yoast.com\/wordpress\/plugins\/seo\/ -->\n<title>Suivez notre actualit\u00e9 - Club Yerrois de Natation<\/title>\n<meta name=\"robots\" content=\"index, follow, max-snippet:-1, max-image-preview:large, max-video-preview:-1\" \/>\n<link rel=\"canonical\" href=\"https:\/\/www.cyn91.fr\/index.php\/suivez-notre-actualite\/\" \/>\n<meta property=\"og:locale\" content=\"fr_FR\" \/>\n<meta property=\"og:type\" content=\"article\" \/>\n<meta property=\"og:title\" content=\"Suivez notre actualit\u00e9 - Club Yerrois de Natation\" \/>\n<meta property=\"og:url\" content=\"https:\/\/www.cyn91.fr\/index.php\/suivez-notre-actualite\/\" \/>\n<meta property=\"og:site_name\" content=\"Club Yerrois de Natation\" \/>\n<meta property=\"article:publisher\" content=\"https:\/\/www.facebook.com\/ClubYerroisNatation\" \/>\n<meta property=\"article:modified_time\" content=\"2019-01-30T21:48:33+00:00\" \/>\n<meta name=\"twitter:card\" content=\"summary_large_image\" \/>\n<script type=\"application\/ld+json\" class=\"yoast-schema-graph\">{\"@context\":\"https:\/\/schema.org\",\"@graph\":[{\"@type\":\"Organization\",\"@id\":\"https:\/\/www.cyn91.fr\/#organization\",\"name\":\"Club Yerrois de Natation\",\"url\":\"https:\/\/www.cyn91.fr\/\",\"sameAs\":[\"https:\/\/www.facebook.com\/ClubYerroisNatation\"],\"logo\":{\"@type\":\"ImageObject\",\"@id\":\"https:\/\/www.cyn91.fr\/#logo\",\"inLanguage\":\"fr-FR\",\"url\":\"https:\/\/www.cyn91.fr\/wp-content\/uploads\/Logos\/Logo-cyn_sans-texte_150x75.png\",\"contentUrl\":\"https:\/\/www.cyn91.fr\/wp-content\/uploads\/Logos\/Logo-cyn_sans-texte_150x75.png\",\"width\":150,\"height\":75,\"caption\":\"Club Yerrois de Natation\"},\"image\":{\"@id\":\"https:\/\/www.cyn91.fr\/#logo\"}},{\"@type\":\"WebSite\",\"@id\":\"https:\/\/www.cyn91.fr\/#website\",\"url\":\"https:\/\/www.cyn91.fr\/\",\"name\":\"Club Yerrois de Natation\",\"description\":\"Club Yerrois de Natation\",\"publisher\":{\"@id\":\"https:\/\/www.cyn91.fr\/#organization\"},\"potentialAction\":[{\"@type\":\"SearchAction\",\"target\":\"https:\/\/www.cyn91.fr\/?s={search_term_string}\",\"query-input\":\"required name=search_term_string\"}],\"inLanguage\":\"fr-FR\"},{\"@type\":\"WebPage\",\"@id\":\"https:\/\/www.cyn91.fr\/index.php\/suivez-notre-actualite\/#webpage\",\"url\":\"https:\/\/www.cyn91.fr\/index.php\/suivez-notre-actualite\/\",\"name\":\"Suivez notre actualit\\u00e9 - Club Yerrois de Natation\",\"isPartOf\":{\"@id\":\"https:\/\/www.cyn91.fr\/#website\"},\"datePublished\":\"2019-01-30T21:45:38+00:00\",\"dateModified\":\"2019-01-30T21:48:33+00:00\",\"breadcrumb\":{\"@id\":\"https:\/\/www.cyn91.fr\/index.php\/suivez-notre-actualite\/#breadcrumb\"},\"inLanguage\":\"fr-FR\",\"potentialAction\":[{\"@type\":\"ReadAction\",\"target\":[\"https:\/\/www.cyn91.fr\/index.php\/suivez-notre-actualite\/\"]}]},{\"@type\":\"BreadcrumbList\",\"@id\":\"https:\/\/www.cyn91.fr\/index.php\/suivez-notre-actualite\/#breadcrumb\",\"itemListElement\":[{\"@type\":\"ListItem\",\"position\":1,\"name\":\"Accueil\",\"item\":\"https:\/\/www.cyn91.fr\/\"},{\"@type\":\"ListItem\",\"position\":2,\"name\":\"Suivez notre actualit\\u00e9\"}]}]}<\/script>\n<!-- \/ Yoast SEO plugin. -->","coauthors":[],"author_meta":{"author_link":"https:\/\/www.cyn91.fr\/index.php\/author\/mikchek91\/","display_name":"Michael"},"relative_dates":{"created":"Publi\u00e9 7 ans il y a","modified":"Mis \u00e0 jour 7 ans il y a"},"absolute_dates":{"created":"Publi\u00e9 le 30 janvier 2019","modified":"Mise \u00e0 jour le 30 janvier 2019"},"absolute_dates_time":{"created":"Publi\u00e9 le 30 janvier 2019 22 h 45 min","modified":"Mise \u00e0 jour le 30 janvier 2019 22 h 48 min"},"featured_img_caption":"","featured_img":false,"series_order":"","post_mailing_queue_ids":[],"_links":{"self":[{"href":"https:\/\/www.cyn91.fr\/index.php\/wp-json\/wp\/v2\/pages\/3333"}],"collection":[{"href":"https:\/\/www.cyn91.fr\/index.php\/wp-json\/wp\/v2\/pages"}],"about":[{"href":"https:\/\/www.cyn91.fr\/index.php\/wp-json\/wp\/v2\/types\/page"}],"author":[{"embeddable":true,"href":"https:\/\/www.cyn91.fr\/index.php\/wp-json\/wp\/v2\/users\/1"}],"replies":[{"embeddable":true,"href":"https:\/\/www.cyn91.fr\/index.php\/wp-json\/wp\/v2\/comments?post=3333"}],"version-history":[{"count":0,"href":"https:\/\/www.cyn91.fr\/index.php\/wp-json\/wp\/v2\/pages\/3333\/revisions"}],"wp:attachment":[{"href":"https:\/\/www.cyn91.fr\/index.php\/wp-json\/wp\/v2\/media?parent=3333"}],"curies":[{"name":"wp","href":"https:\/\/api.w.org\/{rel}","templated":true}]}}