{"id":7259,"date":"2019-02-08T17:06:23","date_gmt":"2019-02-08T16:06:23","guid":{"rendered":"https:\/\/www.cyn91.fr\/index.php\/blog\/"},"modified":"2019-05-22T17:34:39","modified_gmt":"2019-05-22T15:34:39","slug":"moncompte","status":"publish","type":"page","link":"https:\/\/www.cyn91.fr\/index.php\/moncompte\/","title":{"rendered":"MON COMPTE"},"content":{"rendered":"<p>[vc_row][vc_column][vc_raw_html]JTNDaWZyYW1lJTIwaWQlM0QlMjJpZnJhbWVfYXNzb2Nvbm5lY3RfYWNjb3VudCUyMiUyMCUwQSUwOXNyYyUzRCUyMmh0dHBzJTNBJTJGJTJGY3luLmFzc29jb25uZWN0LmNvbSUyMiUyMCUwQSUwOXdpZHRoJTNEJTIyMTAwJTI1JTIyJTIwJTBBJTA5c3R5bGUlM0QlMjJvdmVyZmxvdyUzQSUyMGhpZGRlbiUzQiUyMGJvcmRlciUzQSUyMDAlM0IlMjBtYXgtaGVpZ2h0JTNBJTIwbm9uZSUzQiUyMiUyMCUwQSUwOXNjcm9sbGluZyUzRCUyMm5vJTIyJTIwJTBBJTA5b25sb2FkJTNEJTIyd2luZG93LmxvY2F0aW9uLmhyZWYlM0QlMjclMjNpZnJhbWVfYXNzb2Nvbm5lY3RfYWNjb3VudCUyNyUyMiUzRSUwQSUzQyUyRmlmcmFtZSUzRSUwQSUzQ3NjcmlwdCUzRXdpbmRvdy5hZGRFdmVudExpc3RlbmVyJTI4JTIybWVzc2FnZSUyMiUyQyUyMGZ1bmN0aW9uJTI4ZXZlbnQlMjklMjAlN0JpZiUyOGV2ZW50LmRhdGEuYWN0aW9uJTIwJTNEJTNEJTNEJTIwJTIyaWZyYW1lLmhlaWdodCUyMiUyMCUyNiUyNiUyMGV2ZW50Lm9yaWdpbiUyMCUzRCUzRCUzRCUyMCUyMmh0dHBzJTNBJTJGJTJGY3luLmFzc29jb25uZWN0LmNvbSUyMiUyOSU3QmRvY3VtZW50LmdldEVsZW1lbnRCeUlkJTI4JTIyaWZyYW1lX2Fzc29jb25uZWN0X2FjY291bnQlMjIlMjkuaGVpZ2h0JTIwJTNEJTIwZXZlbnQuZGF0YS5oZWlnaHQlM0IlN0QlN0QlMjklM0IlM0MlMkZzY3JpcHQlM0UlMEElM0NzdHlsZSUzRSUyM2lmcmFtZV9hc3NvY29ubmVjdF9hY2NvdW50JTdCYm9yZGVyJTNBJTIwMCU3RCUzQyUyRnN0eWxlJTNF[\/vc_raw_html][\/vc_column][\/vc_row]<\/p>\n","protected":false},"excerpt":{"rendered":"<p>[vc_row][vc_column][vc_raw_html]JTNDaWZyYW1lJTIwaWQlM0QlMjJpZnJhbWVfYXNzb2Nvbm5lY3RfYWNjb3VudCUyMiUyMCUwQSUwOXNyYyUzRCUyMmh0dHBzJTNBJTJGJTJGY3luLmFzc29jb25uZWN0LmNvbSUyMiUyMCUwQSUwOXdpZHRoJTNEJTIyMTAwJTI1JTIyJTIwJTBBJTA5c3R5bGUlM0QlMjJvdmVyZmxvdyUzQSUyMGhpZGRlbiUzQiUyMGJvcmRlciUzQSUyMDAlM0IlMjBtYXgtaGVpZ2h0JTNBJTIwbm9uZSUzQiUyMiUyMCUwQSUwOXNjcm9sbGluZyUzRCUyMm5vJTIyJTIwJTBBJTA5b25sb2FkJTNEJTIyd2luZG93LmxvY2F0aW9uLmhyZWYlM0QlMjclMjNpZnJhbWVfYXNzb2Nvbm5lY3RfYWNjb3VudCUyNyUyMiUzRSUwQSUzQyUyRmlmcmFtZSUzRSUwQSUzQ3NjcmlwdCUzRXdpbmRvdy5hZGRFdmVudExpc3RlbmVyJTI4JTIybWVzc2FnZSUyMiUyQyUyMGZ1bmN0aW9uJTI4ZXZlbnQlMjklMjAlN0JpZiUyOGV2ZW50LmRhdGEuYWN0aW9uJTIwJTNEJTNEJTNEJTIwJTIyaWZyYW1lLmhlaWdodCUyMiUyMCUyNiUyNiUyMGV2ZW50Lm9yaWdpbiUyMCUzRCUzRCUzRCUyMCUyMmh0dHBzJTNBJTJGJTJGY3luLmFzc29jb25uZWN0LmNvbSUyMiUyOSU3QmRvY3VtZW50LmdldEVsZW1lbnRCeUlkJTI4JTIyaWZyYW1lX2Fzc29jb25uZWN0X2FjY291bnQlMjIlMjkuaGVpZ2h0JTIwJTNEJTIwZXZlbnQuZGF0YS5oZWlnaHQlM0IlN0QlN0QlMjklM0IlM0MlMkZzY3JpcHQlM0UlMEElM0NzdHlsZSUzRSUyM2lmcmFtZV9hc3NvY29ubmVjdF9hY2NvdW50JTdCYm9yZGVyJTNBJTIwMCU3RCUzQyUyRnN0eWxlJTNF[\/vc_raw_html][\/vc_column][\/vc_row]<\/p>\n","protected":false},"author":1,"featured_media":0,"parent":0,"menu_order":6,"comment_status":"closed","ping_status":"closed","template":"","meta":{"advgb_blocks_editor_width":"","advgb_blocks_columns_visual_guide":""},"yoast_head":"<!-- This site is optimized with the Yoast SEO plugin v16.5 - https:\/\/yoast.com\/wordpress\/plugins\/seo\/ -->\n<title>MON COMPTE - Club Yerrois de Natation<\/title>\n<meta name=\"robots\" content=\"index, follow, max-snippet:-1, max-image-preview:large, max-video-preview:-1\" \/>\n<link rel=\"canonical\" href=\"https:\/\/www.cyn91.fr\/index.php\/moncompte\/\" \/>\n<meta property=\"og:locale\" content=\"fr_FR\" \/>\n<meta property=\"og:type\" content=\"article\" \/>\n<meta property=\"og:title\" content=\"MON COMPTE - Club Yerrois de Natation\" \/>\n<meta property=\"og:description\" content=\"[vc_row][vc_column][vc_raw_html]JTNDaWZyYW1lJTIwaWQlM0QlMjJpZnJhbWVfYXNzb2Nvbm5lY3RfYWNjb3VudCUyMiUyMCUwQSUwOXNyYyUzRCUyMmh0dHBzJTNBJTJGJTJGY3luLmFzc29jb25uZWN0LmNvbSUyMiUyMCUwQSUwOXdpZHRoJTNEJTIyMTAwJTI1JTIyJTIwJTBBJTA5c3R5bGUlM0QlMjJvdmVyZmxvdyUzQSUyMGhpZGRlbiUzQiUyMGJvcmRlciUzQSUyMDAlM0IlMjBtYXgtaGVpZ2h0JTNBJTIwbm9uZSUzQiUyMiUyMCUwQSUwOXNjcm9sbGluZyUzRCUyMm5vJTIyJTIwJTBBJTA5b25sb2FkJTNEJTIyd2luZG93LmxvY2F0aW9uLmhyZWYlM0QlMjclMjNpZnJhbWVfYXNzb2Nvbm5lY3RfYWNjb3VudCUyNyUyMiUzRSUwQSUzQyUyRmlmcmFtZSUzRSUwQSUzQ3NjcmlwdCUzRXdpbmRvdy5hZGRFdmVudExpc3RlbmVyJTI4JTIybWVzc2FnZSUyMiUyQyUyMGZ1bmN0aW9uJTI4ZXZlbnQlMjklMjAlN0JpZiUyOGV2ZW50LmRhdGEuYWN0aW9uJTIwJTNEJTNEJTNEJTIwJTIyaWZyYW1lLmhlaWdodCUyMiUyMCUyNiUyNiUyMGV2ZW50Lm9yaWdpbiUyMCUzRCUzRCUzRCUyMCUyMmh0dHBzJTNBJTJGJTJGY3luLmFzc29jb25uZWN0LmNvbSUyMiUyOSU3QmRvY3VtZW50LmdldEVsZW1lbnRCeUlkJTI4JTIyaWZyYW1lX2Fzc29jb25uZWN0X2FjY291bnQlMjIlMjkuaGVpZ2h0JTIwJTNEJTIwZXZlbnQuZGF0YS5oZWlnaHQlM0IlN0QlN0QlMjklM0IlM0MlMkZzY3JpcHQlM0UlMEElM0NzdHlsZSUzRSUyM2lmcmFtZV9hc3NvY29ubmVjdF9hY2NvdW50JTdCYm9yZGVyJTNBJTIwMCU3RCUzQyUyRnN0eWxlJTNF[\/vc_raw_html][\/vc_column][\/vc_row]\" \/>\n<meta property=\"og:url\" content=\"https:\/\/www.cyn91.fr\/index.php\/moncompte\/\" \/>\n<meta property=\"og:site_name\" content=\"Club Yerrois de Natation\" \/>\n<meta property=\"article:publisher\" content=\"https:\/\/www.facebook.com\/ClubYerroisNatation\" \/>\n<meta property=\"article:modified_time\" content=\"2019-05-22T15:34:39+00:00\" \/>\n<meta name=\"twitter:card\" content=\"summary_large_image\" \/>\n<meta name=\"twitter:label1\" content=\"Dur\u00e9e de lecture est.\" \/>\n\t<meta name=\"twitter:data1\" content=\"1 minute\" \/>\n<script type=\"application\/ld+json\" class=\"yoast-schema-graph\">{\"@context\":\"https:\/\/schema.org\",\"@graph\":[{\"@type\":\"Organization\",\"@id\":\"https:\/\/www.cyn91.fr\/#organization\",\"name\":\"Club Yerrois de Natation\",\"url\":\"https:\/\/www.cyn91.fr\/\",\"sameAs\":[\"https:\/\/www.facebook.com\/ClubYerroisNatation\"],\"logo\":{\"@type\":\"ImageObject\",\"@id\":\"https:\/\/www.cyn91.fr\/#logo\",\"inLanguage\":\"fr-FR\",\"url\":\"https:\/\/www.cyn91.fr\/wp-content\/uploads\/Logos\/Logo-cyn_sans-texte_150x75.png\",\"contentUrl\":\"https:\/\/www.cyn91.fr\/wp-content\/uploads\/Logos\/Logo-cyn_sans-texte_150x75.png\",\"width\":150,\"height\":75,\"caption\":\"Club Yerrois de Natation\"},\"image\":{\"@id\":\"https:\/\/www.cyn91.fr\/#logo\"}},{\"@type\":\"WebSite\",\"@id\":\"https:\/\/www.cyn91.fr\/#website\",\"url\":\"https:\/\/www.cyn91.fr\/\",\"name\":\"Club Yerrois de Natation\",\"description\":\"Club Yerrois de Natation\",\"publisher\":{\"@id\":\"https:\/\/www.cyn91.fr\/#organization\"},\"potentialAction\":[{\"@type\":\"SearchAction\",\"target\":\"https:\/\/www.cyn91.fr\/?s={search_term_string}\",\"query-input\":\"required name=search_term_string\"}],\"inLanguage\":\"fr-FR\"},{\"@type\":\"WebPage\",\"@id\":\"https:\/\/www.cyn91.fr\/index.php\/moncompte\/#webpage\",\"url\":\"https:\/\/www.cyn91.fr\/index.php\/moncompte\/\",\"name\":\"MON COMPTE - Club Yerrois de Natation\",\"isPartOf\":{\"@id\":\"https:\/\/www.cyn91.fr\/#website\"},\"datePublished\":\"2019-02-08T16:06:23+00:00\",\"dateModified\":\"2019-05-22T15:34:39+00:00\",\"breadcrumb\":{\"@id\":\"https:\/\/www.cyn91.fr\/index.php\/moncompte\/#breadcrumb\"},\"inLanguage\":\"fr-FR\",\"potentialAction\":[{\"@type\":\"ReadAction\",\"target\":[\"https:\/\/www.cyn91.fr\/index.php\/moncompte\/\"]}]},{\"@type\":\"BreadcrumbList\",\"@id\":\"https:\/\/www.cyn91.fr\/index.php\/moncompte\/#breadcrumb\",\"itemListElement\":[{\"@type\":\"ListItem\",\"position\":1,\"name\":\"Accueil\",\"item\":\"https:\/\/www.cyn91.fr\/\"},{\"@type\":\"ListItem\",\"position\":2,\"name\":\"MON COMPTE\"}]}]}<\/script>\n<!-- \/ Yoast SEO plugin. -->","coauthors":[],"author_meta":{"author_link":"https:\/\/www.cyn91.fr\/index.php\/author\/mikchek91\/","display_name":"Michael"},"relative_dates":{"created":"Publi\u00e9 7 ans il y a","modified":"Mis \u00e0 jour 7 ans il y a"},"absolute_dates":{"created":"Publi\u00e9 le 8 f\u00e9vrier 2019","modified":"Mise \u00e0 jour le 22 mai 2019"},"absolute_dates_time":{"created":"Publi\u00e9 le 8 f\u00e9vrier 2019 17 h 06 min","modified":"Mise \u00e0 jour le 22 mai 2019 17 h 34 min"},"featured_img_caption":"","featured_img":false,"series_order":"","post_mailing_queue_ids":[],"_links":{"self":[{"href":"https:\/\/www.cyn91.fr\/index.php\/wp-json\/wp\/v2\/pages\/7259"}],"collection":[{"href":"https:\/\/www.cyn91.fr\/index.php\/wp-json\/wp\/v2\/pages"}],"about":[{"href":"https:\/\/www.cyn91.fr\/index.php\/wp-json\/wp\/v2\/types\/page"}],"author":[{"embeddable":true,"href":"https:\/\/www.cyn91.fr\/index.php\/wp-json\/wp\/v2\/users\/1"}],"replies":[{"embeddable":true,"href":"https:\/\/www.cyn91.fr\/index.php\/wp-json\/wp\/v2\/comments?post=7259"}],"version-history":[{"count":3,"href":"https:\/\/www.cyn91.fr\/index.php\/wp-json\/wp\/v2\/pages\/7259\/revisions"}],"predecessor-version":[{"id":14408,"href":"https:\/\/www.cyn91.fr\/index.php\/wp-json\/wp\/v2\/pages\/7259\/revisions\/14408"}],"wp:attachment":[{"href":"https:\/\/www.cyn91.fr\/index.php\/wp-json\/wp\/v2\/media?parent=7259"}],"curies":[{"name":"wp","href":"https:\/\/api.w.org\/{rel}","templated":true}]}}